{"id":6487,"date":"2025-07-24T11:21:16","date_gmt":"2025-07-24T09:21:16","guid":{"rendered":"https:\/\/divotecosmetics.com\/?post_type=product&#038;p=6487"},"modified":"2026-02-19T12:30:42","modified_gmt":"2026-02-19T11:30:42","slug":"mixsoon-master-serum","status":"publish","type":"product","link":"https:\/\/divotecosmetics.com\/hr\/shop\/njega-koze\/mixsoon-master-serum\/","title":{"rendered":"Mixsoon Master Serum"},"content":{"rendered":"<p><a href=\"https:\/\/divotecosmetics.com\/hr\/brands\/mixsoon\/\">Mixsoon<\/a> Master Serum je umiruju\u0107i i hidratantni serum lagane teksture koji ja\u010da ko\u017enu barijeru i \u0161titi suhu, osjetljivu ko\u017eu. Oboga\u0107en Bifida fermentom, ekstraktom Centelle Asiatice i hijaluronskom kiselinom, dubinski <a href=\"https:\/\/divotecosmetics.com\/hr\/product-type\/hidratacija\/?yith_wcan=1&#038;orderby=popularity&#038;product_cat=njega-koze\">hidratizira<\/a> i umiruje.<\/p>\n","protected":false},"excerpt":{"rendered":"<p>Ova formula bogata bifida fermentom, hijaluronskom kiselinom i ekstraktom cice zaslu\u017ena je za ja\u010danje za\u0161titne barijere ko\u017ee.<\/p>\n","protected":false},"featured_media":6481,"comment_status":"closed","ping_status":"closed","template":"","meta":{"_acf_changed":false,"_seopress_robots_primary_cat":"none","_seopress_titles_title":"Master Serum - Mixsoon - DIVOTE Cosmetics","_seopress_titles_desc":"Master Serum -o va formula bogata bifida fermentom, hijaluronskom kiselinom i ekstraktom cice zaslu\u017ena je za ja\u010danje za\u0161titne barijere ko\u017ee.","_seopress_robots_index":"","inline_featured_image":false},"product_brand":[360],"product_cat":[94],"product_tag":[119,254,255,314,307,266,333],"class_list":{"0":"post-6487","1":"product","2":"type-product","3":"status-publish","4":"has-post-thumbnail","6":"product_brand-mixsoon","7":"product_cat-njega-koze","8":"product_tag-fine-lines-hr","9":"product_tag-glass-skin-hr","10":"product_tag-glow-hr","11":"product_tag-hydration-hr-2","12":"product_tag-moisturiser-hr","13":"product_tag-sensitive-skin-hr","14":"product_tag-volume-hr","15":"pa_brands-mixsoon","16":"pa_ingredients-centella-asiatica-hr","17":"pa_ingredients-hyaluronic-acid-hr","18":"pa_ingredients-panthenol-hr","19":"pa_product-type-serum-hr","20":"pa_skin-concerns-hydration-hr","21":"pa_skin-concerns-moisturizer","22":"pa_skin-type-oily-skin-hr","23":"pa_skin-type-normal-skin-hr","24":"pa_skin-type-sensitive-skin-hr","25":"pa_skin-type-dry-skin-hr","26":"pa_skin-type-all-skin-types-hr","27":"pa_skin-type-mature-skin-hr","29":"first","30":"instock","31":"taxable","32":"shipping-taxable","33":"purchasable","34":"product-type-simple"},"acf":[],"_links":{"self":[{"href":"https:\/\/divotecosmetics.com\/hr\/wp-json\/wp\/v2\/product\/6487","targetHints":{"allow":["GET"]}}],"collection":[{"href":"https:\/\/divotecosmetics.com\/hr\/wp-json\/wp\/v2\/product"}],"about":[{"href":"https:\/\/divotecosmetics.com\/hr\/wp-json\/wp\/v2\/types\/product"}],"replies":[{"embeddable":true,"href":"https:\/\/divotecosmetics.com\/hr\/wp-json\/wp\/v2\/comments?post=6487"}],"wp:featuredmedia":[{"embeddable":true,"href":"https:\/\/divotecosmetics.com\/hr\/wp-json\/wp\/v2\/media\/6481"}],"wp:attachment":[{"href":"https:\/\/divotecosmetics.com\/hr\/wp-json\/wp\/v2\/media?parent=6487"}],"wp:term":[{"taxonomy":"product_brand","embeddable":true,"href":"https:\/\/divotecosmetics.com\/hr\/wp-json\/wp\/v2\/product_brand?post=6487"},{"taxonomy":"product_cat","embeddable":true,"href":"https:\/\/divotecosmetics.com\/hr\/wp-json\/wp\/v2\/product_cat?post=6487"},{"taxonomy":"product_tag","embeddable":true,"href":"https:\/\/divotecosmetics.com\/hr\/wp-json\/wp\/v2\/product_tag?post=6487"}],"curies":[{"name":"wp","href":"https:\/\/api.w.org\/{rel}","templated":true}]}}