{"id":6452,"date":"2025-07-21T14:52:44","date_gmt":"2025-07-21T12:52:44","guid":{"rendered":"https:\/\/divotecosmetics.com\/?post_type=product&#038;p=6452"},"modified":"2026-01-26T14:03:10","modified_gmt":"2026-01-26T13:03:10","slug":"mixsoon-master-pjenasti-cistac","status":"publish","type":"product","link":"https:\/\/divotecosmetics.com\/hr\/shop\/njega-koze\/mixsoon-master-pjenasti-cistac\/","title":{"rendered":"mixsoon Master pjenasti \u010dista\u010d"},"content":{"rendered":"<p><a href=\"https:\/\/divotecosmetics.com\/hr\/brands\/mixsoon\/\">Mixsoon<\/a> Master Gentle Recipe Foam Cleanser oboga\u0107en je ekstraktom centelle asiatice, prahom houttuynia cordata i madecassosidom. Ovaj \u010dista\u010d u\u010dinkovito uklanja vi\u0161ak sebuma i mrtve stanice ko\u017ee, ostavljaju\u0107i ko\u017eu \u010distom i umirenom. Gelasta tekstura brzo se pretvara u bogatu pjenu za nje\u017eno, ali temeljito \u010di\u0161\u0107enje, uz <a href=\"https:\/\/divotecosmetics.com\/hr\/product-type\/hidratacija\/?yith_wcan=1&#038;orderby=popularity&#038;product_cat=njega-koze\">hidratantna<\/a> svojstva.<\/p>\n","protected":false},"excerpt":{"rendered":"<p><a href=\"https:\/\/divotecosmetics.com\/hr\/predstavljanje-brenda-mixsoon-prirodna-njega-za-zdravu-kozu\/\">Mixsoon<\/a> Master Gentle Recipe Foam Cleanser u\u010dinkovito uklanja vi\u0161ak sebuma i mrtve stanice ko\u017ee, bez isu\u0161ivanja, ostavljaju\u0107i ko\u017eu \u010distom, mekom i uravnote\u017eenom.<\/p>\n","protected":false},"featured_media":6443,"comment_status":"closed","ping_status":"closed","template":"","meta":{"_acf_changed":false,"_seopress_robots_primary_cat":"none","_seopress_titles_title":"Master Gentle Recipe Foam Cleanser - DIVOTE","_seopress_titles_desc":"Master Gentle Recipe Foam Cleanser u\u010dinkovito uklanja vi\u0161ak sebuma i mrtve stanice ko\u017ee, bez isu\u0161ivanja, ostavljaju\u0107i ko\u017eu \u010distom, mekom..","_seopress_robots_index":"","inline_featured_image":false},"product_brand":[],"product_cat":[94],"product_tag":[250,254,314,261],"class_list":{"0":"post-6452","1":"product","2":"type-product","3":"status-publish","4":"has-post-thumbnail","6":"product_cat-njega-koze","7":"product_tag-cleansing-hr","8":"product_tag-glass-skin-hr","9":"product_tag-hydration-hr-2","10":"product_tag-peeling-hr","11":"pa_brands-mixsoon","12":"pa_ingredients-centella-asiatica-hr","13":"pa_skin-concerns-pore-care-hr","14":"pa_skin-type-oily-skin-hr","15":"pa_skin-type-sensitive-skin-hr","16":"pa_skin-type-all-skin-types-hr","18":"first","19":"instock","20":"taxable","21":"shipping-taxable","22":"purchasable","23":"product-type-simple"},"acf":[],"_links":{"self":[{"href":"https:\/\/divotecosmetics.com\/hr\/wp-json\/wp\/v2\/product\/6452","targetHints":{"allow":["GET"]}}],"collection":[{"href":"https:\/\/divotecosmetics.com\/hr\/wp-json\/wp\/v2\/product"}],"about":[{"href":"https:\/\/divotecosmetics.com\/hr\/wp-json\/wp\/v2\/types\/product"}],"replies":[{"embeddable":true,"href":"https:\/\/divotecosmetics.com\/hr\/wp-json\/wp\/v2\/comments?post=6452"}],"wp:featuredmedia":[{"embeddable":true,"href":"https:\/\/divotecosmetics.com\/hr\/wp-json\/wp\/v2\/media\/6443"}],"wp:attachment":[{"href":"https:\/\/divotecosmetics.com\/hr\/wp-json\/wp\/v2\/media?parent=6452"}],"wp:term":[{"taxonomy":"product_brand","embeddable":true,"href":"https:\/\/divotecosmetics.com\/hr\/wp-json\/wp\/v2\/product_brand?post=6452"},{"taxonomy":"product_cat","embeddable":true,"href":"https:\/\/divotecosmetics.com\/hr\/wp-json\/wp\/v2\/product_cat?post=6452"},{"taxonomy":"product_tag","embeddable":true,"href":"https:\/\/divotecosmetics.com\/hr\/wp-json\/wp\/v2\/product_tag?post=6452"}],"curies":[{"name":"wp","href":"https:\/\/api.w.org\/{rel}","templated":true}]}}