{"id":6363,"date":"2025-07-18T12:57:50","date_gmt":"2025-07-18T10:57:50","guid":{"rendered":"https:\/\/divotecosmetics.com\/?post_type=product&#038;p=6363"},"modified":"2026-03-10T08:45:23","modified_gmt":"2026-03-10T07:45:23","slug":"haruharu-wonder-serum-s-centellom-i-4-txa-za-ublazavanje-tamnih-mrlja","status":"publish","type":"product","link":"https:\/\/divotecosmetics.com\/hr\/shop\/njega-koze\/haruharu-wonder-serum-s-centellom-i-4-txa-za-ublazavanje-tamnih-mrlja\/","title":{"rendered":"Haruharu Wonder serum s centellom i 4% TXA za ubla\u017eavanje tamnih mrlja"},"content":{"rendered":"<article class=\"text-token-text-primary w-full\" dir=\"auto\" data-testid=\"conversation-turn-20\" data-scroll-anchor=\"true\">\n<div class=\"text-base my-auto mx-auto pb-10 [--thread-content-margin:--spacing(4)] @[37rem]:[--thread-content-margin:--spacing(6)] @[72rem]:[--thread-content-margin:--spacing(16)] px-(--thread-content-margin)\">\n<div class=\"[--thread-content-max-width:32rem] @[34rem]:[--thread-content-max-width:40rem] @[64rem]:[--thread-content-max-width:48rem] mx-auto flex max-w-(--thread-content-max-width) flex-1 text-base gap-4 md:gap-5 lg:gap-6 group\/turn-messages focus-visible:outline-hidden\" tabindex=\"-1\">\n<div class=\"group\/conversation-turn relative flex w-full min-w-0 flex-col agent-turn\">\n<div class=\"relative flex-col gap-1 md:gap-3\">\n<div class=\"flex max-w-full flex-col grow\">\n<div class=\"min-h-8 text-message relative flex w-full flex-col items-end gap-2 text-start break-words whitespace-normal [.text-message+&amp;]:mt-5\" dir=\"auto\" data-message-author-role=\"assistant\" data-message-id=\"54e8f2cb-e1f1-4e14-8676-255e43a82d36\" data-message-model-slug=\"gpt-4o\">\n<div class=\"flex w-full flex-col gap-1 empty:hidden first:pt-[3px]\">\n<div class=\"markdown prose dark:prose-invert w-full break-words light\">\n<p data-start=\"0\" data-end=\"386\"><a href=\"https:\/\/divotecosmetics.com\/hr\/brands\/haruharu\/\">Haruharu<\/a> Wonder Centella 4% TXA Dark Spot Go Away Serum formuliran je s posebnom trostrukom formulom koja tretira i sprje\u010dava hiperpigmentaciju i tamne mrlje iznutra prema van. Sadr\u017ei 4% traneksami\u010dne kiseline i antioksidansima bogat patentirani n.Pearin, dobiven iz ekolo\u0161ki recikliranih baby kru\u0161aka, koji smanjuju postoje\u0107e tamne mrlje i sprje\u010davaju njihovo nastajanje duboko u ko\u017ei.<\/p>\n<p data-start=\"388\" data-end=\"598\">Dodatak vitamina C i niacinamida djeluje u sinergiji s traneksami\u010dnom kiselinom kako bi se smanjila hiperpigmentacija i sprije\u010dilo stvaranje vi\u0161ka melanina, uz antioksidativni, anti-age i posvjetljuju\u0107i u\u010dinak.<\/p>\n<p data-start=\"600\" data-end=\"786\" data-is-last-node=\"\" data-is-only-node=\"\">Formula je pogodna za sve tipove ko\u017ee, uklju\u010duju\u0107i i osjetljivu, pa svatko mo\u017ee otkriti i odr\u017eavati blistavu, ujedna\u010denu put \u2013 i re\u0107i sna\u017eno \u201czbogom!\u201d tamnim mrljama i <a href=\"https:\/\/divotecosmetics.com\/hr\/skin-concerns\/hyperpigmentation-hr\/?yith_wcan=1&#038;orderby=popularity&#038;product_cat=njega-koze\">hiperpigmentaciji<\/a>.<\/p>\n<\/div>\n<\/div>\n<\/div>\n<\/div>\n<div class=\"mx-[var(--mini-thread-content-inset)]\">\n<div class=\"flex min-h-[46px] justify-start\"><\/div>\n<\/div>\n<\/div>\n<div class=\"aria-live=polite absolute\">\n<div class=\"flex items-center justify-center\"><\/div>\n<\/div>\n<\/div>\n<\/div>\n<\/div>\n<\/article>\n<div class=\"pointer-events-none h-px w-px\" aria-hidden=\"true\" data-edge=\"true\"><\/div>\n","protected":false},"excerpt":{"rendered":"<p><a href=\"https:\/\/divotecosmetics.com\/hr\/predstavljamo-haruharu-wonder-jos-bolja-prirodna-njega-koze\/\">Haruharu Wonder<\/a> Centella 4% TXA Dark Spot Go Away Serum oboga\u0107en je Centella kompleksom i askorbinskom kiselinom kako bi umirio ko\u017eu i pru\u017eio blistav, zdrav izgled. Brzo upijaju\u0107a gelasta formula <a href=\"https:\/\/divotecosmetics.com\/hr\/product-type\/hidratacija\/?yith_wcan=1&#038;orderby=popularity&#038;product_cat=njega-koze\">hidratizira<\/a> bez osje\u0107aja ljepljivosti.<\/p>\n","protected":false},"featured_media":6387,"comment_status":"closed","ping_status":"closed","template":"","meta":{"_acf_changed":false,"_seopress_robots_primary_cat":"none","_seopress_titles_title":"Centella 4% TXA Dark Spot Go Away Serum - DIVOTE","_seopress_titles_desc":"Centella 4% TXA Dark Spot Go Away Serum oboga\u0107en je Centella kompleksom i askorbinskom kiselinom kako bi umirio ko\u017eu i pru\u017eio blistav izgled..","_seopress_robots_index":"","inline_featured_image":false},"product_brand":[],"product_cat":[94],"product_tag":[249,251,255,314,258,266],"class_list":{"0":"post-6363","1":"product","2":"type-product","3":"status-publish","4":"has-post-thumbnail","6":"product_cat-njega-koze","7":"product_tag-brightening-hr","8":"product_tag-dark-spots-hr","9":"product_tag-glow-hr","10":"product_tag-hydration-hr-2","11":"product_tag-hyperpigmentation-hr","12":"product_tag-sensitive-skin-hr","13":"pa_brands-haruharu","14":"pa_ingredients-niacinamide-hr","15":"pa_product-type-serum-hr","16":"pa_skin-concerns-hyperpigmentation-hr","17":"pa_skin-type-all-skin-types-hr","19":"first","20":"instock","21":"taxable","22":"shipping-taxable","23":"purchasable","24":"product-type-simple"},"acf":[],"_links":{"self":[{"href":"https:\/\/divotecosmetics.com\/hr\/wp-json\/wp\/v2\/product\/6363","targetHints":{"allow":["GET"]}}],"collection":[{"href":"https:\/\/divotecosmetics.com\/hr\/wp-json\/wp\/v2\/product"}],"about":[{"href":"https:\/\/divotecosmetics.com\/hr\/wp-json\/wp\/v2\/types\/product"}],"replies":[{"embeddable":true,"href":"https:\/\/divotecosmetics.com\/hr\/wp-json\/wp\/v2\/comments?post=6363"}],"wp:featuredmedia":[{"embeddable":true,"href":"https:\/\/divotecosmetics.com\/hr\/wp-json\/wp\/v2\/media\/6387"}],"wp:attachment":[{"href":"https:\/\/divotecosmetics.com\/hr\/wp-json\/wp\/v2\/media?parent=6363"}],"wp:term":[{"taxonomy":"product_brand","embeddable":true,"href":"https:\/\/divotecosmetics.com\/hr\/wp-json\/wp\/v2\/product_brand?post=6363"},{"taxonomy":"product_cat","embeddable":true,"href":"https:\/\/divotecosmetics.com\/hr\/wp-json\/wp\/v2\/product_cat?post=6363"},{"taxonomy":"product_tag","embeddable":true,"href":"https:\/\/divotecosmetics.com\/hr\/wp-json\/wp\/v2\/product_tag?post=6363"}],"curies":[{"name":"wp","href":"https:\/\/api.w.org\/{rel}","templated":true}]}}