{"id":6290,"date":"2025-07-18T11:24:39","date_gmt":"2025-07-18T09:24:39","guid":{"rendered":"https:\/\/divotecosmetics.com\/?post_type=product&#038;p=6290"},"modified":"2026-01-29T19:20:39","modified_gmt":"2026-01-29T18:20:39","slug":"haruharu-wonder-black-bamboo-nourishing-calming-hand-nail-cream","status":"publish","type":"product","link":"https:\/\/divotecosmetics.com\/hr\/shop\/njega-tijela\/haruharu-wonder-black-bamboo-nourishing-calming-hand-nail-cream\/","title":{"rendered":"HaruHaru Wonder Krema za ruke i nokte s ekstraktom crnog bambusa"},"content":{"rendered":"<article class=\"text-token-text-primary w-full\" dir=\"auto\" data-testid=\"conversation-turn-12\" data-scroll-anchor=\"true\">\n<div class=\"text-base my-auto mx-auto pb-10 [--thread-content-margin:--spacing(4)] @[37rem]:[--thread-content-margin:--spacing(6)] @[72rem]:[--thread-content-margin:--spacing(16)] px-(--thread-content-margin)\">\n<div class=\"[--thread-content-max-width:32rem] @[34rem]:[--thread-content-max-width:40rem] @[64rem]:[--thread-content-max-width:48rem] mx-auto flex max-w-(--thread-content-max-width) flex-1 text-base gap-4 md:gap-5 lg:gap-6 group\/turn-messages focus-visible:outline-hidden\" tabindex=\"-1\">\n<div class=\"group\/conversation-turn relative flex w-full min-w-0 flex-col agent-turn\">\n<div class=\"relative flex-col gap-1 md:gap-3\">\n<div class=\"flex max-w-full flex-col grow\">\n<div class=\"min-h-8 text-message relative flex w-full flex-col items-end gap-2 text-start break-words whitespace-normal [.text-message+&amp;]:mt-5\" dir=\"auto\" data-message-author-role=\"assistant\" data-message-id=\"e46b5b7d-a46c-41cb-a694-0d2faf1f3f9a\" data-message-model-slug=\"gpt-4o\">\n<div class=\"flex w-full flex-col gap-1 empty:hidden first:pt-[3px]\">\n<div class=\"markdown prose dark:prose-invert w-full break-words light\">\n<p data-start=\"0\" data-end=\"473\" data-is-last-node=\"\" data-is-only-node=\"\">Meke i hidratizirane ruke uz <a href=\"https:\/\/divotecosmetics.com\/hr\/predstavljamo-haruharu-wonder-jos-bolja-prirodna-njega-koze\/\">Haruharu<\/a> Nourishing Calming kremu za ruke od bambusa i Murumuru maslaca! U\u017eivajte u glatkim i nje\u017enim rukama bez osje\u0107aja ljepljivosti i masno\u0107e.<br data-start=\"127\" data-end=\"130\" \/>Voda, stabljike i ekstrakt crnog bambusa bogati mineralima i aminokiselinama pru\u017eaju dubinsku <a href=\"https:\/\/divotecosmetics.com\/hr\/product-type\/hidratacija\/?yith_wcan=1&#038;orderby=popularity&#038;product_cat=njega-koze\">hidrataciju<\/a> i njegu suhim i grubim rukama, uzrokovanima \u010destim pranjem u svakodnevnom \u017eivotu.<br data-start=\"317\" data-end=\"320\" \/>\u010cudotvorni Murumuru maslac i kokosovo ulje intenzivno njeguju ruke i ko\u017eicu oko noktiju te umiruju nadra\u017eenu ko\u017eu, dok pantenol stvara za\u0161titnu barijeru.<\/p>\n<\/div>\n<\/div>\n<\/div>\n<\/div>\n<\/div>\n<\/div>\n<\/div>\n<\/div>\n<\/article>\n<div class=\"pointer-events-none h-px w-px\" aria-hidden=\"true\" data-edge=\"true\"><\/div>\n","protected":false},"excerpt":{"rendered":"<p>Nje\u017ena hidratantna njega za ruke s ekstraktom lista bambusa, bambusovom vodom i ekstraktom izdanka bambusa \u2013 bogatima mineralima i aminokiselinama \u2013 koji njeguju suhu ko\u017eu i vra\u0107aju joj zdrav izgled.<\/p>\n","protected":false},"featured_media":6279,"comment_status":"open","ping_status":"closed","template":"","meta":{"_acf_changed":false,"_seopress_robots_primary_cat":"none","_seopress_titles_title":"Krema za ruke i nokte s ekstraktom crnog bambusa - Divote","_seopress_titles_desc":"Krema za ruke i nokte s ekstraktom crnog bambusa je nje\u017ena hidratantna njega za ruke s ekstraktom lista bambusa, bambusovom vodom i ekstraktom","_seopress_robots_index":"","inline_featured_image":false},"product_brand":[],"product_cat":[89],"product_tag":[314,307,266],"class_list":{"0":"post-6290","1":"product","2":"type-product","3":"status-publish","4":"has-post-thumbnail","6":"product_cat-njega-tijela","7":"product_tag-hydration-hr-2","8":"product_tag-moisturiser-hr","9":"product_tag-sensitive-skin-hr","10":"pa_brands-haruharu","11":"pa_product-type-krema-za-ruke","12":"pa_skin-concerns-hydration-hr","13":"pa_skin-type-dry-skin-hr","14":"pa_skin-type-all-skin-types-hr","16":"first","17":"instock","18":"taxable","19":"shipping-taxable","20":"purchasable","21":"product-type-simple"},"acf":[],"_links":{"self":[{"href":"https:\/\/divotecosmetics.com\/hr\/wp-json\/wp\/v2\/product\/6290","targetHints":{"allow":["GET"]}}],"collection":[{"href":"https:\/\/divotecosmetics.com\/hr\/wp-json\/wp\/v2\/product"}],"about":[{"href":"https:\/\/divotecosmetics.com\/hr\/wp-json\/wp\/v2\/types\/product"}],"replies":[{"embeddable":true,"href":"https:\/\/divotecosmetics.com\/hr\/wp-json\/wp\/v2\/comments?post=6290"}],"wp:featuredmedia":[{"embeddable":true,"href":"https:\/\/divotecosmetics.com\/hr\/wp-json\/wp\/v2\/media\/6279"}],"wp:attachment":[{"href":"https:\/\/divotecosmetics.com\/hr\/wp-json\/wp\/v2\/media?parent=6290"}],"wp:term":[{"taxonomy":"product_brand","embeddable":true,"href":"https:\/\/divotecosmetics.com\/hr\/wp-json\/wp\/v2\/product_brand?post=6290"},{"taxonomy":"product_cat","embeddable":true,"href":"https:\/\/divotecosmetics.com\/hr\/wp-json\/wp\/v2\/product_cat?post=6290"},{"taxonomy":"product_tag","embeddable":true,"href":"https:\/\/divotecosmetics.com\/hr\/wp-json\/wp\/v2\/product_tag?post=6290"}],"curies":[{"name":"wp","href":"https:\/\/api.w.org\/{rel}","templated":true}]}}