{"id":6198,"date":"2025-07-18T09:33:06","date_gmt":"2025-07-18T07:33:06","guid":{"rendered":"https:\/\/divotecosmetics.com\/?post_type=product&#038;p=6198"},"modified":"2026-04-02T12:30:21","modified_gmt":"2026-04-02T10:30:21","slug":"haruharu-wonder-esencija-za-jacanje-kozne-barijere-s-crnom-rizom-i-probioticima","status":"publish","type":"product","link":"https:\/\/divotecosmetics.com\/hr\/shop\/njega-koze\/haruharu-wonder-esencija-za-jacanje-kozne-barijere-s-crnom-rizom-i-probioticima\/","title":{"rendered":"Haruharu Wonder esencija za ja\u010danje ko\u017ene barijere s crnom ri\u017eom i probioticima"},"content":{"rendered":"<p><span style=\"font-size: 16px;\"><a href=\"https:\/\/divotecosmetics.com\/hr\/predstavljamo-haruharu-wonder-jos-bolja-prirodna-njega-koze\/\">Haruharu Wonder<\/a> Black Rice Probiotics Barrier Essence je kremasta, mlije\u010dna <a href=\"https:\/\/divotecosmetics.com\/hr\/esencije-korejski-beauty-ritual-koji-ne-smijete-preskociti\/\">esencija<\/a> prepuna hranjivih fermentiranih sastojaka i saveznika za ja\u010danje ko\u017ene barijere. Trostruka formula ceramida, zdravog kolesterola i masnih kiselina u savr\u0161enom omjeru (3:1:1) pru\u017ea va\u0161oj ko\u017ei sve \u0161to joj je potrebno da bude sna\u017ena, zdrava i da izgleda najbolje mogu\u0107e. Fermenti (Galactomyces ferment filtrat i Bifida ferment filtrat) dodatno poti\u010du elasti\u010dnost i <a href=\"https:\/\/divotecosmetics.com\/hr\/product-type\/hidratacija\/?yith_wcan=1&#038;orderby=popularity&#038;product_cat=njega-koze\">hidrataciju<\/a> ko\u017ee, te nje\u017eno uklanjaju odumrle stanice za glatku i ujedna\u010denu put.<\/span><\/p>\n<p>Savr\u0161ena esencija za blistavu, \u010dvrstu i zdravu ko\u017eu \u2013 iznutra i izvana.<\/p>\n","protected":false},"excerpt":{"rendered":"<p class=\"sr-only\"><span style=\"font-size: 16px;\">Kremasta, mlije\u010dna esencija oboga\u0107ena hranjivim fermentima i sastojcima koji ja\u010daju ko\u017enu barijeru, pobolj\u0161avaju elasti\u010dnost ko\u017ee i pru\u017eaju dubinsku hidrataciju.<\/span><\/p>\n","protected":false},"featured_media":6197,"comment_status":"open","ping_status":"closed","template":"","meta":{"_acf_changed":false,"_seopress_robots_primary_cat":"none","_seopress_titles_title":"Black Rice Probiotics Barrier Essence - DIVOTE COSMETICS","_seopress_titles_desc":"Black Rice Probiotics Barrier Essence je kremasta, mlije\u010dna esencija oboga\u0107ena hranjivim fermentima i sastojcima koji ja\u010daju ko\u017enu barijeru","_seopress_robots_index":"","inline_featured_image":false},"product_brand":[],"product_cat":[94],"product_tag":[254,255,314,307,266,333],"class_list":{"0":"post-6198","1":"product","2":"type-product","3":"status-publish","4":"has-post-thumbnail","6":"product_cat-njega-koze","7":"product_tag-glass-skin-hr","8":"product_tag-glow-hr","9":"product_tag-hydration-hr-2","10":"product_tag-moisturiser-hr","11":"product_tag-sensitive-skin-hr","12":"product_tag-volume-hr","13":"pa_brands-haruharu","14":"pa_ingredients-black-rice-hr","15":"pa_product-type-esencija","16":"pa_skin-concerns-anti-age-hr","17":"pa_skin-concerns-hydration-hr","18":"pa_skin-type-all-skin-types-hr","20":"first","21":"instock","22":"taxable","23":"shipping-taxable","24":"purchasable","25":"product-type-simple"},"acf":[],"_links":{"self":[{"href":"https:\/\/divotecosmetics.com\/hr\/wp-json\/wp\/v2\/product\/6198","targetHints":{"allow":["GET"]}}],"collection":[{"href":"https:\/\/divotecosmetics.com\/hr\/wp-json\/wp\/v2\/product"}],"about":[{"href":"https:\/\/divotecosmetics.com\/hr\/wp-json\/wp\/v2\/types\/product"}],"replies":[{"embeddable":true,"href":"https:\/\/divotecosmetics.com\/hr\/wp-json\/wp\/v2\/comments?post=6198"}],"wp:featuredmedia":[{"embeddable":true,"href":"https:\/\/divotecosmetics.com\/hr\/wp-json\/wp\/v2\/media\/6197"}],"wp:attachment":[{"href":"https:\/\/divotecosmetics.com\/hr\/wp-json\/wp\/v2\/media?parent=6198"}],"wp:term":[{"taxonomy":"product_brand","embeddable":true,"href":"https:\/\/divotecosmetics.com\/hr\/wp-json\/wp\/v2\/product_brand?post=6198"},{"taxonomy":"product_cat","embeddable":true,"href":"https:\/\/divotecosmetics.com\/hr\/wp-json\/wp\/v2\/product_cat?post=6198"},{"taxonomy":"product_tag","embeddable":true,"href":"https:\/\/divotecosmetics.com\/hr\/wp-json\/wp\/v2\/product_tag?post=6198"}],"curies":[{"name":"wp","href":"https:\/\/api.w.org\/{rel}","templated":true}]}}