{"id":6165,"date":"2025-07-16T11:44:57","date_gmt":"2025-07-16T09:44:57","guid":{"rendered":"https:\/\/divotecosmetics.com\/?post_type=product&#038;p=6165"},"modified":"2026-01-26T13:50:33","modified_gmt":"2026-01-26T12:50:33","slug":"haruharu-wonder-mineralna-dnevna-krema-za-suncanje-s-crnom-rizom-spf50-pa","status":"publish","type":"product","link":"https:\/\/divotecosmetics.com\/hr\/shop\/njega-koze\/haruharu-wonder-mineralna-dnevna-krema-za-suncanje-s-crnom-rizom-spf50-pa\/","title":{"rendered":"Haruharu Wonder mineralna dnevna krema za sun\u010danje s crnom ri\u017eom SPF50+ PA++++"},"content":{"rendered":"<p data-start=\"0\" data-end=\"353\"><a href=\"https:\/\/divotecosmetics.com\/hr\/brands\/haruharu\/\">Haruharu Wonder<\/a> Black Rice Pure Mineral Relief Daily Sunscreen SPF50+\/PA++++ lagana je dnevna krema za sun\u010danje sa satenskim zavr\u0161etkom, jednostavna za svakodnevnu upotrebu. Sadr\u017ei isklju\u010divo fizi\u010dke filtre (ne-nano cinkov oksid) koji \u0161tite ko\u017eu od \u0161irokog spektra UVA i UVB zraka. Prikladna je za cijelu obitelj i izuzetno nje\u017ena prema osjetljivoj ko\u017ei.<\/p>\n<p data-start=\"355\" data-end=\"663\" data-is-last-node=\"\" data-is-only-node=\"\">Oboga\u0107ena antioksidansima iz ulja crne ri\u017ee, umiruju\u0107im i hranjivim ekstraktom srcolike hojherije (heartleaf), dubinski hidratantnom hijaluronskom kiselinom te posvjetljuju\u0107im niacinamidom, ova mineralna krema za sun\u010danje njeguje i vla\u017ei ko\u017eu, ostavljaju\u0107i je mekom, <a href=\"https:\/\/divotecosmetics.com\/hr\/skin-type\/sensitive-skin-hr\/?yith_wcan=1&#038;orderby=popularity&#038;product_cat=njega-koze\">hidratiziranom<\/a> i sa satenskim zavr\u0161etkom.<\/p>\n","protected":false},"excerpt":{"rendered":"<p>Nje\u017ena krema za sun\u010danje sa satenskim zavr\u0161etkom, oboga\u0107ena uljem ri\u017einih mekinja infuziranim antioksidansima bogatom crnom ri\u017eom za hidrataciju ko\u017ee.<\/p>\n","protected":false},"featured_media":6146,"comment_status":"open","ping_status":"closed","template":"","meta":{"_acf_changed":false,"_seopress_robots_primary_cat":"none","_seopress_titles_title":"BLACK RICE pure mineral relief daily sunscreen - Divote","_seopress_titles_desc":"BLACK RICE pure mineral relief daily sunscreen je nje\u017ena krema za sun\u010danje sa satenskim zavr\u0161etkom, oboga\u0107ena uljem ri\u017einih mekinja infuziranim..","_seopress_robots_index":"","inline_featured_image":false},"product_brand":[],"product_cat":[94],"product_tag":[251,255,258,266,246],"class_list":{"0":"post-6165","1":"product","2":"type-product","3":"status-publish","4":"has-post-thumbnail","6":"product_cat-njega-koze","7":"product_tag-dark-spots-hr","8":"product_tag-glow-hr","9":"product_tag-hyperpigmentation-hr","10":"product_tag-sensitive-skin-hr","11":"product_tag-spf-hr","12":"pa_brands-haruharu","13":"pa_ingredients-black-rice-hr","14":"pa_ingredients-hyaluronic-acid-hr","15":"pa_ingredients-niacinamide-hr","16":"pa_product-type-zastita-od-sunca","17":"pa_skin-type-sensitive-skin-hr","18":"pa_skin-type-all-skin-types-hr","20":"first","21":"instock","22":"taxable","23":"shipping-taxable","24":"purchasable","25":"product-type-simple"},"acf":[],"_links":{"self":[{"href":"https:\/\/divotecosmetics.com\/hr\/wp-json\/wp\/v2\/product\/6165","targetHints":{"allow":["GET"]}}],"collection":[{"href":"https:\/\/divotecosmetics.com\/hr\/wp-json\/wp\/v2\/product"}],"about":[{"href":"https:\/\/divotecosmetics.com\/hr\/wp-json\/wp\/v2\/types\/product"}],"replies":[{"embeddable":true,"href":"https:\/\/divotecosmetics.com\/hr\/wp-json\/wp\/v2\/comments?post=6165"}],"wp:featuredmedia":[{"embeddable":true,"href":"https:\/\/divotecosmetics.com\/hr\/wp-json\/wp\/v2\/media\/6146"}],"wp:attachment":[{"href":"https:\/\/divotecosmetics.com\/hr\/wp-json\/wp\/v2\/media?parent=6165"}],"wp:term":[{"taxonomy":"product_brand","embeddable":true,"href":"https:\/\/divotecosmetics.com\/hr\/wp-json\/wp\/v2\/product_brand?post=6165"},{"taxonomy":"product_cat","embeddable":true,"href":"https:\/\/divotecosmetics.com\/hr\/wp-json\/wp\/v2\/product_cat?post=6165"},{"taxonomy":"product_tag","embeddable":true,"href":"https:\/\/divotecosmetics.com\/hr\/wp-json\/wp\/v2\/product_tag?post=6165"}],"curies":[{"name":"wp","href":"https:\/\/api.w.org\/{rel}","templated":true}]}}