{"id":6061,"date":"2025-07-11T15:05:28","date_gmt":"2025-07-11T13:05:28","guid":{"rendered":"https:\/\/divotecosmetics.com\/?post_type=product&#038;p=6061"},"modified":"2026-03-08T17:50:43","modified_gmt":"2026-03-08T16:50:43","slug":"beigic-tinted-balzam-za-usne-i-obraze","status":"publish","type":"product","link":"https:\/\/divotecosmetics.com\/hr\/shop\/njega-koze\/beigic-tinted-balzam-za-usne-i-obraze\/","title":{"rendered":"BEIGIC Tinted balzam za usne i obraze"},"content":{"rendered":"<h6 data-start=\"0\" data-end=\"141\"><strong data-start=\"0\" data-end=\"40\">Prirodni Sjaj i Savr\u0161eno Pristajanje<\/strong><\/h6>\n<p data-start=\"0\" data-end=\"141\">\u0160to vi\u0161e slojeva nanesete, to se prirodnije stapa s ko\u017eom \u2013 stvaraju\u0107i svje\u017e, proziran rumeni ton.<\/p>\n<p>&nbsp;<\/p>\n<h6 data-start=\"148\" data-end=\"286\"><strong data-start=\"148\" data-end=\"163\">Nje\u017eni Sjaj<\/strong><\/h6>\n<p data-start=\"148\" data-end=\"286\">Proziran, suptilan sjaj koji ostaje postojan tijekom dana \u2013 glatko se nanosi bez razmazivanja i bez ljepljivog osje\u0107aja.<\/p>\n<ul data-start=\"288\" data-end=\"479\">\n<li data-start=\"288\" data-end=\"388\">\n<p data-start=\"290\" data-end=\"388\">Usne \u2013 Nadogradiva, hidratantna tekstura koja svakim slojem daje nje\u017ean efekt punijih usana.<\/p>\n<\/li>\n<li data-start=\"389\" data-end=\"479\">\n<p data-start=\"391\" data-end=\"479\">Obrazi \u2013 Lagana formula koja se besprijekorno stapa s ko\u017eom za mekan, prirodan sjaj.<\/p>\n<\/li>\n<\/ul>\n<p>&nbsp;<\/p>\n<h6 data-start=\"486\" data-end=\"514\"><strong data-start=\"486\" data-end=\"512\">Savr\u0161ena Njega za Usne<\/strong><\/h6>\n<ul data-start=\"515\" data-end=\"813\">\n<li data-start=\"515\" data-end=\"628\">\n<p data-start=\"517\" data-end=\"628\">Pove\u0107anje Volumena i U\u010dvr\u0161\u0107ivanje \u2013 Sadr\u017ei veganske peptide i bakuchiol za vidljivo punije i \u010dvr\u0161\u0107e usne.<\/p>\n<\/li>\n<li data-start=\"629\" data-end=\"752\">\n<p data-start=\"631\" data-end=\"752\">Njega Za\u0161titne Barijere \u2013 Oboga\u0107ena veganskim skvalanom i ceramidima za ja\u010danje ko\u017ene barijere i zadr\u017eavanje vlage.<\/p>\n<\/li>\n<li data-start=\"753\" data-end=\"813\">\n<p data-start=\"755\" data-end=\"813\">UV Za\u0161tita \u2013 SPF 15 \u0161titi ko\u017eu od \u0161tetnog UV zra\u010denja.<\/p>\n<\/li>\n<\/ul>\n<p>&nbsp;<\/p>\n<h6 style=\"text-align: center;\" data-start=\"820\" data-end=\"840\"><strong data-start=\"820\" data-end=\"840\">Vodi\u010d za nijanse<\/strong><\/h6>\n<p>&nbsp;<\/p>\n<p data-start=\"842\" data-end=\"1009\" data-is-last-node=\"\" data-is-only-node=\"\"><strong>01 Tulle<\/strong> \u2013 Nje\u017ena koraljno-breskvasta nijansa s da\u0161kom neonske svje\u017eine, daje svakom tenu mladolik i blistav izgled \u2013 idealna za postizanje mekanog i \u010distog dojma.<\/p>\n<p data-start=\"842\" data-end=\"1009\" data-is-last-node=\"\" data-is-only-node=\"\"><strong>02 Appeal<\/strong> je nijansa boje vinskog vina koja dodaje proziran, \u017eivahan da\u0161ak boje kako bi posvijetlila va\u0161 ten &#8211; idealna za one trenutke kada vam se ko\u017ea \u010dini be\u017eivotnom ili umornom.<\/p>\n<p><strong>03 Long Black<\/strong> je svestrana nijansa koja laska svakom tonu ko\u017ee ili osobnoj boji.\u010cak \u0107e i oni kojima su crveni tonovi obi\u010dno previ\u0161e jaki, smatrati ovu nijansu lakom za no\u0161enje, stvaraju\u0107i prirodno, a opet profinjeno raspolo\u017eenje.<\/p>\n","protected":false},"excerpt":{"rendered":"<p><a href=\"https:\/\/divotecosmetics.com\/hr\/brands\/beigic\/\">Beigic<\/a> veganski balzam za usne i obraze koji va\u0161em licu daje prirodno rumenilo, pobolj\u0161avaju\u0107i zdrav i \u017eivahan izgled. TULLE\u00a0 je nje\u017ena koraljno breskvasta nijansa s da\u0161kom neonskog tena, koja svakom tenu daje svje\u017e, mladena\u010dki i blistav izgled. APPEAL je nijansa boje vina koja dodaje proziran, \u017eivahan da\u0161ak boje kako bi posvijetlila va\u0161 ten. LONG BLACK je svestrana nijansa koja laska svakom tonu ko\u017ee ili osobnoj boji.<\/p>\n","protected":false},"featured_media":6425,"comment_status":"open","ping_status":"closed","template":"","meta":{"_acf_changed":false,"_seopress_robots_primary_cat":"94","_seopress_titles_title":"Tinted balzam za usne i obraze - Beigic - Divote Cosmetics","_seopress_titles_desc":"Tinted balzam za usne i obraze  koji va\u0161em licu daje prirodno rumenilo, pobolj\u0161avaju\u0107i zdrav i \u017eivahan izgled. Popunjava i u\u010dvr\u0161\u0107uje, pru\u017ea hidratantnu..","_seopress_robots_index":"","inline_featured_image":false},"product_brand":[],"product_cat":[94,365],"product_tag":[119,314,307,246,333],"class_list":{"0":"post-6061","1":"product","2":"type-product","3":"status-publish","4":"has-post-thumbnail","6":"product_cat-njega-koze","7":"product_cat-njega-usana-hr","8":"product_tag-fine-lines-hr","9":"product_tag-hydration-hr-2","10":"product_tag-moisturiser-hr","11":"product_tag-spf-hr","12":"product_tag-volume-hr","13":"pa_brands-beigic","14":"pa_ingredients-coffee-bean-oil-hr","15":"pa_ingredients-peptides-hr","16":"pa_product-type-njega-usana","17":"pa_skin-type-all-skin-types-hr","19":"first","20":"instock","21":"taxable","22":"shipping-taxable","23":"purchasable","24":"product-type-variable"},"acf":[],"_links":{"self":[{"href":"https:\/\/divotecosmetics.com\/hr\/wp-json\/wp\/v2\/product\/6061","targetHints":{"allow":["GET"]}}],"collection":[{"href":"https:\/\/divotecosmetics.com\/hr\/wp-json\/wp\/v2\/product"}],"about":[{"href":"https:\/\/divotecosmetics.com\/hr\/wp-json\/wp\/v2\/types\/product"}],"replies":[{"embeddable":true,"href":"https:\/\/divotecosmetics.com\/hr\/wp-json\/wp\/v2\/comments?post=6061"}],"wp:featuredmedia":[{"embeddable":true,"href":"https:\/\/divotecosmetics.com\/hr\/wp-json\/wp\/v2\/media\/6425"}],"wp:attachment":[{"href":"https:\/\/divotecosmetics.com\/hr\/wp-json\/wp\/v2\/media?parent=6061"}],"wp:term":[{"taxonomy":"product_brand","embeddable":true,"href":"https:\/\/divotecosmetics.com\/hr\/wp-json\/wp\/v2\/product_brand?post=6061"},{"taxonomy":"product_cat","embeddable":true,"href":"https:\/\/divotecosmetics.com\/hr\/wp-json\/wp\/v2\/product_cat?post=6061"},{"taxonomy":"product_tag","embeddable":true,"href":"https:\/\/divotecosmetics.com\/hr\/wp-json\/wp\/v2\/product_tag?post=6061"}],"curies":[{"name":"wp","href":"https:\/\/api.w.org\/{rel}","templated":true}]}}