{"id":6035,"date":"2025-07-11T14:07:13","date_gmt":"2025-07-11T12:07:13","guid":{"rendered":"https:\/\/divotecosmetics.com\/?post_type=product&#038;p=6035"},"modified":"2026-04-18T00:20:04","modified_gmt":"2026-04-17T22:20:04","slug":"axis-y-veganski-kolagenski-serum-za-podrucje-oko-ociju-10-ml","status":"publish","type":"product","link":"https:\/\/divotecosmetics.com\/hr\/shop\/njega-koze\/axis-y-veganski-kolagenski-serum-za-podrucje-oko-ociju-10-ml\/","title":{"rendered":"AXIS-Y veganski kolagenski serum za podru\u010dje oko o\u010diju 10ml"},"content":{"rendered":"<p data-start=\"0\" data-end=\"437\">AXIS-Y Vegan Collagen Eye Serum je pomla\u0111uju\u0107a biljna formula koja djeluje na znakove starenja, tamne podo\u010dnjake i nate\u010denost, ostavljaju\u0107i podru\u010dje oko o\u010diju vidljivo gla\u0111im, svjetlijim i mla\u0111im. Formuliran s veganskim kolagenom za pobolj\u0161anje elasti\u010dnosti i \u010dvrsto\u0107e, ovaj serum dubinski hidratizira zahvaljuju\u0107i kompleksu trostruke hijaluronske kiseline, ostavljaju\u0107i nje\u017enu ko\u017eu ispod o\u010diju punijom i osvje\u017eenom, bez osje\u0107aja te\u017eine.<\/p>\n<p>&nbsp;<\/p>\n<p data-start=\"439\" data-end=\"871\" data-is-last-node=\"\" data-is-only-node=\"\">Kompleks od 5 peptida poti\u010de obnavljanje ko\u017ee i smanjuje fine linije za osvje\u017een izgled, dok ekstrakti bogati vitaminom C iz zelene jabuke, zelene \u0161ljive i zelenog gro\u017e\u0111a smanjuju tamne podo\u010dnjake i nate\u010denost, otkrivaju\u0107i blistav i odmoran izgled. Dizajniran s rashla\u0111uju\u0107im aplikatorom za osvje\u017eavaju\u0107u masa\u017eu, ovaj serum za o\u010di pokazao je impresivne klini\u010dke rezultate te je neizostavan za sve koji \u017eele svijetle, mladena\u010dke o\u010di.<\/p>\n","protected":false},"excerpt":{"rendered":"<p>AXIS-Y Vegan Collagen Eye Serum je napredni serum za o\u010di osmi\u0161ljen za intenzivnu njegu osjetljive ko\u017ee oko o\u010diju. Zahvaljuju\u0107i veganskom kolagenu, poznatom po svojoj stabilnosti i \u010disto\u0107i, ovaj serum djeluje na bore, gubitak elasti\u010dnosti i suho\u0107u. Formula je dodatno oboga\u0107ena kompleksom od 5 peptida, trima vo\u0107nim ekstraktima bogatim vitaminom C te hijaluronskom kiselinom, pru\u017eaju\u0107i ko\u017ei dubinsku hidrataciju i hranjivost.<\/p>\n","protected":false},"featured_media":6019,"comment_status":"open","ping_status":"closed","template":"","meta":{"_acf_changed":false,"_seopress_robots_primary_cat":"none","_seopress_titles_title":"AXIS-Y - Vegan Collagen Eye Serum 10ml - Divote","_seopress_titles_desc":"AXIS-Y Vegan Collagen Eye Serum je pomla\u0111uju\u0107a biljna formula koja djeluje na znakove starenja, tamne podo\u010dnjake i nate\u010denost, posebno prilago\u0111ena osjetljivom podru\u010dju oko o\u010diju.","_seopress_robots_index":"","inline_featured_image":false},"product_brand":[],"product_cat":[94],"product_tag":[248,249,252,253,314,266],"class_list":{"0":"post-6035","1":"product","2":"type-product","3":"status-publish","4":"has-post-thumbnail","6":"product_cat-njega-koze","7":"product_tag-anti-age-hr","8":"product_tag-brightening-hr","9":"product_tag-eye-care-hr","10":"product_tag-eyecare-hr","11":"product_tag-hydration-hr-2","12":"product_tag-sensitive-skin-hr","13":"pa_brands-axis-y","14":"pa_ingredients-hyaluronic-acid-hr","15":"pa_ingredients-peptides-hr","16":"pa_ingredients-vitamin-c-hr","17":"pa_product-type-njega-ociju","18":"pa_skin-concerns-anti-age-hr","19":"pa_skin-concerns-hydration-hr","20":"pa_skin-type-sensitive-skin-hr","21":"pa_skin-type-all-skin-types-hr","23":"first","24":"instock","25":"taxable","26":"shipping-taxable","27":"purchasable","28":"product-type-simple"},"acf":[],"_links":{"self":[{"href":"https:\/\/divotecosmetics.com\/hr\/wp-json\/wp\/v2\/product\/6035","targetHints":{"allow":["GET"]}}],"collection":[{"href":"https:\/\/divotecosmetics.com\/hr\/wp-json\/wp\/v2\/product"}],"about":[{"href":"https:\/\/divotecosmetics.com\/hr\/wp-json\/wp\/v2\/types\/product"}],"replies":[{"embeddable":true,"href":"https:\/\/divotecosmetics.com\/hr\/wp-json\/wp\/v2\/comments?post=6035"}],"wp:featuredmedia":[{"embeddable":true,"href":"https:\/\/divotecosmetics.com\/hr\/wp-json\/wp\/v2\/media\/6019"}],"wp:attachment":[{"href":"https:\/\/divotecosmetics.com\/hr\/wp-json\/wp\/v2\/media?parent=6035"}],"wp:term":[{"taxonomy":"product_brand","embeddable":true,"href":"https:\/\/divotecosmetics.com\/hr\/wp-json\/wp\/v2\/product_brand?post=6035"},{"taxonomy":"product_cat","embeddable":true,"href":"https:\/\/divotecosmetics.com\/hr\/wp-json\/wp\/v2\/product_cat?post=6035"},{"taxonomy":"product_tag","embeddable":true,"href":"https:\/\/divotecosmetics.com\/hr\/wp-json\/wp\/v2\/product_tag?post=6035"}],"curies":[{"name":"wp","href":"https:\/\/api.w.org\/{rel}","templated":true}]}}