{"id":5984,"date":"2025-07-08T16:30:46","date_gmt":"2025-07-08T14:30:46","guid":{"rendered":"https:\/\/divotecosmetics.com\/?post_type=product&#038;p=5984"},"modified":"2026-03-30T08:40:40","modified_gmt":"2026-03-30T06:40:40","slug":"haruharu-wonder-koncentrirana-krema-s-centellom-i-5-peptida-30-ml","status":"publish","type":"product","link":"https:\/\/divotecosmetics.com\/hr\/shop\/njega-koze\/haruharu-wonder-koncentrirana-krema-s-centellom-i-5-peptida-30-ml\/","title":{"rendered":"Haruharu Wonder koncentrirana krema s centellom i 5 peptida 30 ml"},"content":{"rendered":"<p><a href=\"https:\/\/divotecosmetics.com\/hr\/predstavljamo-haruharu-wonder-jos-bolja-prirodna-njega-koze\/\">haruharu wonder<\/a> Centella Phyto &amp; 5 Peptided Concetrate Cream, krema za lice s anti-aging u\u010dinkom poma\u017ee u revitalizaciji ko\u017ee lica. Ova lagana, hranjiva i hidratantna krema ne sadr\u017ei toksi\u010dne sastojke i umjetne mirise. Uz pomo\u0107 u\u010dinka kompleksa od 5 peptida, hidroliziranog proteina gra\u0161ka, hidroliziranog sojinog proteina, kofeina, skvalena i adenozina, poma\u017ee u smanjenju vidljivosti linja bora i odr\u017eava \u010dvrsto\u0107u ko\u017ee. Osim \u0161to poma\u017ee u odr\u017eavanju mladena\u010dkog izgleda, ova krema obnavlja vla\u017enost ko\u017ee lica. Pru\u017eite svu potrebnu njegu svojoj ko\u017ei uz haruharu wonder Centella Phyto &amp; 5 Peptided Concetrate Cream.<\/p>\n<p>&nbsp;<\/p>\n<p>Za obnovljen izgled i elasti\u010dnost ko\u017ee te napredno zadr\u017eavanje vlage jednostavnim korakom s ugodnom teksturom koja omek\u0161ava ko\u017eu i vra\u0107a joj sjaj.<\/p>\n<p>Kompleks\u00a0<strong>5 peptida<\/strong>\u00a0vra\u0107a \u010dvrsto\u0107u opu\u0161tenoj ko\u017ei, popunjava ju i vra\u0107a naizgled mladena\u010dki izgled ko\u017ee<br \/>\n<strong>AQUAXYL\u2122<\/strong>\u00a0patentirani kompleks hidratantnih \u0161e\u0107era koji poma\u017ee ispuniti ko\u017eu vlagom za dugotrajni osje\u0107aj hidratacije<br \/>\n<strong>TECA\u2122 Centella Asiatica<\/strong>\u00a0pro\u010di\u0161\u0107eni ekstrakt baziran na glavnim aktivnim komponentama biljke (aziatikozid, madekasi\u010dna i azijati\u010dna kiselina) za iznimni umiruju\u0107i efekt i naprednu obnovu ko\u017ee<\/p>\n<p>&nbsp;<\/p>\n<p>Za one koji tra\u017ee sveobuhvatno rje\u0161enje za njegu ko\u017ee, ovaj proizvod poma\u017ee pobolj\u0161ati izgled sitnih i dinami\u010dkih bora, podr\u017eava op\u0107u elasti\u010dnost, glatko\u0107u i elasti\u010dnost.<\/p>\n<p>&nbsp;<\/p>\n<p>&nbsp;<\/p>\n","protected":false},"excerpt":{"rendered":"<p>Obnavljaju\u0107a krema za lice koja pru\u017ea pozdanu <a href=\"https:\/\/divotecosmetics.com\/hr\/product-type\/hidratacija\/?yith_wcan=1&#038;orderby=popularity&#038;product_cat=njega-koze\">hidrataciju<\/a> tijekom cijelog dana, poma\u017ee umiriti ko\u017eu i smanjiti prve znakove starenja zahvalju\u0107i kompleksu peptida.<\/p>\n","protected":false},"featured_media":5983,"comment_status":"open","ping_status":"closed","template":"","meta":{"_acf_changed":false,"_seopress_robots_primary_cat":"none","_seopress_titles_title":"Centella Phyto & 5 Peptide Concentrate Cream - Divote","_seopress_titles_desc":"Centella Phyto & 5 Peptide Concentrate Cream je obnavljaju\u0107a krema za lice koja pru\u017ea pozdanu hidrataciju tijekom cijelog dana, poma\u017ee umiriti ko\u017eu..","_seopress_robots_index":"","inline_featured_image":false},"product_brand":[],"product_cat":[94],"product_tag":[248,119,314,307,266,267],"class_list":{"0":"post-5984","1":"product","2":"type-product","3":"status-publish","4":"has-post-thumbnail","6":"product_cat-njega-koze","7":"product_tag-anti-age-hr","8":"product_tag-fine-lines-hr","9":"product_tag-hydration-hr-2","10":"product_tag-moisturiser-hr","11":"product_tag-sensitive-skin-hr","12":"product_tag-wrinkles-hr","13":"pa_brands-haruharu","14":"pa_ingredients-adenozin-hr","15":"pa_ingredients-peptides-hr","16":"pa_product-type-hidratacija","17":"pa_skin-concerns-anti-age-hr","18":"pa_skin-concerns-hydration-hr","19":"pa_skin-type-sensitive-skin-hr","20":"pa_skin-type-dry-skin-hr","21":"pa_skin-type-mature-skin-hr","23":"first","24":"instock","25":"taxable","26":"shipping-taxable","27":"purchasable","28":"product-type-simple"},"acf":[],"_links":{"self":[{"href":"https:\/\/divotecosmetics.com\/hr\/wp-json\/wp\/v2\/product\/5984","targetHints":{"allow":["GET"]}}],"collection":[{"href":"https:\/\/divotecosmetics.com\/hr\/wp-json\/wp\/v2\/product"}],"about":[{"href":"https:\/\/divotecosmetics.com\/hr\/wp-json\/wp\/v2\/types\/product"}],"replies":[{"embeddable":true,"href":"https:\/\/divotecosmetics.com\/hr\/wp-json\/wp\/v2\/comments?post=5984"}],"wp:featuredmedia":[{"embeddable":true,"href":"https:\/\/divotecosmetics.com\/hr\/wp-json\/wp\/v2\/media\/5983"}],"wp:attachment":[{"href":"https:\/\/divotecosmetics.com\/hr\/wp-json\/wp\/v2\/media?parent=5984"}],"wp:term":[{"taxonomy":"product_brand","embeddable":true,"href":"https:\/\/divotecosmetics.com\/hr\/wp-json\/wp\/v2\/product_brand?post=5984"},{"taxonomy":"product_cat","embeddable":true,"href":"https:\/\/divotecosmetics.com\/hr\/wp-json\/wp\/v2\/product_cat?post=5984"},{"taxonomy":"product_tag","embeddable":true,"href":"https:\/\/divotecosmetics.com\/hr\/wp-json\/wp\/v2\/product_tag?post=5984"}],"curies":[{"name":"wp","href":"https:\/\/api.w.org\/{rel}","templated":true}]}}