{"id":5814,"date":"2025-06-27T11:17:34","date_gmt":"2025-06-27T09:17:34","guid":{"rendered":"https:\/\/divotecosmetics.com\/?post_type=product&#038;p=5814"},"modified":"2026-04-02T12:30:22","modified_gmt":"2026-04-02T10:30:22","slug":"haruharu-wonder-lagana-dnevna-krema-za-suncanje-s-crnom-rizom-spf50-pa-bez-mirisa","status":"publish","type":"product","link":"https:\/\/divotecosmetics.com\/hr\/shop\/njega-koze\/haruharu-wonder-lagana-dnevna-krema-za-suncanje-s-crnom-rizom-spf50-pa-bez-mirisa\/","title":{"rendered":"Haruharu Wonder lagana dnevna krema za sun\u010danje s crnom ri\u017eom SPF50+ PA++++ bez mirisa"},"content":{"rendered":"<p data-start=\"0\" data-end=\"257\">Zra\u010dni, svakodnevni za\u0161titni faktor iz va\u0161ih snova \u2013 bez bijelih tragova. Black Rice Moisture Airy Fit Sunscreen je kemijski SPF koji upija UV zrake i pretvara ih u bezopasnu toplinsku energiju, dok na ko\u017ei stvara ultra tanki, hidratantni za\u0161titni film.<\/p>\n<p data-start=\"259\" data-end=\"506\">Oboga\u0107en antioksidativnim uljem crne ri\u017ee, umiruju\u0107im i hidratantnim ceramidima, adenosinom za smanjenje bora i niacinamidom za posvjetljivanje, ovaj kemijski SPF \u0161titi i njeguje ko\u017eu, ostavljaju\u0107i hidratizirani, ultra-lagani bar\u0161unasti zavr\u0161etak.<\/p>\n<p data-start=\"508\" data-end=\"593\" data-is-last-node=\"\" data-is-only-node=\"\">Trofunkcionalna kozmetika<br data-start=\"537\" data-end=\"540\" \/>[Posvjetljivanje \/ Protiv bora \/ Za\u0161tita od UV zraka]<\/p>\n","protected":false},"excerpt":{"rendered":"<p>Zra\u010dni, za\u0161titni faktor za svakodnevnu uporabu iz va\u0161ih snova \u2013 bez bijelih tragova. Black Rice Moisture Airy Fit Sunscreen (<a href=\"https:\/\/divotecosmetics.com\/hr\/brands\/haruharu\/\">HaruHaru<\/a>) je kemijski SPF koji upija UV zrake i pretvara ih u bezopasnu toplinsku energiju, dok na ko\u017ei stvara ultra tanki, hidratantni za\u0161titni film.<\/p>\n","protected":false},"featured_media":5789,"comment_status":"closed","ping_status":"closed","template":"","meta":{"_acf_changed":false,"_seopress_robots_primary_cat":"94","_seopress_titles_title":"Black Rice Moisture Airyfit Daily Sunscreen SPF50+- Divote","_seopress_titles_desc":"Black Rice Moisture Airyfit Daily Sunscreen je kemijski SPF koji upija UV zrake i pretvara ih u bezopasnu toplinsku energiju, dok na ko\u017ei stvara ultra..","_seopress_robots_index":"","inline_featured_image":false},"product_brand":[],"product_cat":[94],"product_tag":[249,314,258,307,246],"class_list":{"0":"post-5814","1":"product","2":"type-product","3":"status-publish","4":"has-post-thumbnail","6":"product_cat-njega-koze","7":"product_tag-brightening-hr","8":"product_tag-hydration-hr-2","9":"product_tag-hyperpigmentation-hr","10":"product_tag-moisturiser-hr","11":"product_tag-spf-hr","12":"pa_brands-haruharu","13":"pa_ingredients-adenozin-hr","14":"pa_ingredients-black-rice-hr","15":"pa_ingredients-niacinamide-hr","16":"pa_product-type-hidratacija","17":"pa_product-type-zastita-od-sunca","18":"pa_skin-concerns-hydration-hr","19":"pa_skin-concerns-hyperpigmentation-hr","20":"pa_skin-type-sensitive-skin-hr","21":"pa_skin-type-all-skin-types-hr","23":"first","24":"instock","25":"taxable","26":"shipping-taxable","27":"purchasable","28":"product-type-simple"},"acf":[],"_links":{"self":[{"href":"https:\/\/divotecosmetics.com\/hr\/wp-json\/wp\/v2\/product\/5814","targetHints":{"allow":["GET"]}}],"collection":[{"href":"https:\/\/divotecosmetics.com\/hr\/wp-json\/wp\/v2\/product"}],"about":[{"href":"https:\/\/divotecosmetics.com\/hr\/wp-json\/wp\/v2\/types\/product"}],"replies":[{"embeddable":true,"href":"https:\/\/divotecosmetics.com\/hr\/wp-json\/wp\/v2\/comments?post=5814"}],"wp:featuredmedia":[{"embeddable":true,"href":"https:\/\/divotecosmetics.com\/hr\/wp-json\/wp\/v2\/media\/5789"}],"wp:attachment":[{"href":"https:\/\/divotecosmetics.com\/hr\/wp-json\/wp\/v2\/media?parent=5814"}],"wp:term":[{"taxonomy":"product_brand","embeddable":true,"href":"https:\/\/divotecosmetics.com\/hr\/wp-json\/wp\/v2\/product_brand?post=5814"},{"taxonomy":"product_cat","embeddable":true,"href":"https:\/\/divotecosmetics.com\/hr\/wp-json\/wp\/v2\/product_cat?post=5814"},{"taxonomy":"product_tag","embeddable":true,"href":"https:\/\/divotecosmetics.com\/hr\/wp-json\/wp\/v2\/product_tag?post=5814"}],"curies":[{"name":"wp","href":"https:\/\/api.w.org\/{rel}","templated":true}]}}