{"id":5782,"date":"2025-06-23T11:42:16","date_gmt":"2025-06-23T09:42:16","guid":{"rendered":"https:\/\/divotecosmetics.com\/?post_type=product&#038;p=5782"},"modified":"2026-03-24T00:00:51","modified_gmt":"2026-03-23T23:00:51","slug":"mixsoon-hidrogel-jastucici-za-oci-s-kolagenom-60-kom","status":"publish","type":"product","link":"https:\/\/divotecosmetics.com\/hr\/shop\/njega-koze\/mixsoon-hidrogel-jastucici-za-oci-s-kolagenom-60-kom\/","title":{"rendered":"mixsoon Hidrogel jatu\u010di\u0107i za o\u010di s kolagenom (60 kom)"},"content":{"rendered":"<p data-start=\"0\" data-end=\"422\">Hidrogel flasteri za o\u010di s kolagenom brenda <a href=\"https:\/\/divotecosmetics.com\/hr\/brands\/mixsoon\/\">Mixoon<\/a>, dizajnirani za osjetljivo podru\u010dje oko o\u010diju, ovaj jednostavan proizvod zahtijeva samo 30 minuta dnevne primjene.<br data-start=\"113\" data-end=\"116\" \/>Pru\u017ea vlagu i blistavost, \u0161to ga \u010dini idealnim za one koji se bore s opu\u0161tenom ko\u017eom, gubitkom elasti\u010dnosti ili borama oko <a href=\"https:\/\/divotecosmetics.com\/hr\/product-type\/njega-ociju\/?yith_wcan=1&#038;orderby=popularity&#038;product_cat=njega-koze\">o\u010diju.<\/a><br data-start=\"245\" data-end=\"248\" \/>Savr\u0161en je za sve kojima su kreme za o\u010di prete\u0161ke, \u010desto im govore da izgledaju umorno, primje\u0107uju tamne mrlje ili nepravilnosti, ili \u017eele ciljanu njegu za odre\u0111ena podru\u010dja.<\/p>\n<h6>PREDNOSTI:<\/h6>\n<ul data-start=\"449\" data-end=\"865\">\n<li data-start=\"449\" data-end=\"552\">\n<p data-start=\"451\" data-end=\"552\">Anti-ageing flasteri za o\u010di koji poma\u017eu u smanjenju vidljivosti bora i sitnih linija oko o\u010diju.<\/p>\n<\/li>\n<li data-start=\"553\" data-end=\"638\">\n<p data-start=\"555\" data-end=\"638\">Sadr\u017ee kolagen male molekularne mase porijeklom iz Francuske, veli\u010dine 300Da.<\/p>\n<\/li>\n<li data-start=\"639\" data-end=\"783\">\n<p data-start=\"641\" data-end=\"783\">Oboga\u0107eni 17 vrsta aminokiselina poput glicina i glutaminske kiseline koje dubinski <a href=\"https:\/\/divotecosmetics.com\/hr\/product-type\/hidratacija\/?yith_wcan=1&#038;orderby=popularity&#038;product_cat=njega-koze\">hidratiziraju<\/a> ko\u017eu i pobolj\u0161avaju zadr\u017eavanje vlage.<\/p>\n<\/li>\n<li data-start=\"784\" data-end=\"865\">\n<p data-start=\"786\" data-end=\"865\">Sadr\u017ee peptide koji poma\u017eu u popunjavanju ko\u017ee i ja\u010danju za\u0161titne barijere.<\/p>\n<\/li>\n<\/ul>\n<h6 data-start=\"867\" data-end=\"900\"><strong data-start=\"867\" data-end=\"880\">PAKIRANJE:<\/strong><\/h6>\n<p data-start=\"867\" data-end=\"900\" data-is-last-node=\"\" data-is-only-node=\"\">60 komada (30 pari)<\/p>\n","protected":false},"excerpt":{"rendered":"<p>Dizajnirano za osjetljivo podru\u010dje oko o\u010diju, ovaj jednostavan proizvod zahtijeva samo 30 minuta dnevne primjene.<br data-start=\"113\" data-end=\"116\" \/>Pru\u017ea vlagu i blistavost, \u0161to ga \u010dini idealnim za one koji se bore s opu\u0161tenom ko\u017eom, gubitkom elasti\u010dnosti ili borama oko o\u010diju.<\/p>\n","protected":false},"featured_media":5780,"comment_status":"open","ping_status":"closed","template":"","meta":{"_acf_changed":false,"_seopress_robots_primary_cat":"none","_seopress_titles_title":"Hidrogel flasteri za o\u010di s kolagenom - Mixoon - Divote","_seopress_titles_desc":"Hidrogel flasteri za o\u010di s kolagenom brenda Mixoon dizajnirani za osjetljivo podru\u010dje oko o\u010diju, ovaj proizvod zahtijeva 30 minuta dnevne primjene.","_seopress_robots_index":"","inline_featured_image":false},"product_brand":[],"product_cat":[94],"product_tag":[251,252,253,119,314,307,267],"class_list":{"0":"post-5782","1":"product","2":"type-product","3":"status-publish","4":"has-post-thumbnail","6":"product_cat-njega-koze","7":"product_tag-dark-spots-hr","8":"product_tag-eye-care-hr","9":"product_tag-eyecare-hr","10":"product_tag-fine-lines-hr","11":"product_tag-hydration-hr-2","12":"product_tag-moisturiser-hr","13":"product_tag-wrinkles-hr","14":"pa_brands-mixsoon","15":"pa_ingredients-peptides-hr","16":"pa_product-type-njega-ociju","17":"pa_skin-concerns-anti-age-hr","18":"pa_skin-concerns-hydration-hr","19":"pa_skin-concerns-hyperpigmentation-hr","20":"pa_skin-concerns-pore-care-hr","21":"pa_skin-type-sensitive-skin-hr","22":"pa_skin-type-all-skin-types-hr","24":"first","25":"instock","26":"taxable","27":"shipping-taxable","28":"purchasable","29":"product-type-simple"},"acf":[],"_links":{"self":[{"href":"https:\/\/divotecosmetics.com\/hr\/wp-json\/wp\/v2\/product\/5782","targetHints":{"allow":["GET"]}}],"collection":[{"href":"https:\/\/divotecosmetics.com\/hr\/wp-json\/wp\/v2\/product"}],"about":[{"href":"https:\/\/divotecosmetics.com\/hr\/wp-json\/wp\/v2\/types\/product"}],"replies":[{"embeddable":true,"href":"https:\/\/divotecosmetics.com\/hr\/wp-json\/wp\/v2\/comments?post=5782"}],"wp:featuredmedia":[{"embeddable":true,"href":"https:\/\/divotecosmetics.com\/hr\/wp-json\/wp\/v2\/media\/5780"}],"wp:attachment":[{"href":"https:\/\/divotecosmetics.com\/hr\/wp-json\/wp\/v2\/media?parent=5782"}],"wp:term":[{"taxonomy":"product_brand","embeddable":true,"href":"https:\/\/divotecosmetics.com\/hr\/wp-json\/wp\/v2\/product_brand?post=5782"},{"taxonomy":"product_cat","embeddable":true,"href":"https:\/\/divotecosmetics.com\/hr\/wp-json\/wp\/v2\/product_cat?post=5782"},{"taxonomy":"product_tag","embeddable":true,"href":"https:\/\/divotecosmetics.com\/hr\/wp-json\/wp\/v2\/product_tag?post=5782"}],"curies":[{"name":"wp","href":"https:\/\/api.w.org\/{rel}","templated":true}]}}