{"id":5759,"date":"2025-06-23T11:01:08","date_gmt":"2025-06-23T09:01:08","guid":{"rendered":"https:\/\/divotecosmetics.com\/?post_type=product&#038;p=5759"},"modified":"2026-02-03T22:16:38","modified_gmt":"2026-02-03T21:16:38","slug":"mixsoon-hidrogel-jastucici-sa-sojom-za-oci-60-kom","status":"publish","type":"product","link":"https:\/\/divotecosmetics.com\/hr\/shop\/njega-koze\/mixsoon-hidrogel-jastucici-sa-sojom-za-oci-60-kom\/","title":{"rendered":"Mixsoon hidrogel jastu\u010di\u0107i sa sojom za o\u010di (60 kom)"},"content":{"rendered":"<p data-start=\"0\" data-end=\"409\">Revitalizirajte umorne o\u010di uz <a href=\"https:\/\/divotecosmetics.com\/hr\/brands\/mixsoon\/\">MIXSOON<\/a> Bean Hydrogel Eye Patch, hranjivi tretman osmi\u0161ljen za posvjetljivanje, u\u010dvr\u0161\u0107ivanje i dubinsku hidrataciju osjetljivog podru\u010dja ispod o\u010diju. Oboga\u0107en s \u010detiri vrste fermentiranih sastojaka \u2013 uklju\u010duju\u0107i prepoznatljivu fermentiranu soju brenda <a href=\"https:\/\/divotecosmetics.com\/hr\/predstavljanje-brenda-mixsoon-prirodna-njega-za-zdravu-kozu\/\">mixsoon<\/a>, je\u010dam, nar i kru\u0161ku \u2013 te s tri sna\u017ena ekstrakta graha, ovaj flaster pru\u017ea intenzivnu njegu i elasti\u010dnost ko\u017ee.<\/p>\n<p data-start=\"411\" data-end=\"742\">Zahvaljuju\u0107i vitaminima C, E i njihovim derivatima, poma\u017ee u smanjenju vidljivosti bora, ujedna\u010dava ton ko\u017ee i pru\u017ea sna\u017enu antioksidativnu za\u0161titu. Mekana hidrogel tekstura savr\u0161eno prianja uz ko\u017eu, osiguravaju\u0107i maksimalnu apsorpciju posvjetljuju\u0107e i hidratantne esencije \u2013 idealno za brzi \u201cpick-me-up\u201d ili trenutak osobne njege.<\/p>\n<p data-start=\"411\" data-end=\"742\">Pakiranje: 60 komada (30 pari)<\/p>\n","protected":false},"excerpt":{"rendered":"<p data-start=\"1514\" data-end=\"1588\">Hranjivi flaster koji posvjetljuje umorno i tamno podru\u010dje oko o\u010diju. Pru\u017ea umiruju\u0107u i hidratantnu njegu suhim i naboranim dijelovima ko\u017ee. Namijenjen osjetljivom podru\u010dju oko o\u010diju \u2014 dovoljno je samo 30 minuta dnevno.<\/p>\n","protected":false},"featured_media":5757,"comment_status":"open","ping_status":"closed","template":"","meta":{"_acf_changed":false,"_seopress_robots_primary_cat":"none","_seopress_titles_title":"Bean Hydrogel Eye Patch (60 kom) - Divote Cosmetics","_seopress_titles_desc":"Bean Hydrogel Eye Patch je hranjivi flaster koji posvjetljuje umorno i tamno podru\u010dje oko o\u010diju. Pru\u017ea umiruju\u0107u i hidratantnu njegu suhim i naboranim..","_seopress_robots_index":"","inline_featured_image":false},"product_brand":[],"product_cat":[94],"product_tag":[248,249,252,253,119,314,307,267],"class_list":{"0":"post-5759","1":"product","2":"type-product","3":"status-publish","4":"has-post-thumbnail","6":"product_cat-njega-koze","7":"product_tag-anti-age-hr","8":"product_tag-brightening-hr","9":"product_tag-eye-care-hr","10":"product_tag-eyecare-hr","11":"product_tag-fine-lines-hr","12":"product_tag-hydration-hr-2","13":"product_tag-moisturiser-hr","14":"product_tag-wrinkles-hr","15":"pa_brands-mixsoon","16":"pa_ingredients-vitamin-c-hr","17":"pa_ingredients-vitamin-e-hr","18":"pa_product-type-njega-ociju","19":"pa_skin-concerns-anti-age-hr","20":"pa_skin-concerns-hydration-hr","21":"pa_skin-concerns-hyperpigmentation-hr","22":"pa_skin-type-sensitive-skin-hr","23":"pa_skin-type-all-skin-types-hr","25":"first","26":"instock","27":"taxable","28":"shipping-taxable","29":"purchasable","30":"product-type-simple"},"acf":[],"_links":{"self":[{"href":"https:\/\/divotecosmetics.com\/hr\/wp-json\/wp\/v2\/product\/5759","targetHints":{"allow":["GET"]}}],"collection":[{"href":"https:\/\/divotecosmetics.com\/hr\/wp-json\/wp\/v2\/product"}],"about":[{"href":"https:\/\/divotecosmetics.com\/hr\/wp-json\/wp\/v2\/types\/product"}],"replies":[{"embeddable":true,"href":"https:\/\/divotecosmetics.com\/hr\/wp-json\/wp\/v2\/comments?post=5759"}],"wp:featuredmedia":[{"embeddable":true,"href":"https:\/\/divotecosmetics.com\/hr\/wp-json\/wp\/v2\/media\/5757"}],"wp:attachment":[{"href":"https:\/\/divotecosmetics.com\/hr\/wp-json\/wp\/v2\/media?parent=5759"}],"wp:term":[{"taxonomy":"product_brand","embeddable":true,"href":"https:\/\/divotecosmetics.com\/hr\/wp-json\/wp\/v2\/product_brand?post=5759"},{"taxonomy":"product_cat","embeddable":true,"href":"https:\/\/divotecosmetics.com\/hr\/wp-json\/wp\/v2\/product_cat?post=5759"},{"taxonomy":"product_tag","embeddable":true,"href":"https:\/\/divotecosmetics.com\/hr\/wp-json\/wp\/v2\/product_tag?post=5759"}],"curies":[{"name":"wp","href":"https:\/\/api.w.org\/{rel}","templated":true}]}}