{"id":5739,"date":"2025-06-23T10:02:01","date_gmt":"2025-06-23T08:02:01","guid":{"rendered":"https:\/\/divotecosmetics.com\/?post_type=product&#038;p=5739"},"modified":"2026-03-20T14:50:33","modified_gmt":"2026-03-20T13:50:33","slug":"mixsoon-hidrogel-jastucici-za-oci-s-cica-i-hijaluronom","status":"publish","type":"product","link":"https:\/\/divotecosmetics.com\/hr\/shop\/njega-koze\/mixsoon-hidrogel-jastucici-za-oci-s-cica-i-hijaluronom\/","title":{"rendered":"mixsoon Hidrogel jastu\u010di\u0107i za o\u010di s cica i hijaluronom (60 komada)"},"content":{"rendered":"<p>Osvje\u017eite umorne o\u010di uz ove hidrogel flastere za podru\u010dje oko o\u010diju, oboga\u0107ene s pet vrsta sastojaka iz centelle i deset vrsta hijaluronske kiseline koje pru\u017eaju dugotrajnu hidrataciju. Hranjiva formula sadr\u017ei i patentirani Prebiome\u2122 kompleks (kombinaciju laktobacila i ekstrakta masla\u010dka) koji ja\u010da za\u0161titnu barijeru ko\u017ee. Flasteri se mogu koristiti i na drugim osjetljivim podru\u010djima lica, poput \u010dela i rubovima usana.<\/p>\n<p>&nbsp;<\/p>\n<p>Veli\u010dina: 84g \/ 30 pari<\/p>\n<p>&nbsp;<\/p>\n<h3 data-start=\"475\" data-end=\"489\">Prednosti:<\/h3>\n<ul data-start=\"490\" data-end=\"949\">\n<li data-start=\"490\" data-end=\"515\">\n<p data-start=\"492\" data-end=\"515\">savr\u0161eno umiruje ko\u017eu<\/p>\n<\/li>\n<li data-start=\"516\" data-end=\"552\">\n<p data-start=\"518\" data-end=\"552\">smanjuje bore i suho\u0107u oko o\u010diju<\/p>\n<\/li>\n<li data-start=\"553\" data-end=\"598\">\n<p data-start=\"555\" data-end=\"598\">sadr\u017ei 10 vrsta hijaluronske kiseline<\/p>\n<\/li>\n<li data-start=\"599\" data-end=\"628\">\n<p data-start=\"601\" data-end=\"628\">dubinski hidratizira ko\u017eu<\/p>\n<\/li>\n<li data-start=\"629\" data-end=\"670\">\n<p data-start=\"631\" data-end=\"670\">sadr\u017ei sastojke koji su blagi za ko\u017eu<\/p>\n<\/li>\n<li data-start=\"671\" data-end=\"768\">\n<p data-start=\"673\" data-end=\"768\">5 vrsta centella sastojaka koji u\u010dinkovito umiruju i opu\u0161taju ko\u017eu iritiranu UV zra\u010denjem<\/p>\n<\/li>\n<li data-start=\"769\" data-end=\"872\">\n<p data-start=\"771\" data-end=\"872\">10 vrsta hijaluronske kiseline razli\u010ditih molekularnih masa za hidrataciju dubokih slojeva ko\u017ee<\/p>\n<\/li>\n<li data-start=\"873\" data-end=\"949\">\n<p data-start=\"875\" data-end=\"949\">Laktobacili i ekstrakt masla\u010dka koji poma\u017eu u ja\u010danju ko\u017ene barijere<\/p>\n<\/li>\n<\/ul>\n","protected":false},"excerpt":{"rendered":"<p data-start=\"2\" data-end=\"86\"><a href=\"https:\/\/divotecosmetics.com\/hr\/brands\/mixsoon\/\">Mixsoon<\/a> hidrogel flasteri za o\u010di s cica i hijaluronom pru\u017ea umiruju\u0107e olak\u0161anje i dubinsku <a href=\"https:\/\/divotecosmetics.com\/hr\/skin-concerns\/hydration-hr\/?yith_wcan=1&#038;orderby=popularity&#038;product_cat=njega-koze\">hidrataciju<\/a> suhoj i naboranoj <a href=\"https:\/\/divotecosmetics.com\/hr\/kada-pricamo-o-njezi-koze-birajte-optimalno-a-ne-viralno\/\">ko\u017ei<\/a> oko o\u010diju. Posebno formulirano za osjetljivo podru\u010dje oko o\u010diju.<\/p>\n<p>Ova jednostavna i prakti\u010dna maska za o\u010di zahtijeva samo 30 minuta dnevno kako bi podru\u010dje oko o\u010diju bilo hidratizirano i blistavo.<\/p>\n<p data-start=\"282\" data-end=\"302\" data-is-last-node=\"\">60 kom (30 pari)<\/p>\n","protected":false},"featured_media":5737,"comment_status":"open","ping_status":"closed","template":"","meta":{"_acf_changed":false,"_seopress_robots_primary_cat":"none","_seopress_titles_title":"Hidrogel flasteri s hijaluronom - Mixoon - Divote Cosmetics","_seopress_titles_desc":"Hidrogel flasteri s hijaluronom pru\u017eaju umiruju\u0107e olak\u0161anje i dubinsku hidrataciju suhoj i naboranoj ko\u017ei oko o\u010diju. Posebno formulirano za osjetljivo..","_seopress_robots_index":"","inline_featured_image":false},"product_brand":[],"product_cat":[94],"product_tag":[248,249,252,253,119,314,307,266,267],"class_list":{"0":"post-5739","1":"product","2":"type-product","3":"status-publish","4":"has-post-thumbnail","6":"product_cat-njega-koze","7":"product_tag-anti-age-hr","8":"product_tag-brightening-hr","9":"product_tag-eye-care-hr","10":"product_tag-eyecare-hr","11":"product_tag-fine-lines-hr","12":"product_tag-hydration-hr-2","13":"product_tag-moisturiser-hr","14":"product_tag-sensitive-skin-hr","15":"product_tag-wrinkles-hr","16":"pa_brands-mixsoon","17":"pa_ingredients-centella-asiatica-hr","18":"pa_product-type-njega-ociju","19":"pa_skin-type-oily-skin-hr","20":"pa_skin-type-normal-skin-hr","21":"pa_skin-type-sensitive-skin-hr","22":"pa_skin-type-dry-skin-hr","23":"pa_skin-type-all-skin-types-hr","24":"pa_skin-type-mature-skin-hr","26":"first","27":"instock","28":"taxable","29":"shipping-taxable","30":"purchasable","31":"product-type-simple"},"acf":[],"_links":{"self":[{"href":"https:\/\/divotecosmetics.com\/hr\/wp-json\/wp\/v2\/product\/5739","targetHints":{"allow":["GET"]}}],"collection":[{"href":"https:\/\/divotecosmetics.com\/hr\/wp-json\/wp\/v2\/product"}],"about":[{"href":"https:\/\/divotecosmetics.com\/hr\/wp-json\/wp\/v2\/types\/product"}],"replies":[{"embeddable":true,"href":"https:\/\/divotecosmetics.com\/hr\/wp-json\/wp\/v2\/comments?post=5739"}],"wp:featuredmedia":[{"embeddable":true,"href":"https:\/\/divotecosmetics.com\/hr\/wp-json\/wp\/v2\/media\/5737"}],"wp:attachment":[{"href":"https:\/\/divotecosmetics.com\/hr\/wp-json\/wp\/v2\/media?parent=5739"}],"wp:term":[{"taxonomy":"product_brand","embeddable":true,"href":"https:\/\/divotecosmetics.com\/hr\/wp-json\/wp\/v2\/product_brand?post=5739"},{"taxonomy":"product_cat","embeddable":true,"href":"https:\/\/divotecosmetics.com\/hr\/wp-json\/wp\/v2\/product_cat?post=5739"},{"taxonomy":"product_tag","embeddable":true,"href":"https:\/\/divotecosmetics.com\/hr\/wp-json\/wp\/v2\/product_tag?post=5739"}],"curies":[{"name":"wp","href":"https:\/\/api.w.org\/{rel}","templated":true}]}}