{"id":5716,"date":"2025-06-23T09:30:01","date_gmt":"2025-06-23T07:30:01","guid":{"rendered":"https:\/\/divotecosmetics.com\/?post_type=product&#038;p=5716"},"modified":"2026-04-06T20:17:56","modified_gmt":"2026-04-06T18:17:56","slug":"mixsoon-tjedni-set-maski-za-lice-7-kom","status":"publish","type":"product","link":"https:\/\/divotecosmetics.com\/hr\/shop\/njega-koze\/mixsoon-tjedni-set-maski-za-lice-7-kom\/","title":{"rendered":"Mixsoon tjedni set maski za lice (7 kom)"},"content":{"rendered":"<p data-start=\"0\" data-end=\"392\">Priu\u0161tite svojoj ko\u017ei trenutke njege uz <a href=\"https:\/\/divotecosmetics.com\/hr\/predstavljanje-brenda-mixsoon-prirodna-njega-za-zdravu-kozu\/\">MIXSOON<\/a> Weekly Bean Mask Pack, hranjivi tjedni tretman koji pru\u017ea vrhunsku hidrataciju i umiruju\u0107u njegu u samo jednom jednostavnom koraku. Oboga\u0107ena mo\u0107nim fermentiranim sojinim zrnom, sokom nara i kru\u0161ke, uz dodatak ekstrakta Centella Asiatica i madecassosida, ova maska umiruje i obnavlja ko\u017eu, ostavljaju\u0107i je hidratiziranom, blistavom i mekom.<\/p>\n<p data-start=\"394\" data-end=\"661\">Sa sedam maski u jednom prakti\u010dnom pakiranju, idealna je za tjednu rutinu njege koja smanjuje otpad, a va\u0161oj ko\u017ei pru\u017ea hranjivost koju zaslu\u017euje. Do\u017eivite vrhunsku njegu uz ovaj sveobuhvatni tretman za lice, osmi\u0161ljen kako bi svaki put pru\u017eio blistav i svje\u017e izgled.<\/p>\n","protected":false},"excerpt":{"rendered":"<p>Priu\u0161tite svojoj ko\u017ei trenutke njege uz <a href=\"https:\/\/divotecosmetics.com\/hr\/brands\/mixsoon\/\">MIXSOON<\/a> Weekly Bean Mask Pack, hranjivi tjedni tretman koji pru\u017ea vrhunsku <a href=\"https:\/\/divotecosmetics.com\/hr\/product-type\/hidratacija\/?yith_wcan=1&#038;orderby=popularity&#038;product_cat=njega-koze\">hidrataciju<\/a> i umiruju\u0107u njegu u samo jednom jednostavnom koraku. Oboga\u0107ena mo\u0107nim fermentiranim sojinim zrnom, sokom nara i kru\u0161ke, uz dodatak ekstrakta Centella Asiatica<\/p>\n","protected":false},"featured_media":5883,"comment_status":"closed","ping_status":"closed","template":"","meta":{"_acf_changed":false,"_seopress_robots_primary_cat":"none","_seopress_titles_title":"Weekly Bean Mask Pack (7 kom) - Divote Cosmetics","_seopress_titles_desc":"Weekly Bean Mask Pack (7 kom) hranjivi tjedni tretman koji pru\u017ea vrhunsku hidrataciju i umiruju\u0107u njegu u samo jednom jednostavnom koraku.","_seopress_robots_index":"","inline_featured_image":false},"product_brand":[],"product_cat":[94],"product_tag":[249,314,307,266,333,267],"class_list":{"0":"post-5716","1":"product","2":"type-product","3":"status-publish","4":"has-post-thumbnail","6":"product_cat-njega-koze","7":"product_tag-brightening-hr","8":"product_tag-hydration-hr-2","9":"product_tag-moisturiser-hr","10":"product_tag-sensitive-skin-hr","11":"product_tag-volume-hr","12":"product_tag-wrinkles-hr","13":"pa_brands-mixsoon","14":"pa_product-type-maska","15":"pa_skin-concerns-anti-age-hr","16":"pa_skin-concerns-hydration-hr","17":"pa_skin-type-sensitive-skin-hr","18":"pa_skin-type-all-skin-types-hr","20":"first","21":"instock","22":"taxable","23":"shipping-taxable","24":"purchasable","25":"product-type-simple"},"acf":[],"_links":{"self":[{"href":"https:\/\/divotecosmetics.com\/hr\/wp-json\/wp\/v2\/product\/5716","targetHints":{"allow":["GET"]}}],"collection":[{"href":"https:\/\/divotecosmetics.com\/hr\/wp-json\/wp\/v2\/product"}],"about":[{"href":"https:\/\/divotecosmetics.com\/hr\/wp-json\/wp\/v2\/types\/product"}],"replies":[{"embeddable":true,"href":"https:\/\/divotecosmetics.com\/hr\/wp-json\/wp\/v2\/comments?post=5716"}],"wp:featuredmedia":[{"embeddable":true,"href":"https:\/\/divotecosmetics.com\/hr\/wp-json\/wp\/v2\/media\/5883"}],"wp:attachment":[{"href":"https:\/\/divotecosmetics.com\/hr\/wp-json\/wp\/v2\/media?parent=5716"}],"wp:term":[{"taxonomy":"product_brand","embeddable":true,"href":"https:\/\/divotecosmetics.com\/hr\/wp-json\/wp\/v2\/product_brand?post=5716"},{"taxonomy":"product_cat","embeddable":true,"href":"https:\/\/divotecosmetics.com\/hr\/wp-json\/wp\/v2\/product_cat?post=5716"},{"taxonomy":"product_tag","embeddable":true,"href":"https:\/\/divotecosmetics.com\/hr\/wp-json\/wp\/v2\/product_tag?post=5716"}],"curies":[{"name":"wp","href":"https:\/\/api.w.org\/{rel}","templated":true}]}}