{"id":5693,"date":"2025-06-18T15:46:07","date_gmt":"2025-06-18T13:46:07","guid":{"rendered":"https:\/\/divotecosmetics.com\/?post_type=product&#038;p=5693"},"modified":"2026-01-26T13:59:27","modified_gmt":"2026-01-26T12:59:27","slug":"mixsoon-kolagenski-flasteri-za-obraze-5-kom","status":"publish","type":"product","link":"https:\/\/divotecosmetics.com\/hr\/shop\/njega-koze\/mixsoon-kolagenski-flasteri-za-obraze-5-kom\/","title":{"rendered":"Mixsoon kolagenski flasteri za obraze 5 kom"},"content":{"rendered":"<p data-start=\"59\" data-end=\"131\">Priu\u0161tite svojoj ko\u017ei nje\u017enu njegu uz <a href=\"https:\/\/divotecosmetics.com\/hr\/brands\/mixsoon\/\">Mixsoon<\/a> masku za obraze!<\/p>\n<p data-start=\"132\" data-end=\"344\">Oboga\u0107ena kolagenom, glutationom i hijaluronskom kiselinom, ova maska pru\u017ea hidrataciju i u\u010dinak protiv starenja. Hipoalergeni film \u010dvrsto prianja uz povr\u0161inu ko\u017ee kako bi pobolj\u0161ao apsorpciju aktivnih sastojaka.<\/p>\n<p data-start=\"346\" data-end=\"770\">Napravljen s visokom koncentracijom francuskog kolagena, glutationa i hijaluronske kiseline, na\u0161 film hrani, u\u010dvr\u0161\u0107uje i hidratizira ko\u017eu. Dermatolo\u0161ki testiran s niskim rizikom od iritacija, prikladan je \u010dak i za najosjetljiviju ko\u017eu. Pobolj\u0161ajte elasti\u010dnost ko\u017ee na obrazima i podru\u010dju nazolabijalnih bora uz na\u0161u jednostavnu 5-dnevnu intenzivnu njegu kod ku\u0107e. Podignite svoju rutinu njege ko\u017ee na novu razinu uz Mixsoon.<\/p>\n<h6 data-start=\"871\" data-end=\"889\">PPREDNOSTI:<\/h6>\n<ul data-start=\"891\" data-end=\"1260\">\n<li data-start=\"891\" data-end=\"986\">\n<p data-start=\"893\" data-end=\"986\">Kolagenski filmovi koji tretiraju sitne bore, tope se na ko\u017ei, popunjavaju i hidratiziraju.<\/p>\n<\/li>\n<li data-start=\"987\" data-end=\"1081\">\n<p data-start=\"989\" data-end=\"1081\">Zahvaljuju\u0107i elektroispredanju, kolagen i hijaluronska kiselina u\u010dinkovito prodiru u ko\u017eu.<\/p>\n<\/li>\n<li data-start=\"1082\" data-end=\"1198\">\n<p data-start=\"1084\" data-end=\"1198\">Sadr\u017ei kolagen, glutation i hijaluronsku kiselinu koji djeluju sinergijski za revitalizaciju i hidrataciju ko\u017ee.<\/p>\n<\/li>\n<li data-start=\"1199\" data-end=\"1260\">\n<p data-start=\"1201\" data-end=\"1260\">Hipoalergena formula koja je pro\u0161la testove iritacije ko\u017ee.<\/p>\n<\/li>\n<\/ul>\n<p>&nbsp;<\/p>\n<p>&nbsp;<\/p>\n<p data-start=\"346\" data-end=\"770\">Sadr\u017ei 5 paketi\u0107a, svaki paket uklju\u010duje 2 filma \u2013 ukupno 10 komada.<\/p>\n","protected":false},"excerpt":{"rendered":"<p>Do\u017eivite trenutne rezultate uz <a href=\"https:\/\/divotecosmetics.com\/hr\/predstavljanje-brenda-mixsoon-prirodna-njega-za-zdravu-kozu\/\">Mixsoon<\/a> Melting Collagen Cheek Film.<br data-start=\"2498\" data-end=\"2501\" \/>Napredna tehnologija ultra-finih vlakana za dubinsku apsorpciju stvara besprijekorni film koji se lako i u\u010dinkovito stapa s va\u0161om ko\u017eom.<\/p>\n","protected":false},"featured_media":5674,"comment_status":"open","ping_status":"closed","template":"","meta":{"_acf_changed":false,"_seopress_robots_primary_cat":"none","_seopress_titles_title":"Melting Collagen Cheek Film - Divote Cosmetics","_seopress_titles_desc":"Melting Collagen Cheek Film - napredna tehnologija elektroispredanja stvara besprijekorni film koji se lako i u\u010dinkovito stapa s va\u0161om ko\u017eom.","_seopress_robots_index":"","inline_featured_image":false},"product_brand":[],"product_cat":[94],"product_tag":[248,119,314,307,260,266,333,267],"class_list":{"0":"post-5693","1":"product","2":"type-product","3":"status-publish","4":"has-post-thumbnail","6":"product_cat-njega-koze","7":"product_tag-anti-age-hr","8":"product_tag-fine-lines-hr","9":"product_tag-hydration-hr-2","10":"product_tag-moisturiser-hr","11":"product_tag-pads-hr","12":"product_tag-sensitive-skin-hr","13":"product_tag-volume-hr","14":"product_tag-wrinkles-hr","15":"pa_brands-mixsoon","16":"pa_ingredients-collagen-2","17":"pa_ingredients-glutathione","18":"pa_ingredients-hyaluronic-acid-hr","19":"pa_product-type-hidratacija","20":"pa_product-type-maska","21":"pa_skin-concerns-anti-age-hr","22":"pa_skin-concerns-hydration-hr","23":"pa_skin-concerns-moisturizer","24":"pa_skin-type-dry-skin-hr","25":"pa_skin-type-all-skin-types-hr","27":"first","28":"instock","29":"taxable","30":"shipping-taxable","31":"purchasable","32":"product-type-simple"},"acf":[],"_links":{"self":[{"href":"https:\/\/divotecosmetics.com\/hr\/wp-json\/wp\/v2\/product\/5693","targetHints":{"allow":["GET"]}}],"collection":[{"href":"https:\/\/divotecosmetics.com\/hr\/wp-json\/wp\/v2\/product"}],"about":[{"href":"https:\/\/divotecosmetics.com\/hr\/wp-json\/wp\/v2\/types\/product"}],"replies":[{"embeddable":true,"href":"https:\/\/divotecosmetics.com\/hr\/wp-json\/wp\/v2\/comments?post=5693"}],"wp:featuredmedia":[{"embeddable":true,"href":"https:\/\/divotecosmetics.com\/hr\/wp-json\/wp\/v2\/media\/5674"}],"wp:attachment":[{"href":"https:\/\/divotecosmetics.com\/hr\/wp-json\/wp\/v2\/media?parent=5693"}],"wp:term":[{"taxonomy":"product_brand","embeddable":true,"href":"https:\/\/divotecosmetics.com\/hr\/wp-json\/wp\/v2\/product_brand?post=5693"},{"taxonomy":"product_cat","embeddable":true,"href":"https:\/\/divotecosmetics.com\/hr\/wp-json\/wp\/v2\/product_cat?post=5693"},{"taxonomy":"product_tag","embeddable":true,"href":"https:\/\/divotecosmetics.com\/hr\/wp-json\/wp\/v2\/product_tag?post=5693"}],"curies":[{"name":"wp","href":"https:\/\/api.w.org\/{rel}","templated":true}]}}