{"id":5664,"date":"2025-06-18T14:14:48","date_gmt":"2025-06-18T12:14:48","guid":{"rendered":"https:\/\/divotecosmetics.com\/?post_type=product&#038;p=5664"},"modified":"2026-03-15T19:42:34","modified_gmt":"2026-03-15T18:42:34","slug":"mixsoon-kolagenski-flasteri-za-vrat-i-celo-5-kom","status":"publish","type":"product","link":"https:\/\/divotecosmetics.com\/hr\/shop\/njega-koze\/mixsoon-kolagenski-flasteri-za-vrat-i-celo-5-kom\/","title":{"rendered":"Mixsoon kolagenski flasteri za vrat i \u010delo (5 kom)"},"content":{"rendered":"<p>O\u017eivite i u\u010dvrstite osjetljiva podru\u010dja uz <a href=\"https:\/\/divotecosmetics.com\/hr\/predstavljanje-brenda-mixsoon-prirodna-njega-za-zdravu-kozu\/\">MIXSOON<\/a> Melting Collagen Neck &amp; Forehead Film, ciljanu njegu dizajniranu za zagla\u0111ivanje sitnih bora i dubinsku hidrataciju. Ova hipoalergena maska sadr\u017ei visoku koncentraciju kolagena (93%), uz glutation i hijaluronsku kiselinu, a zahvaljuju\u0107i naprednoj tehnologiji elektroispredanja otapa se na ko\u017ei i isporu\u010duje aktivne sastojke to\u010dno tamo gdje su najpotrebniji. Idealna za osjetljivu ko\u017eu, hrani i popunjava umorna podru\u010dja poput vrata i \u010dela, pru\u017eaju\u0107i \u010dvr\u0161\u0107i, mladena\u010dki izgled \u2014 odli\u010dni rezultati.<\/p>\n<p>&nbsp;<\/p>\n<h6 data-start=\"731\" data-end=\"745\"><strong data-start=\"731\" data-end=\"745\">PREDNOSTI<\/strong><\/h6>\n<ul data-start=\"747\" data-end=\"1111\">\n<li data-start=\"747\" data-end=\"847\">\n<p data-start=\"749\" data-end=\"847\">Kolagenski filmovi koji se tope na ko\u017ei i poma\u017eu u tretiranju sitnih bora te hidratiziraju ko\u017eu.<\/p>\n<\/li>\n<li data-start=\"848\" data-end=\"944\">\n<p data-start=\"850\" data-end=\"944\">Zahvaljuju\u0107i elektroispredaju, kolagen i hijaluronska kiselina u\u010dinkovito se prenose u ko\u017eu.<\/p>\n<\/li>\n<li data-start=\"945\" data-end=\"1052\">\n<p data-start=\"947\" data-end=\"1052\">Sadr\u017ei kolagen, glutation i hijaluronsku kiselinu koji sinergijski revitaliziraju i hidratiziraju ko\u017eu.<\/p>\n<\/li>\n<li data-start=\"1053\" data-end=\"1111\">\n<p data-start=\"1055\" data-end=\"1111\">Hipoalergena formula koja je pro\u0161la test iritacije ko\u017ee.<\/p>\n<\/li>\n<\/ul>\n","protected":false},"excerpt":{"rendered":"<article class=\"text-token-text-primary w-full\" dir=\"auto\" data-testid=\"conversation-turn-6\" data-scroll-anchor=\"true\">\n<div class=\"text-base my-auto mx-auto py-5 [--thread-content-margin:--spacing(4)] @[37rem]:[--thread-content-margin:--spacing(6)] @[72rem]:[--thread-content-margin:--spacing(16)] px-(--thread-content-margin)\">\n<div class=\"[--thread-content-max-width:32rem] @[34rem]:[--thread-content-max-width:40rem] @[64rem]:[--thread-content-max-width:48rem] mx-auto flex max-w-(--thread-content-max-width) flex-1 text-base gap-4 md:gap-5 lg:gap-6 group\/turn-messages focus-visible:outline-hidden\" tabindex=\"-1\">\n<div class=\"group\/conversation-turn relative flex w-full min-w-0 flex-col agent-turn\">\n<div class=\"relative flex-col gap-1 md:gap-3\">\n<div class=\"flex max-w-full flex-col grow\">\n<div class=\"min-h-8 text-message relative flex w-full flex-col items-end gap-2 text-start break-words whitespace-normal [.text-message+&amp;]:mt-5\" dir=\"auto\" data-message-author-role=\"assistant\" data-message-id=\"a793a116-4ab1-4b62-b36d-8c1f0124d7cb\" data-message-model-slug=\"gpt-4o\">\n<div class=\"flex w-full flex-col gap-1 empty:hidden first:pt-[3px]\">\n<div class=\"markdown prose dark:prose-invert w-full break-words dark\">\n<p data-start=\"37\" data-end=\"268\" data-is-last-node=\"\" data-is-only-node=\"\"><a href=\"https:\/\/divotecosmetics.com\/hr\/brands\/mixsoon\/\">Mixsoon<\/a> Melting Collagen Neck &amp; Forehead Film sadr\u017ei 74 % kolagena, 19 % hidroliziranog kolagena, hijaluronsku kiselinu i glutation za intenzivnu njegu i pobolj\u0161anje elasti\u010dnosti ko\u017ee vrata i \u010dela. Pogodno za osjetljivu ko\u017eu.<\/p>\n<\/div>\n<\/div>\n<\/div>\n<\/div>\n<\/div>\n<\/div>\n<\/div>\n<\/div>\n<\/article>\n<div class=\"pointer-events-none h-px w-px\" aria-hidden=\"true\" data-edge=\"true\"><\/div>\n","protected":false},"featured_media":5651,"comment_status":"open","ping_status":"closed","template":"","meta":{"_acf_changed":false,"_seopress_robots_primary_cat":"none","_seopress_titles_title":"Melting Collagen Neck & Forehead Film - Divote","_seopress_titles_desc":"Melting Collagen Neck & Forehead Film sadr\u017ei 74 % kolagena, 19 % hidroliziranog kolagena, hijaluronsku kiselinu i glutation za intenzivnu njegu","_seopress_robots_index":"","inline_featured_image":false},"product_brand":[],"product_cat":[94],"product_tag":[119,254,314,307,266,267],"class_list":{"0":"post-5664","1":"product","2":"type-product","3":"status-publish","4":"has-post-thumbnail","6":"product_cat-njega-koze","7":"product_tag-fine-lines-hr","8":"product_tag-glass-skin-hr","9":"product_tag-hydration-hr-2","10":"product_tag-moisturiser-hr","11":"product_tag-sensitive-skin-hr","12":"product_tag-wrinkles-hr","13":"pa_brands-mixsoon","14":"pa_ingredients-hyaluronic-acid-hr","15":"pa_product-type-hidratacija","16":"pa_skin-concerns-hydration-hr","17":"pa_skin-type-sensitive-skin-hr","18":"pa_skin-type-all-skin-types-hr","20":"first","21":"instock","22":"taxable","23":"shipping-taxable","24":"purchasable","25":"product-type-simple"},"acf":[],"_links":{"self":[{"href":"https:\/\/divotecosmetics.com\/hr\/wp-json\/wp\/v2\/product\/5664","targetHints":{"allow":["GET"]}}],"collection":[{"href":"https:\/\/divotecosmetics.com\/hr\/wp-json\/wp\/v2\/product"}],"about":[{"href":"https:\/\/divotecosmetics.com\/hr\/wp-json\/wp\/v2\/types\/product"}],"replies":[{"embeddable":true,"href":"https:\/\/divotecosmetics.com\/hr\/wp-json\/wp\/v2\/comments?post=5664"}],"wp:featuredmedia":[{"embeddable":true,"href":"https:\/\/divotecosmetics.com\/hr\/wp-json\/wp\/v2\/media\/5651"}],"wp:attachment":[{"href":"https:\/\/divotecosmetics.com\/hr\/wp-json\/wp\/v2\/media?parent=5664"}],"wp:term":[{"taxonomy":"product_brand","embeddable":true,"href":"https:\/\/divotecosmetics.com\/hr\/wp-json\/wp\/v2\/product_brand?post=5664"},{"taxonomy":"product_cat","embeddable":true,"href":"https:\/\/divotecosmetics.com\/hr\/wp-json\/wp\/v2\/product_cat?post=5664"},{"taxonomy":"product_tag","embeddable":true,"href":"https:\/\/divotecosmetics.com\/hr\/wp-json\/wp\/v2\/product_tag?post=5664"}],"curies":[{"name":"wp","href":"https:\/\/api.w.org\/{rel}","templated":true}]}}