{"id":5620,"date":"2025-06-16T15:57:24","date_gmt":"2025-06-16T13:57:24","guid":{"rendered":"https:\/\/divotecosmetics.com\/?post_type=product&#038;p=5620"},"modified":"2026-01-26T13:42:45","modified_gmt":"2026-01-26T12:42:45","slug":"haruharu-wonder-krema-za-podrucje-oko-ociju-s-crnom-rizom-i-bakuchiolom-20-ml","status":"publish","type":"product","link":"https:\/\/divotecosmetics.com\/hr\/shop\/njega-koze\/haruharu-wonder-krema-za-podrucje-oko-ociju-s-crnom-rizom-i-bakuchiolom-20-ml\/","title":{"rendered":"Haruharu Wonder krema za podru\u010dje oko o\u010diju s crnom ri\u017eom i bakuchiolom 20 ml"},"content":{"rendered":"<p data-start=\"178\" data-end=\"381\">Otkrijte mo\u0107 prirodne njege uz Haruharu Wonder Black Rice Eye Cream \u2013 vegansku kremu za podru\u010dje oko o\u010diju koja vidljivo smanjuje bore, posvjetljuje tamne podo\u010dnjake i obnavlja osjetljivu ko\u017eu oko o\u010diju.<\/p>\n<p data-start=\"383\" data-end=\"432\">Oboga\u0107ena visokou\u010dinkovitim prirodnim sastojcima:<\/p>\n<ul data-start=\"434\" data-end=\"1028\">\n<li data-start=\"434\" data-end=\"673\">\n<p data-start=\"436\" data-end=\"673\"><strong data-start=\"436\" data-end=\"460\">Bakuchiol (5.000 ppm)<\/strong> \u2013 prirodna, sigurna i u\u010dinkovita alternativa retinolu bez iritacija. Dobiva se iz sjemenki biljke <em data-start=\"559\" data-end=\"581\">Psoralea Corylifolia<\/em>, koristi se u ajurvedskoj medicini i pru\u017ea antioksidativnu za\u0161titu te poti\u010de obnovu ko\u017ee.<\/p>\n<\/li>\n<li data-start=\"674\" data-end=\"845\">\n<p data-start=\"676\" data-end=\"845\"><strong data-start=\"676\" data-end=\"714\">Fermentirana crna ri\u017ea (2.000 ppm)<\/strong> \u2013 mo\u0107an antioksidans bogat antocijaninima, polifenolima i flavonoidima koji \u0161tite ko\u017eu od oksidativnih o\u0161te\u0107enja i u\u010dvr\u0161\u0107uju je.<\/p>\n<\/li>\n<li data-start=\"846\" data-end=\"1028\">\n<p data-start=\"848\" data-end=\"1028\"><strong data-start=\"848\" data-end=\"909\">Ekstrakt fermentirane kore izdanaka bambusa (Moso bambus)<\/strong> \u2013 bogat vitaminima, mineralima i biljnim polifenolima s izra\u017eenim umiruju\u0107im, protuupalnim i antioksidativnim u\u010dinkom.<\/p>\n<\/li>\n<\/ul>\n<p>&nbsp;<\/p>\n<p>Glavne prednosti:<br \/>\n\u2022 Posvjetljuje tamno podru\u010dje ispod o\u010diju<br \/>\n\u2022 Smanjuje vidljivost finih linija i bora<br \/>\n\u2022 Poti\u010de regeneraciju stanica ko\u017ee<br \/>\n\u2022 Ne izaziva suho\u0107u, iritacije ni osje\u0107aj te\u017eine<br \/>\n\u2022 Brzo se upija uz laganu, nemasnu strukturu<br \/>\n\u2022 Prikladfna za sve tipove ko\u017ee, uklju\u0107uju\u0107i osjetljivu<\/p>\n","protected":false},"excerpt":{"rendered":"<p>Dvostruko djelotvorna krema za podru\u010dje oko o\u010diju koja istovremeno posvjetljuje tamne podo\u010dnjake i pru\u017ea prirodnu anti-age njegu osjetljivog podru\u010dja oko o\u010diju.<br \/>\nOboga\u0107ena fermentiranom crnom ri\u017eom, ekstraktom kore izdanaka bambusa i biljno dobivenim bakuchiolom (prirodna zamjena za retinol) u koncentraciji od 5.000 ppm, <a href=\"https:\/\/divotecosmetics.com\/hr\/brands\/haruharu\/\">Haruharu Wonder<\/a> Black Rice Eye Cream klini\u010dki je dokazana u borbi protiv bora oko o\u010diju, <a href=\"https:\/\/divotecosmetics.com\/hr\/product-type\/hidratacija\/?yith_wcan=1&#038;orderby=popularity&#038;product_cat=njega-koze\">hidratizira<\/a> ko\u017eu i pobolj\u0161ava izgled tamnih podo\u010dnjaka.<\/p>\n","protected":false},"featured_media":5616,"comment_status":"open","ping_status":"closed","template":"","meta":{"_acf_changed":false,"_seopress_robots_primary_cat":"none","_seopress_titles_title":"Black Rice Bakuchiol Eye Cream - 20ml - Divote Cosmetics","_seopress_titles_desc":"Black Rice Bakuchiol Eye Cream je krema za podru\u010dje oko o\u010diju koja istovremeno posvjetljuje tamne podo\u010dnjake i pru\u017ea prirodnu anti-age njegu.","_seopress_robots_index":"","inline_featured_image":false},"product_brand":[],"product_cat":[94],"product_tag":[248,249,252,253,119,314,267],"class_list":{"0":"post-5620","1":"product","2":"type-product","3":"status-publish","4":"has-post-thumbnail","6":"product_cat-njega-koze","7":"product_tag-anti-age-hr","8":"product_tag-brightening-hr","9":"product_tag-eye-care-hr","10":"product_tag-eyecare-hr","11":"product_tag-fine-lines-hr","12":"product_tag-hydration-hr-2","13":"product_tag-wrinkles-hr","14":"pa_brands-haruharu","15":"pa_product-type-njega-ociju","16":"pa_skin-concerns-anti-age-hr","17":"pa_skin-concerns-hydration-hr","18":"pa_skin-type-all-skin-types-hr","20":"first","21":"instock","22":"taxable","23":"shipping-taxable","24":"purchasable","25":"product-type-simple"},"acf":[],"_links":{"self":[{"href":"https:\/\/divotecosmetics.com\/hr\/wp-json\/wp\/v2\/product\/5620","targetHints":{"allow":["GET"]}}],"collection":[{"href":"https:\/\/divotecosmetics.com\/hr\/wp-json\/wp\/v2\/product"}],"about":[{"href":"https:\/\/divotecosmetics.com\/hr\/wp-json\/wp\/v2\/types\/product"}],"replies":[{"embeddable":true,"href":"https:\/\/divotecosmetics.com\/hr\/wp-json\/wp\/v2\/comments?post=5620"}],"wp:featuredmedia":[{"embeddable":true,"href":"https:\/\/divotecosmetics.com\/hr\/wp-json\/wp\/v2\/media\/5616"}],"wp:attachment":[{"href":"https:\/\/divotecosmetics.com\/hr\/wp-json\/wp\/v2\/media?parent=5620"}],"wp:term":[{"taxonomy":"product_brand","embeddable":true,"href":"https:\/\/divotecosmetics.com\/hr\/wp-json\/wp\/v2\/product_brand?post=5620"},{"taxonomy":"product_cat","embeddable":true,"href":"https:\/\/divotecosmetics.com\/hr\/wp-json\/wp\/v2\/product_cat?post=5620"},{"taxonomy":"product_tag","embeddable":true,"href":"https:\/\/divotecosmetics.com\/hr\/wp-json\/wp\/v2\/product_tag?post=5620"}],"curies":[{"name":"wp","href":"https:\/\/api.w.org\/{rel}","templated":true}]}}