{"id":5199,"date":"2025-03-24T14:57:56","date_gmt":"2025-03-24T13:57:56","guid":{"rendered":"https:\/\/divotecosmetics.com\/?post_type=product&#038;p=5199"},"modified":"2026-01-26T13:59:46","modified_gmt":"2026-01-26T12:59:46","slug":"mixsoon-kolagenski-flasteri-za-podrucje-oko-ociju-5-kom","status":"publish","type":"product","link":"https:\/\/divotecosmetics.com\/hr\/shop\/njega-koze\/mixsoon-kolagenski-flasteri-za-podrucje-oko-ociju-5-kom\/","title":{"rendered":"Mixsoon kolagenski flasteri za podru\u010dje oko o\u010diju (5 kom)"},"content":{"rendered":"<p class=\"\" data-start=\"35\" data-end=\"129\">Osvje\u017eite svoju rutinu njege uz inovativni kolagenski film za podru\u010dje oko o\u010diju<\/p>\n<p>&nbsp;<\/p>\n<p class=\"\" data-start=\"131\" data-end=\"452\">Pomladite i nahranite ko\u017eu na\u0161om inovativnom kolagenskom maskom za o\u010di, osmi\u0161ljenom za hidrataciju, popunjavanje i ubla\u017eavanje sitnih linija. Oboga\u0107ena francuskim kolagenom, glutationom i hijaluronskom kiselinom, ova mo\u0107na formula djeluje zajedno kako bi obnovila vlagu i pru\u017eila blistav, mladolik izgled.<\/p>\n<p>&nbsp;<\/p>\n<p class=\"\" data-start=\"454\" data-end=\"791\">Na\u0161a hipoalergena filmska tehnologija osigurava \u010dvrsto prianjanje i maksimalnu apsorpciju za intenzivne anti-age u\u010dinke. Koristite ih kao zavr\u0161ni korak u rutini njege ko\u017ee kako biste ciljano djelovali na podru\u010dje ispod o\u010diju ili ih nanesite na druga osjetljiva podru\u010dja, poput \u010dela i vrata, za \u010dvr\u0161\u0107i i podignut izgled.<\/p>\n<p>&nbsp;<\/p>\n<p class=\"\" data-start=\"793\" data-end=\"1042\">Trenutno u\u010dvr\u0161\u0107uje i zate\u017ee zahvaljuju\u0107i aktivnim sastojcima<br data-start=\"859\" data-end=\"862\" \/>Idealno za one koji primje\u0107uju stanjivanje ko\u017ee, suho\u0107u ili be\u017eivotan izgled<br data-start=\"944\" data-end=\"947\" \/>Savr\u0161eno za posebne prilike \u2013 osvje\u017eite i revitalizirajte pogled u samo nekoliko minuta<\/p>\n<p>&nbsp;<\/p>\n<p class=\"\" data-start=\"1044\" data-end=\"1137\">Dajte svojoj ko\u017ei njegu kakvu zaslu\u017euje i otkrijte svjetliji, mladolikiji izgled o\u010diju!<\/p>\n","protected":false},"excerpt":{"rendered":"<p class=\"\" data-start=\"0\" data-end=\"270\">Osvje\u017eite svoju rutinu njege ko\u017ee uz ove inovativne kolagenske filmove za podru\u010dje oko o\u010diju (<a href=\"https:\/\/divotecosmetics.com\/hr\/brands\/mixsoon\/\">Mixsoon<\/a>). Dizajnirani za hidrataciju i popunjavanje ko\u017ee, kolagenski jastu\u010di\u0107i sadr\u017ee francuski kolagen, glutation i hijaluronsku kiselinu koji ciljano djeluju na sitne linije.<\/p>\n<p>&nbsp;<\/p>\n<p class=\"\" data-start=\"272\" data-end=\"507\">Hipoalergeni film \u010dvrsto prianja uz ko\u017eu, omogu\u0107uju\u0107i maksimalnu apsorpciju i anti-age u\u010dinke. Koristite ga kao zavr\u0161ni korak njege za intenzivnu njegu ispod o\u010diju, kao i na drugim osjetljivim podru\u010djima poput \u010dela i vrata.<\/p>\n","protected":false},"featured_media":5216,"comment_status":"closed","ping_status":"closed","template":"","meta":{"_acf_changed":false,"_seopress_robots_primary_cat":"none","_seopress_titles_title":"Melting Collagen Eye Film - Mixsoon - Divote","_seopress_titles_desc":"Melting Collagen Eye Film - osvje\u017eite svoju rutinu njege ko\u017ee uz ove inovativne kolagenske filmove za podru\u010dje oko o\u010diju.","_seopress_robots_index":"","inline_featured_image":false},"product_brand":[],"product_cat":[94],"product_tag":[249,252,253,119,255,314,267],"class_list":{"0":"post-5199","1":"product","2":"type-product","3":"status-publish","4":"has-post-thumbnail","6":"product_cat-njega-koze","7":"product_tag-brightening-hr","8":"product_tag-eye-care-hr","9":"product_tag-eyecare-hr","10":"product_tag-fine-lines-hr","11":"product_tag-glow-hr","12":"product_tag-hydration-hr-2","13":"product_tag-wrinkles-hr","14":"pa_brands-mixsoon","15":"pa_product-type-maska","16":"pa_product-type-njega-ociju","17":"pa_skin-type-normal-skin-hr","18":"pa_skin-type-dry-skin-hr","19":"pa_skin-type-all-skin-types-hr","20":"pa_skin-type-mature-skin-hr","22":"first","23":"instock","24":"taxable","25":"shipping-taxable","26":"purchasable","27":"product-type-simple"},"acf":[],"_links":{"self":[{"href":"https:\/\/divotecosmetics.com\/hr\/wp-json\/wp\/v2\/product\/5199","targetHints":{"allow":["GET"]}}],"collection":[{"href":"https:\/\/divotecosmetics.com\/hr\/wp-json\/wp\/v2\/product"}],"about":[{"href":"https:\/\/divotecosmetics.com\/hr\/wp-json\/wp\/v2\/types\/product"}],"replies":[{"embeddable":true,"href":"https:\/\/divotecosmetics.com\/hr\/wp-json\/wp\/v2\/comments?post=5199"}],"wp:featuredmedia":[{"embeddable":true,"href":"https:\/\/divotecosmetics.com\/hr\/wp-json\/wp\/v2\/media\/5216"}],"wp:attachment":[{"href":"https:\/\/divotecosmetics.com\/hr\/wp-json\/wp\/v2\/media?parent=5199"}],"wp:term":[{"taxonomy":"product_brand","embeddable":true,"href":"https:\/\/divotecosmetics.com\/hr\/wp-json\/wp\/v2\/product_brand?post=5199"},{"taxonomy":"product_cat","embeddable":true,"href":"https:\/\/divotecosmetics.com\/hr\/wp-json\/wp\/v2\/product_cat?post=5199"},{"taxonomy":"product_tag","embeddable":true,"href":"https:\/\/divotecosmetics.com\/hr\/wp-json\/wp\/v2\/product_tag?post=5199"}],"curies":[{"name":"wp","href":"https:\/\/api.w.org\/{rel}","templated":true}]}}