{"id":5177,"date":"2025-03-21T13:07:22","date_gmt":"2025-03-21T12:07:22","guid":{"rendered":"https:\/\/divotecosmetics.com\/?post_type=product&#038;p=5177"},"modified":"2026-04-06T20:17:57","modified_gmt":"2026-04-06T18:17:57","slug":"mixsoon-krema-sa-sojom-za-lice-50-ml","status":"publish","type":"product","link":"https:\/\/divotecosmetics.com\/hr\/shop\/njega-koze\/mixsoon-krema-sa-sojom-za-lice-50-ml\/","title":{"rendered":"Mixsoon krema sa sojom za lice 50 ml"},"content":{"rendered":"<p data-start=\"53\" data-end=\"505\">MIXSOON Bean Cream je intenzivno hidratantna krema oboga\u0107ena ekstraktima soje, kru\u0161ke i nara, koja njeguje, hidratizira i pobolj\u0161ava stanje ko\u017ee, pru\u017eaju\u0107i joj meko\u0107u i blistav izgled. Sadr\u017ei esencijalne aminokiseline koje dubinski hidratiziraju isu\u0161enu ko\u017eu i pobolj\u0161avaju njezinu teksturu. Fermentirani ekstrakt soje u formuli pru\u017ea intenzivnu njegu pora, nje\u017eno eksfolira i zagla\u0111uje neravnu teksturu ko\u017ee, \u010dine\u0107i ten ujedna\u010denijim i mek\u0161im.<\/p>\n<p>&nbsp;<\/p>\n<p data-start=\"507\" data-end=\"892\">MIXSOON Bean Cream preporu\u010duje se za sve tipove ko\u017ee, a posebno za one koji tra\u017ee prirodna i u\u010dinkovita rje\u0161enja za njegu ko\u017ee. Idealna je za suhu, osjetljivu i zrelu ko\u017eu, pru\u017eaju\u0107i dubinsku hidrataciju, njegu i za\u0161titu, poma\u017ee u odr\u017eavanju ko\u017ee u izvrsnom stanju. Formula nije ljepljiva, pa \u010dak i ako se nanese prije \u0161minke, ne\u0107e uzrokovati njezino razmazivanje ili skidanje.<\/p>\n<p>&nbsp;<\/p>\n<p data-start=\"894\" data-end=\"967\">Fermentirani ekstrakt soje \u2013 prirodna njega i regeneracija ko\u017ee<\/p>\n<p>&nbsp;<\/p>\n<p data-start=\"969\" data-end=\"1371\">Fermentirani ekstrakt soje isti\u010de se svojim izrazito hranjivim svojstvima za ko\u017eu. Bogat je proteinima, vitaminima i mineralima, pru\u017eaju\u0107i esencijalne hranjive tvari koje ja\u010daju strukturu ko\u017ee i pobolj\u0161avaju njezinu elasti\u010dnost. Tako\u0111er posjeduje protuupalna svojstva i poma\u017ee u borbi protiv starenja ko\u017ee, \u0161to ga \u010dini posebno preporu\u010dljivim za osobe sa zrelom ko\u017eom koje tra\u017ee prirodnu njegu.<\/p>\n<p data-start=\"1373\" data-end=\"1693\">Fermentirani ekstrakt soje izvrstan je izbor i za suhu i dehidriranu ko\u017eu jer dubinski hidratizira i omek\u0161ava ko\u017eu, vra\u0107aju\u0107i joj glatko\u0107u i elasti\u010dnost. Zahvaljuju\u0107i svojim umiruju\u0107im svojstvima, mo\u017ee pomo\u0107i i u smanjenju iritacija i crvenila, \u0161to ga \u010dini idealnim sastojkom za svakodnevnu njegu osjetljive ko\u017ee.<\/p>\n","protected":false},"excerpt":{"rendered":"<p><a href=\"https:\/\/divotecosmetics.com\/hr\/brands\/mixsoon\/\">MIXSOON<\/a> Bean Cream je intenzivno hidratantna krema oboga\u0107ena ekstraktima soje, kru\u0161ke i nara, koja njeguje, hidratizira i pobolj\u0161ava stanje ko\u017ee, pru\u017eaju\u0107i joj meko\u0107u i blistav izgled. Sadr\u017ei esencijalne aminokiseline koje dubinski <a href=\"https:\/\/divotecosmetics.com\/hr\/product-type\/hidratacija\/?yith_wcan=1&#038;orderby=popularity&#038;product_cat=njega-koze\">hidratiziraju<\/a> <a href=\"https:\/\/divotecosmetics.com\/hr\/skin-type\/dry-skin-hr\/?yith_wcan=1&#038;orderby=popularity&#038;product_cat=njega-koze\">isu\u0161enu<\/a> ko\u017eu i pobolj\u0161avaju njezinu teksturu. Fermentirani ekstrakt soje u formuli pru\u017ea intenzivnu njegu pora, nje\u017eno eksfolira i zagla\u0111uje neravnu teksturu ko\u017ee, \u010dine\u0107i ten ujedna\u010denijim i mek\u0161im.<\/p>\n","protected":false},"featured_media":5190,"comment_status":"closed","ping_status":"closed","template":"","meta":{"_acf_changed":false,"_seopress_robots_primary_cat":"none","_seopress_titles_title":"Bean Cream 50 ml - Mixsoon - Divote","_seopress_titles_desc":"Bean Cream je intenzivno hidratantna krema oboga\u0107ena ekstraktima soje, kru\u0161ke i nara, koja njeguje, hidratizira i pobolj\u0161ava stanje ko\u017ee","_seopress_robots_index":"","inline_featured_image":false},"product_brand":[],"product_cat":[94],"product_tag":[248,255,314,120,266,267],"class_list":{"0":"post-5177","1":"product","2":"type-product","3":"status-publish","4":"has-post-thumbnail","6":"product_cat-njega-koze","7":"product_tag-anti-age-hr","8":"product_tag-glow-hr","9":"product_tag-hydration-hr-2","10":"product_tag-pore-reduction-hr","11":"product_tag-sensitive-skin-hr","12":"product_tag-wrinkles-hr","13":"pa_brands-mixsoon","14":"pa_product-type-hidratacija","15":"pa_skin-concerns-anti-age-hr","16":"pa_skin-concerns-hydration-hr","17":"pa_skin-concerns-pore-care-hr","18":"pa_skin-type-oily-skin-hr","19":"pa_skin-type-normal-skin-hr","20":"pa_skin-type-sensitive-skin-hr","21":"pa_skin-type-dry-skin-hr","22":"pa_skin-type-all-skin-types-hr","23":"pa_skin-type-mature-skin-hr","25":"first","26":"instock","27":"taxable","28":"shipping-taxable","29":"purchasable","30":"product-type-simple"},"acf":[],"_links":{"self":[{"href":"https:\/\/divotecosmetics.com\/hr\/wp-json\/wp\/v2\/product\/5177","targetHints":{"allow":["GET"]}}],"collection":[{"href":"https:\/\/divotecosmetics.com\/hr\/wp-json\/wp\/v2\/product"}],"about":[{"href":"https:\/\/divotecosmetics.com\/hr\/wp-json\/wp\/v2\/types\/product"}],"replies":[{"embeddable":true,"href":"https:\/\/divotecosmetics.com\/hr\/wp-json\/wp\/v2\/comments?post=5177"}],"wp:featuredmedia":[{"embeddable":true,"href":"https:\/\/divotecosmetics.com\/hr\/wp-json\/wp\/v2\/media\/5190"}],"wp:attachment":[{"href":"https:\/\/divotecosmetics.com\/hr\/wp-json\/wp\/v2\/media?parent=5177"}],"wp:term":[{"taxonomy":"product_brand","embeddable":true,"href":"https:\/\/divotecosmetics.com\/hr\/wp-json\/wp\/v2\/product_brand?post=5177"},{"taxonomy":"product_cat","embeddable":true,"href":"https:\/\/divotecosmetics.com\/hr\/wp-json\/wp\/v2\/product_cat?post=5177"},{"taxonomy":"product_tag","embeddable":true,"href":"https:\/\/divotecosmetics.com\/hr\/wp-json\/wp\/v2\/product_tag?post=5177"}],"curies":[{"name":"wp","href":"https:\/\/api.w.org\/{rel}","templated":true}]}}