{"id":5031,"date":"2025-03-18T12:10:56","date_gmt":"2025-03-18T11:10:56","guid":{"rendered":"https:\/\/divotecosmetics.com\/?post_type=product&#038;p=5031"},"modified":"2026-03-27T13:53:33","modified_gmt":"2026-03-27T12:53:33","slug":"beigic-4u1-volumizirajuca-i-anti-age-maska-i-balzam-za-usne","status":"publish","type":"product","link":"https:\/\/divotecosmetics.com\/hr\/shop\/njega-koze\/beigic-4u1-volumizirajuca-i-anti-age-maska-i-balzam-za-usne\/","title":{"rendered":"Beigic 4u1 volumiziraju\u0107a i anti-age maska i balzam za usne"},"content":{"rendered":"<p data-start=\"50\" data-end=\"157\">Veganski balzam i maska (<a href=\"https:\/\/divotecosmetics.com\/hr\/moja-prica-o-clean-korejskoj-kozmetici-i-beigicu-prica-o-transformaciji-i-prijateljstvu\/\">Beigic<\/a>) koji njeguje usne, pru\u017ea glatki i puniji izgled, i djeluje protiv starenja.<\/p>\n<p data-start=\"159\" data-end=\"1106\" data-is-last-node=\"\" data-is-only-node=\"\">Zadr\u017eava vlagu usana\u00a0<br data-start=\"215\" data-end=\"218\" \/>S formulom koja sadr\u017ei ceramide i veganske peptide, balzam za usne pru\u017ea vlagu suhim usnama, ostavljaju\u0107i ih glatkima i podatnima. Shea maslac i biljno ulje pobolj\u0161avaju zadr\u017eavanje vlage i duboko njeguju usne, spre\u010davaju\u0107i isu\u0161ivanje.<\/p>\n<p data-start=\"159\" data-end=\"1106\" data-is-last-node=\"\" data-is-only-node=\"\">Punije usne &#8211; Vitamin E i veganski peptidi pobolj\u0161avaju volumen i \u010dvrsto\u0107u usana, pru\u017eaju\u0107i im elasti\u010dnost i vitalnost, posebno onima koje su izgubile volumen.<\/p>\n<p data-start=\"159\" data-end=\"1106\" data-is-last-node=\"\" data-is-only-node=\"\"><br data-start=\"612\" data-end=\"615\" \/>Pobolj\u0161anje finih linija<br data-start=\"645\" data-end=\"648\" \/>Bakuchiol, prirodni supstitut za retinol i sastojak protiv starenja, poma\u017ee smanjiti fine linije za glatkiji i mladolikiji izgled. Tako\u0111er eksfolira suhe ljuskaste dijelove ko\u017ee za bolju primjenu make-upa na usnama.<\/p>\n<p data-start=\"159\" data-end=\"1106\" data-is-last-node=\"\" data-is-only-node=\"\"><br data-start=\"865\" data-end=\"868\" \/>Svi tipovi ko\u017ee \/ Preporu\u010duje se onima kojima je potrebna hidratacija usana, pove\u0107anje volumena i elasti\u010dnosti usana te smanjenje ljuskanja.<\/p>\n<p data-start=\"159\" data-end=\"1106\" data-is-last-node=\"\" data-is-only-node=\"\"><br data-start=\"1014\" data-end=\"1017\" \/>Veganski, nije testiran na \u017eivotinjama.<\/p>\n<p data-start=\"159\" data-end=\"1106\" data-is-last-node=\"\" data-is-only-node=\"\">Bez umjetnih mirisa, umjetnih boja, silikona, parabena i sulfata.<\/p>\n","protected":false},"excerpt":{"rendered":"<p>Veganski balzam i maska (<a href=\"https:\/\/divotecosmetics.com\/hr\/brands\/beigic\/\">Beigic<\/a>) koji njeguje usne, pru\u017ea glatki i puniji izgled, i djeluje protiv starenja.<\/p>\n","protected":false},"featured_media":5130,"comment_status":"open","ping_status":"closed","template":"","meta":{"_acf_changed":false,"_seopress_robots_primary_cat":"94","_seopress_titles_title":"Volumizing PE Lip Balm & Mask - Beigic - Divote Cosmetics","_seopress_titles_desc":"Volumizing PE Lip Balm & Mask su veganski balzam i maska koji njeguje usne, pru\u017ea glatki i puniji izgled, i djeluje protiv starenja.","_seopress_robots_index":"","inline_featured_image":false},"product_brand":[],"product_cat":[94,365],"product_tag":[248,119,314,333,267],"class_list":{"0":"post-5031","1":"product","2":"type-product","3":"status-publish","4":"has-post-thumbnail","6":"product_cat-njega-koze","7":"product_cat-njega-usana-hr","8":"product_tag-anti-age-hr","9":"product_tag-fine-lines-hr","10":"product_tag-hydration-hr-2","11":"product_tag-volume-hr","12":"product_tag-wrinkles-hr","13":"pa_brands-beigic","14":"pa_ingredients-bakuchiol-2","15":"pa_ingredients-ceramide","16":"pa_ingredients-shea-butter-2","17":"pa_ingredients-vitamin-e-hr","18":"pa_product-type-njega-usana","19":"pa_skin-type-normal-skin-hr","20":"pa_skin-type-dry-skin-hr","21":"pa_skin-type-mature-skin-hr","23":"first","24":"instock","25":"taxable","26":"shipping-taxable","27":"purchasable","28":"product-type-variable","29":"has-default-attributes"},"acf":[],"_links":{"self":[{"href":"https:\/\/divotecosmetics.com\/hr\/wp-json\/wp\/v2\/product\/5031","targetHints":{"allow":["GET"]}}],"collection":[{"href":"https:\/\/divotecosmetics.com\/hr\/wp-json\/wp\/v2\/product"}],"about":[{"href":"https:\/\/divotecosmetics.com\/hr\/wp-json\/wp\/v2\/types\/product"}],"replies":[{"embeddable":true,"href":"https:\/\/divotecosmetics.com\/hr\/wp-json\/wp\/v2\/comments?post=5031"}],"wp:featuredmedia":[{"embeddable":true,"href":"https:\/\/divotecosmetics.com\/hr\/wp-json\/wp\/v2\/media\/5130"}],"wp:attachment":[{"href":"https:\/\/divotecosmetics.com\/hr\/wp-json\/wp\/v2\/media?parent=5031"}],"wp:term":[{"taxonomy":"product_brand","embeddable":true,"href":"https:\/\/divotecosmetics.com\/hr\/wp-json\/wp\/v2\/product_brand?post=5031"},{"taxonomy":"product_cat","embeddable":true,"href":"https:\/\/divotecosmetics.com\/hr\/wp-json\/wp\/v2\/product_cat?post=5031"},{"taxonomy":"product_tag","embeddable":true,"href":"https:\/\/divotecosmetics.com\/hr\/wp-json\/wp\/v2\/product_tag?post=5031"}],"curies":[{"name":"wp","href":"https:\/\/api.w.org\/{rel}","templated":true}]}}