{"id":4531,"date":"2024-12-07T22:39:29","date_gmt":"2024-12-07T21:39:29","guid":{"rendered":"https:\/\/divotecosmetics.com\/?post_type=product&#038;p=4531"},"modified":"2026-02-15T02:11:50","modified_gmt":"2026-02-15T01:11:50","slug":"divote-poklon-set","status":"publish","type":"product","link":"https:\/\/divotecosmetics.com\/hr\/shop\/njega-koze\/divote-poklon-set\/","title":{"rendered":"Divote poklon set"},"content":{"rendered":"<p><b>Sve \u0161to vam treba za besprijekornu njegu ko\u017ee!<\/b><span style=\"font-weight: 400;\">\u00a0<\/span><\/p>\n<p><span style=\"font-weight: 400;\">U prekrasnoj, personaliziranoj Divote<\/span><span style=\"font-weight: 400;\">\u00a0torbici krije se pa\u017eljivo odabrana <\/span>clean beauty rutina<span style=\"font-weight: 400;\"> koja \u0107e razveseliti svakog skincare entuzijasta \u2013 ili razmaziti vas same!\u00a0<\/span><\/p>\n<p>&nbsp;<\/p>\n<p><span style=\"font-weight: 400;\">Ovaj set donosi sve \u0161to vam treba za zdravu i blistavu ko\u017eu:<\/span><\/p>\n<p><a href=\"https:\/\/divotecosmetics.com\/hr\/shop\/njega-koze\/treatment-essence\/\"><strong>Treatment Essence 30 ml<\/strong><\/a><span style=\"font-weight: 400;\"><strong>\u00a0\u2013<\/strong> nje\u017eno hidratizira i obnavlja<\/span><\/p>\n<p><a href=\"https:\/\/divotecosmetics.com\/hr\/shop\/njega-koze\/lucent-oil\/\"><strong>Lucent Oil 10 ml<\/strong><\/a><span style=\"font-weight: 400;\"><strong> \u2013<\/strong> pru\u017ea dubinsku njegu i sjaj<\/span><\/p>\n<p><a href=\"https:\/\/divotecosmetics.com\/hr\/shop\/njega-koze\/umirujuci-centella-toner-200ml\/\"><strong>Wonder Releaf Centella Toner<\/strong><\/a><span style=\"font-weight: 400;\"><strong> 30 ml \u2013<\/strong> umiruje i priprema ko\u017eu za sljede\u0107e korake<\/span><\/p>\n<p><strong>Wonder Releaf Centella Cream 12 ml<\/strong><span style=\"font-weight: 400;\"><strong> \u2013<\/strong> umiruje iritacije i ja\u010da za\u0161titnu barijeru ko\u017ee<\/span><\/p>\n<p><strong>Wonder Releaf Centella Serum<\/strong><span style=\"font-weight: 400;\"><strong> 15 ml \u2013<\/strong> balansira i revitalizira<\/span><\/p>\n<p><strong>Mixsoon Bean Cleansing Oil 20 <\/strong><span style=\"font-weight: 400;\"><strong>ml \u2013<\/strong> uklanjanja \u0161minku i nje\u017eno \u010disti ko\u017eu<\/span><\/p>\n<p><strong>Mixsoon Bean Cream 15 ml<\/strong><span style=\"font-weight: 400;\"><strong> \u2013<\/strong> hrani ko\u017eu i pru\u017ea bogatu hidrataciju<\/span><\/p>\n<p><strong>HaruHaru Black Rice Hyaluronic Toner<\/strong><span style=\"font-weight: 400;\"><strong> 30 ml \u2013<\/strong> zaklju\u010dava vlagu i osvje\u017eava<\/span><\/p>\n<p>&nbsp;<\/p>\n<p><b>Cjelovita rutina u jednom paketu<\/b><span style=\"font-weight: 400;\"> \u2013 od SPF-a do njeguju\u0107eg ulja, svaka bo\u010dica odabrana je kako bi va\u0161a ko\u017ea bila njegovana, za\u0161ti\u0107ena i blistava u svako doba dana. Ovo nije samo poklon \u2013 to je cjelokupni ritual njege i pa\u017enje.\u00a0<\/span><\/p>\n","protected":false},"excerpt":{"rendered":"<p><span style=\"font-weight: 400;\">U prekrasnoj, personaliziranoj <a href=\"https:\/\/divotecosmetics.com\/hr\/\">Divote <\/a><\/span><span style=\"font-weight: 400;\">torbici krije se pa\u017eljivo odabrana <\/span>clean beauty rutina<span style=\"font-weight: 400;\"> koja \u0107e razveseliti svakog skincare entuzijasta \u2013 ili razmaziti vas same!\u00a0<\/span><\/p>\n<p>&nbsp;<\/p>\n","protected":false},"featured_media":4688,"comment_status":"open","ping_status":"closed","template":"","meta":{"_acf_changed":false,"_seopress_robots_primary_cat":"none","_seopress_titles_title":"Divote Gift Set - Divote Cosmetics","_seopress_titles_desc":"Divote Gift Set je paket u prekrasnoj, personaliziranoj Divote torbici krije se pa\u017eljivo odabrana beauty rutina koja \u0107e razveseliti svakog skincare...","_seopress_robots_index":"","inline_featured_image":false},"product_brand":[],"product_cat":[94],"product_tag":[],"class_list":{"0":"post-4531","1":"product","2":"type-product","3":"status-publish","4":"has-post-thumbnail","6":"product_cat-njega-koze","7":"pa_brands-beigic","8":"pa_brands-haruharu","9":"pa_brands-mixsoon","10":"pa_brands-purito","11":"pa_ingredients-centella-asiatica-hr","12":"pa_ingredients-coffee-bean-oil-hr","13":"pa_ingredients-peptides-hr","14":"pa_product-type-hidratacija","15":"pa_skin-concerns-hydration-hr","16":"pa_skin-type-oily-skin-hr","17":"pa_skin-type-normal-skin-hr","18":"pa_skin-type-dry-skin-hr","19":"pa_skin-type-all-skin-types-hr","20":"pa_skin-type-mature-skin-hr","22":"first","23":"instock","24":"taxable","25":"shipping-taxable","26":"purchasable","27":"product-type-simple"},"acf":[],"_links":{"self":[{"href":"https:\/\/divotecosmetics.com\/hr\/wp-json\/wp\/v2\/product\/4531","targetHints":{"allow":["GET"]}}],"collection":[{"href":"https:\/\/divotecosmetics.com\/hr\/wp-json\/wp\/v2\/product"}],"about":[{"href":"https:\/\/divotecosmetics.com\/hr\/wp-json\/wp\/v2\/types\/product"}],"replies":[{"embeddable":true,"href":"https:\/\/divotecosmetics.com\/hr\/wp-json\/wp\/v2\/comments?post=4531"}],"wp:featuredmedia":[{"embeddable":true,"href":"https:\/\/divotecosmetics.com\/hr\/wp-json\/wp\/v2\/media\/4688"}],"wp:attachment":[{"href":"https:\/\/divotecosmetics.com\/hr\/wp-json\/wp\/v2\/media?parent=4531"}],"wp:term":[{"taxonomy":"product_brand","embeddable":true,"href":"https:\/\/divotecosmetics.com\/hr\/wp-json\/wp\/v2\/product_brand?post=4531"},{"taxonomy":"product_cat","embeddable":true,"href":"https:\/\/divotecosmetics.com\/hr\/wp-json\/wp\/v2\/product_cat?post=4531"},{"taxonomy":"product_tag","embeddable":true,"href":"https:\/\/divotecosmetics.com\/hr\/wp-json\/wp\/v2\/product_tag?post=4531"}],"curies":[{"name":"wp","href":"https:\/\/api.w.org\/{rel}","templated":true}]}}