{"id":4262,"date":"2024-11-22T10:08:57","date_gmt":"2024-11-22T09:08:57","guid":{"rendered":"https:\/\/divotecosmetics.com\/?post_type=product&#038;p=4262"},"modified":"2026-04-19T09:14:23","modified_gmt":"2026-04-19T07:14:23","slug":"beigic-botanicki-obnavljajuci-kofeinski-sampon","status":"publish","type":"product","link":"https:\/\/divotecosmetics.com\/hr\/shop\/njega-kose\/beigic-botanicki-obnavljajuci-kofeinski-sampon\/","title":{"rendered":"Beigic botani\u010dki obnavljaju\u0107i kofeinski \u0161ampon"},"content":{"rendered":"<p>Botanical Recovery Caffeine Shampoo( <a href=\"https:\/\/divotecosmetics.com\/hr\/brands\/beigic\/\">Beigic<\/a>), oboga\u0107en kofeinom, poma\u017ee smanjiti gubitak kose i dubinski hrani o\u0161te\u0107enu kosu, ostavljaju\u0107i je zdravom i gu\u0161\u0107om.<\/p>\n<p>Sadr\u017ei 5 biljnih ulja, uklju\u010duju\u0107i ulje zelenih zrna kave, arganovo ulje i ulje eukaliptusa, koja pru\u017eaju intenzivnu <a href=\"https:\/\/divotecosmetics.com\/hr\/kategorija-proizvoda\/njega-kose\/\">njegu vlasi\u0161tu i kosi<\/a>.<\/p>\n<p>Veganski kompleks s biotinom, pantenolom i biljnim proteinima podr\u017eava proizvodnju kolagena, vra\u0107aju\u0107i kosi snagu i sjaj. Bez silikona i SLS-a, ovaj \u0161ampon idealan je za svakodnevnu upotrebu, \u010dak i na osjetljivom vlasi\u0161tu, pru\u017eaju\u0107i osvje\u017eavaju\u0107e i ugodno iskustvo pranja.<\/p>\n<p>&nbsp;<\/p>\n","protected":false},"excerpt":{"rendered":"<p>Botanical Recovery Caffeine Shampoo (<a href=\"https:\/\/divotecosmetics.com\/hr\/moja-prica-o-clean-korejskoj-kozmetici-i-beigicu-prica-o-transformaciji-i-prijateljstvu\/\">Beigic<\/a>), oboga\u0107en kofeinom, poma\u017ee smanjiti gubitak kose, poti\u010de rast i dubinski hrani o\u0161te\u0107enu kosu.<\/p>\n","protected":false},"featured_media":4270,"comment_status":"open","ping_status":"closed","template":"","meta":{"_acf_changed":false,"_seopress_robots_primary_cat":"none","_seopress_titles_title":"Botanical Recovery Caffeine Shampoo - Divote Cosmetics","_seopress_titles_desc":"Botanical Recovery Caffeine Shampoo, oboga\u0107en kofeinom, poma\u017ee smanjiti gubitak kose i hrani o\u0161te\u0107enu kosu, ostavljaju\u0107i je zdravom i gu\u0161\u0107om.","_seopress_robots_index":"","inline_featured_image":false},"product_brand":[],"product_cat":[103],"product_tag":[],"class_list":{"0":"post-4262","1":"product","2":"type-product","3":"status-publish","4":"has-post-thumbnail","6":"product_cat-njega-kose","7":"pa_brands-beigic","8":"pa_skin-type-oily-skin-hr","9":"pa_skin-type-normal-skin-hr","10":"pa_skin-type-sensitive-skin-hr","11":"pa_skin-type-dry-skin-hr","12":"pa_skin-type-all-skin-types-hr","13":"pa_skin-type-mature-skin-hr","15":"first","16":"instock","17":"taxable","18":"shipping-taxable","19":"purchasable","20":"product-type-simple"},"acf":[],"_links":{"self":[{"href":"https:\/\/divotecosmetics.com\/hr\/wp-json\/wp\/v2\/product\/4262","targetHints":{"allow":["GET"]}}],"collection":[{"href":"https:\/\/divotecosmetics.com\/hr\/wp-json\/wp\/v2\/product"}],"about":[{"href":"https:\/\/divotecosmetics.com\/hr\/wp-json\/wp\/v2\/types\/product"}],"replies":[{"embeddable":true,"href":"https:\/\/divotecosmetics.com\/hr\/wp-json\/wp\/v2\/comments?post=4262"}],"wp:featuredmedia":[{"embeddable":true,"href":"https:\/\/divotecosmetics.com\/hr\/wp-json\/wp\/v2\/media\/4270"}],"wp:attachment":[{"href":"https:\/\/divotecosmetics.com\/hr\/wp-json\/wp\/v2\/media?parent=4262"}],"wp:term":[{"taxonomy":"product_brand","embeddable":true,"href":"https:\/\/divotecosmetics.com\/hr\/wp-json\/wp\/v2\/product_brand?post=4262"},{"taxonomy":"product_cat","embeddable":true,"href":"https:\/\/divotecosmetics.com\/hr\/wp-json\/wp\/v2\/product_cat?post=4262"},{"taxonomy":"product_tag","embeddable":true,"href":"https:\/\/divotecosmetics.com\/hr\/wp-json\/wp\/v2\/product_tag?post=4262"}],"curies":[{"name":"wp","href":"https:\/\/api.w.org\/{rel}","templated":true}]}}