{"id":3722,"date":"2024-09-30T19:39:15","date_gmt":"2024-09-30T17:39:15","guid":{"rendered":"https:\/\/divotecosmetics.com\/?post_type=product&#038;p=3722"},"modified":"2026-03-08T13:19:57","modified_gmt":"2026-03-08T12:19:57","slug":"axis-y-mugwort-zelena-energetska-sheet-maska-s-kompleksom-vitalnih-sastojaka-27-ml-1-maska","status":"publish","type":"product","link":"https:\/\/divotecosmetics.com\/hr\/shop\/njega-koze\/axis-y-mugwort-zelena-energetska-sheet-maska-s-kompleksom-vitalnih-sastojaka-27-ml-1-maska\/","title":{"rendered":"AXIS-Y Mugwort zelena energetska sheet maska s kompleksom vitalnih sastojaka 27 ml \/ 1 maska"},"content":{"rendered":"<p><span style=\"font-weight: 400;\">AXIS-Y Mugwort Green Vital Energy Complex Sheet Mask kombinira tradicionalnu korejsku njegu ko\u017ee s modernim formulacijama za luksuzno tretiranje ko\u017ee. Infuzirana s 61% ekstrakta pelina, ova maska od biljnog celuloznog materijala pru\u017ea intenzivnu hidrataciju dok nje\u017eno tkanje omogu\u0107uje duboku penetraciju hranjivih sastojaka, stvaraju\u0107i efekt druge ko\u017ee.<\/span><\/p>\n<p>&nbsp;<\/p>\n<p><span style=\"font-weight: 400;\">Savr\u0161ena za sve tipove ko\u017ee, posebno osjetljivu ili o\u0161te\u0107enu ko\u017eu, ova maska poma\u017ee regulirati proizvodnju sebuma i smanjiti nesavr\u0161enosti. Sna\u017ena kombinacija divljeg pelina, ekstrakta korijena sladi\u0107a i zelenog \u010daja umiruje upale i crvenilo, dok Centella Asiatica i okra ja\u010daju za\u0161titnu barijeru ko\u017ee. Ekstrakti bogati antioksidansima iz brokule, \u0161pinata i kupusa pobolj\u0161avaju za\u0161titu za blistav ten.<\/span><\/p>\n<p>&nbsp;<\/p>\n<p><span style=\"font-weight: 400;\">U\u017eivajte u AXIS-Y Mugwort Green Vital Energy Complex Sheet Mask za osvje\u017eavaju\u0107e i revitaliziraju\u0107e iskustvo koje transformira umornu ko\u017eu u blistavi sjaj. Pove\u0107ajte svoju self-care rutinu s ovim umiruju\u0107im tretmanom koji pomla\u0111uje i va\u0161u ko\u017eu i va\u0161a osjetila!<\/span><\/p>\n","protected":false},"excerpt":{"rendered":"<p><span style=\"font-weight: 400;\">Savr\u0161ena za sve tipove ko\u017ee, posebno osjetljivu ili o\u0161te\u0107enu ko\u017eu, ova maska poma\u017ee regulirati proizvodnju sebuma i smanjiti nesavr\u0161enosti. <\/span><\/p>\n","protected":false},"featured_media":3792,"comment_status":"open","ping_status":"closed","template":"","meta":{"_acf_changed":false,"_seopress_robots_primary_cat":"none","_seopress_titles_title":"Mugwort Green Vital Energy Complex Sheet Mask 27 ml \/ 1 Sheet","_seopress_titles_desc":"Savr\u0161ena za sve tipove ko\u017ee, posebno osjetljivu ili o\u0161te\u0107enu ko\u017eu, ova maska poma\u017ee regulirati proizvodnju sebuma i smanjiti nesavr\u0161enosti.","_seopress_robots_index":"","inline_featured_image":false},"product_brand":[],"product_cat":[94],"product_tag":[314,121],"class_list":{"0":"post-3722","1":"product","2":"type-product","3":"status-publish","4":"has-post-thumbnail","6":"product_cat-njega-koze","7":"product_tag-hydration-hr-2","8":"product_tag-shiny-cheeks-hr","9":"pa_brands-axis-y","10":"pa_ingredients-centella-asiatica-hr","11":"pa_product-type-maska","12":"pa_skin-concerns-acne-hr","13":"pa_skin-concerns-hyperpigmentation-hr","14":"pa_skin-type-oily-skin-hr","15":"pa_skin-type-normal-skin-hr","16":"pa_skin-type-sensitive-skin-hr","17":"pa_skin-type-dry-skin-hr","18":"pa_skin-type-all-skin-types-hr","19":"pa_skin-type-mature-skin-hr","21":"first","22":"instock","23":"taxable","24":"shipping-taxable","25":"purchasable","26":"product-type-simple"},"acf":[],"_links":{"self":[{"href":"https:\/\/divotecosmetics.com\/hr\/wp-json\/wp\/v2\/product\/3722","targetHints":{"allow":["GET"]}}],"collection":[{"href":"https:\/\/divotecosmetics.com\/hr\/wp-json\/wp\/v2\/product"}],"about":[{"href":"https:\/\/divotecosmetics.com\/hr\/wp-json\/wp\/v2\/types\/product"}],"replies":[{"embeddable":true,"href":"https:\/\/divotecosmetics.com\/hr\/wp-json\/wp\/v2\/comments?post=3722"}],"wp:featuredmedia":[{"embeddable":true,"href":"https:\/\/divotecosmetics.com\/hr\/wp-json\/wp\/v2\/media\/3792"}],"wp:attachment":[{"href":"https:\/\/divotecosmetics.com\/hr\/wp-json\/wp\/v2\/media?parent=3722"}],"wp:term":[{"taxonomy":"product_brand","embeddable":true,"href":"https:\/\/divotecosmetics.com\/hr\/wp-json\/wp\/v2\/product_brand?post=3722"},{"taxonomy":"product_cat","embeddable":true,"href":"https:\/\/divotecosmetics.com\/hr\/wp-json\/wp\/v2\/product_cat?post=3722"},{"taxonomy":"product_tag","embeddable":true,"href":"https:\/\/divotecosmetics.com\/hr\/wp-json\/wp\/v2\/product_tag?post=3722"}],"curies":[{"name":"wp","href":"https:\/\/api.w.org\/{rel}","templated":true}]}}