{"id":3720,"date":"2024-09-30T18:56:42","date_gmt":"2024-09-30T16:56:42","guid":{"rendered":"https:\/\/divotecosmetics.com\/?post_type=product&#038;p=3720"},"modified":"2026-01-26T13:18:43","modified_gmt":"2026-01-26T12:18:43","slug":"axis-y-gel-piling-s-pha-za-prociscavanje-i-sjaj-koze-50-ml","status":"publish","type":"product","link":"https:\/\/divotecosmetics.com\/hr\/shop\/njega-koze\/axis-y-gel-piling-s-pha-za-prociscavanje-i-sjaj-koze-50-ml\/","title":{"rendered":"AXIS-Y gel piling s PHA za pro\u010di\u0161\u0107avanje i sjaj ko\u017ee 50 ml"},"content":{"rendered":"<p><span style=\"font-weight: 400;\">Otklju\u010dajte tajnu blistave ko\u017ee s <a href=\"https:\/\/divotecosmetics.com\/hr\/brands\/axis-y\/\">AXIS-Y<\/a> PHA Resurfacing Glow Peelom! Ovaj proizvod va\u0161a je karta do sjajne puti, nje\u017eno eksfoliraju\u0107i i pro\u010di\u0161\u0107avaju\u0107i pore kako bi otkrila prirodnu ljepotu va\u0161e ko\u017ee. Oboga\u0107en divnom mje\u0161avinom vo\u0107nih i povrtnih ekstrakata, uklju\u010duju\u0107i osvje\u017eavaju\u0107i krastavac, pomla\u0111uju\u0107u papaju i umiruju\u0107u Centellu asiatica, ovaj piling \u010dini \u010duda ve\u0107 od prvog kori\u0161tenja.<\/span><\/p>\n<p>&nbsp;<\/p>\n<p><span style=\"font-weight: 400;\">Zamislite umiruju\u0107e, revitaliziraju\u0107e iskustvo koje ne samo da uklanja be\u017eivotnost, ve\u0107 i hrani va\u0161u ko\u017eu, ostavljaju\u0107i je mekom i blistavom. Pogodan za sve tipove ko\u017ee\u2014\u010dak i za najosjetljiviju\u2014ovaj piling pobolj\u0161ava sposobnost va\u0161e ko\u017ee da upija blagodati omiljenih proizvoda za njegu ko\u017ee. Unaprijedite svoju rutinu s ovim transformativnim pilingom, osmi\u0161ljenim da vam pru\u017ei bistro, zdravu sjaj koja isijava samopouzdanje. Recite zbogom umornoj ko\u017ei i zdravo va\u0161oj najboljoj puti dosad!<\/span><\/p>\n","protected":false},"excerpt":{"rendered":"<p><span style=\"font-weight: 400;\">Ovaj proizvod va\u0161a je karta do sjajne puti, nje\u017eno eksfoliraju\u0107i i pro\u010di\u0161\u0107avaju\u0107i pore kako bi otkrila prirodnu ljepotu va\u0161e ko\u017ee.<\/span><\/p>\n","protected":false},"featured_media":3779,"comment_status":"open","ping_status":"closed","template":"","meta":{"_acf_changed":false,"_seopress_robots_primary_cat":"none","_seopress_titles_title":"PHA Resurfacing Glow Peel 50 ml - Divote Cosmetics","_seopress_titles_desc":"PHA Resurfacing Glow Peel - ovaj proizvod va\u0161a je karta do sjajne puti, nje\u017eno eksfoliraju\u0107i i pro\u010di\u0161\u0107avaju\u0107i pore kako bi otkrila prirodnu ljepotu","_seopress_robots_index":"","inline_featured_image":false},"product_brand":[],"product_cat":[94],"product_tag":[261],"class_list":{"0":"post-3720","1":"product","2":"type-product","3":"status-publish","4":"has-post-thumbnail","6":"product_cat-njega-koze","7":"product_tag-peeling-hr","8":"pa_brands-axis-y","9":"pa_ingredients-cucumber-hr","10":"pa_product-type-eksfolijacija","11":"pa_skin-concerns-acne-hr","12":"pa_skin-concerns-hyperpigmentation-hr","13":"pa_skin-type-oily-skin-hr","14":"pa_skin-type-normal-skin-hr","15":"pa_skin-type-sensitive-skin-hr","16":"pa_skin-type-dry-skin-hr","17":"pa_skin-type-all-skin-types-hr","18":"pa_skin-type-mature-skin-hr","20":"first","21":"instock","22":"taxable","23":"shipping-taxable","24":"purchasable","25":"product-type-simple"},"acf":[],"_links":{"self":[{"href":"https:\/\/divotecosmetics.com\/hr\/wp-json\/wp\/v2\/product\/3720","targetHints":{"allow":["GET"]}}],"collection":[{"href":"https:\/\/divotecosmetics.com\/hr\/wp-json\/wp\/v2\/product"}],"about":[{"href":"https:\/\/divotecosmetics.com\/hr\/wp-json\/wp\/v2\/types\/product"}],"replies":[{"embeddable":true,"href":"https:\/\/divotecosmetics.com\/hr\/wp-json\/wp\/v2\/comments?post=3720"}],"wp:featuredmedia":[{"embeddable":true,"href":"https:\/\/divotecosmetics.com\/hr\/wp-json\/wp\/v2\/media\/3779"}],"wp:attachment":[{"href":"https:\/\/divotecosmetics.com\/hr\/wp-json\/wp\/v2\/media?parent=3720"}],"wp:term":[{"taxonomy":"product_brand","embeddable":true,"href":"https:\/\/divotecosmetics.com\/hr\/wp-json\/wp\/v2\/product_brand?post=3720"},{"taxonomy":"product_cat","embeddable":true,"href":"https:\/\/divotecosmetics.com\/hr\/wp-json\/wp\/v2\/product_cat?post=3720"},{"taxonomy":"product_tag","embeddable":true,"href":"https:\/\/divotecosmetics.com\/hr\/wp-json\/wp\/v2\/product_tag?post=3720"}],"curies":[{"name":"wp","href":"https:\/\/api.w.org\/{rel}","templated":true}]}}