{"id":3710,"date":"2024-09-29T17:40:12","date_gmt":"2024-09-29T15:40:12","guid":{"rendered":"https:\/\/divotecosmetics.com\/?post_type=product&#038;p=3710"},"modified":"2026-02-05T21:21:34","modified_gmt":"2026-02-05T20:21:34","slug":"axis-y-tretman-za-pristice-i-nepravilnosti-15-ml","status":"publish","type":"product","link":"https:\/\/divotecosmetics.com\/hr\/shop\/njega-koze\/axis-y-tretman-za-pristice-i-nepravilnosti-15-ml\/","title":{"rendered":"AXIS-Y tretman za pri\u0161ti\u0107e i nepravilnosti 15 ml"},"content":{"rendered":"<p><span style=\"font-weight: 400;\">Predstavljamo Spot The Difference Blemish Treatment od AXIS-Y, posebno formulirano za ko\u017eu sklonu aknama, masnu i osjetljivu ko\u017eu. Ovaj lagani gel u\u010dinkovito se bori protiv pri\u0161ti\u0107a i nesavr\u0161enosti dok istovremeno hidratizira ko\u017eu putem kapsula s ceramidima, koje poma\u017eu u obnavljanju za\u0161titne barijere ko\u017ee.<\/span><\/p>\n<p>&nbsp;<\/p>\n<p><span style=\"font-weight: 400;\">Oboga\u0107en niacinamidom, AHA i BHA, ovaj tretman nje\u017eno eksfolira i \u0161titi od okoli\u0161nih stresora. Njegova brzo upijaju\u0107a formula savr\u0161ena je za svakodnevnu upotrebu, a sadr\u017ei umiruju\u0107e sastojke poput ekstrakta lista Aloe Barbadensis i Centelle Asiatica. Isprobajte jasniju i zdraviju ko\u017eu nanose\u0107i ovaj gel izravno na problemati\u010dna podru\u010dja za trenutnu olak\u0161icu i u\u017eivajte u revitaliziranom tenu bez upornih nesavr\u0161enosti.<\/span><\/p>\n","protected":false},"excerpt":{"rendered":"<p><span style=\"font-weight: 400;\">Predstavljamo Spot The Difference Blemish Treatment od <a href=\"https:\/\/divotecosmetics.com\/hr\/brands\/axis-y\/\">AXIS-Y<\/a>, posebno formulirano za <a href=\"https:\/\/divotecosmetics.com\/hr\/skin-type\/sensitive-skin-hr\/?yith_wcan=1&#038;orderby=popularity&#038;product_cat=njega-koze\">ko\u017eu sklonu aknama<\/a>, masnu i osjetljivu ko\u017eu.<\/span><\/p>\n","protected":false},"featured_media":3771,"comment_status":"open","ping_status":"closed","template":"","meta":{"_acf_changed":false,"_seopress_robots_primary_cat":"none","_seopress_titles_title":"Spot the Difference Blemish Treatment 15 ml - Divote","_seopress_titles_desc":"Spot the Difference Blemish Treatment 15 ml je posebno formulirano za ko\u017eu sklonu aknama, masnu i osjetljivu ko\u017eu. Posjetite Divote Cosmetics","_seopress_robots_index":"","inline_featured_image":false},"product_brand":[],"product_cat":[94],"product_tag":[247,258],"class_list":{"0":"post-3710","1":"product","2":"type-product","3":"status-publish","4":"has-post-thumbnail","6":"product_cat-njega-koze","7":"product_tag-acne-care-hr","8":"product_tag-hyperpigmentation-hr","9":"pa_brands-axis-y","10":"pa_ingredients-tea-tree-extract-hr","11":"pa_product-type-serum-hr","12":"pa_skin-concerns-acne-hr","13":"pa_skin-concerns-hyperpigmentation-hr","14":"pa_skin-type-oily-skin-hr","15":"pa_skin-type-normal-skin-hr","16":"pa_skin-type-sensitive-skin-hr","17":"pa_skin-type-dry-skin-hr","18":"pa_skin-type-all-skin-types-hr","19":"pa_skin-type-mature-skin-hr","21":"first","22":"instock","23":"taxable","24":"shipping-taxable","25":"purchasable","26":"product-type-simple"},"acf":[],"_links":{"self":[{"href":"https:\/\/divotecosmetics.com\/hr\/wp-json\/wp\/v2\/product\/3710","targetHints":{"allow":["GET"]}}],"collection":[{"href":"https:\/\/divotecosmetics.com\/hr\/wp-json\/wp\/v2\/product"}],"about":[{"href":"https:\/\/divotecosmetics.com\/hr\/wp-json\/wp\/v2\/types\/product"}],"replies":[{"embeddable":true,"href":"https:\/\/divotecosmetics.com\/hr\/wp-json\/wp\/v2\/comments?post=3710"}],"wp:featuredmedia":[{"embeddable":true,"href":"https:\/\/divotecosmetics.com\/hr\/wp-json\/wp\/v2\/media\/3771"}],"wp:attachment":[{"href":"https:\/\/divotecosmetics.com\/hr\/wp-json\/wp\/v2\/media?parent=3710"}],"wp:term":[{"taxonomy":"product_brand","embeddable":true,"href":"https:\/\/divotecosmetics.com\/hr\/wp-json\/wp\/v2\/product_brand?post=3710"},{"taxonomy":"product_cat","embeddable":true,"href":"https:\/\/divotecosmetics.com\/hr\/wp-json\/wp\/v2\/product_cat?post=3710"},{"taxonomy":"product_tag","embeddable":true,"href":"https:\/\/divotecosmetics.com\/hr\/wp-json\/wp\/v2\/product_tag?post=3710"}],"curies":[{"name":"wp","href":"https:\/\/api.w.org\/{rel}","templated":true}]}}