{"id":3708,"date":"2024-09-29T17:29:31","date_gmt":"2024-09-29T15:29:31","guid":{"rendered":"https:\/\/divotecosmetics.com\/?post_type=product&#038;p=3708"},"modified":"2026-03-18T10:38:03","modified_gmt":"2026-03-18T09:38:03","slug":"axis-y-gel-maska-za-obnovu-koze-100-ml","status":"publish","type":"product","link":"https:\/\/divotecosmetics.com\/hr\/shop\/njega-koze\/axis-y-gel-maska-za-obnovu-koze-100-ml\/","title":{"rendered":"AXIS-Y Gel maska za obnovu ko\u017ee 100 ml"},"content":{"rendered":"<p><span style=\"font-weight: 400;\">AXIS-Y New Skin Resolution Gel Mask je osmi\u0161ljena za pomla\u0111ivanje i umirivanje ko\u017ee, pru\u017eaju\u0107i trenuta\u010dan poticaj hidratacije i hranjivih tvari. Oboga\u0107ena sna\u017enim sastojcima, ova gel maska ja\u010da prirodnu barijeru ko\u017ee i nudi intenzivnu njegu za osvje\u017eeni i blistavi ten.<\/span><\/p>\n<p>&nbsp;<\/p>\n<p><span style=\"font-weight: 400;\">New Skin Resolution Gel Mask umiruje i revitalizira umornu i osjetljivu ko\u017eu, dok 2% Niacinamida poma\u017ee vidljivo pobolj\u0161ati neujedna\u010den ten i smanjiti be\u017eivotnost. Idealna za one koji \u017eele unaprijediti svoju rutinu njege ko\u017ee, ova maska donosi zdraviji i uravnote\u017eeniji ten sa svakim kori\u0161tenjem. Bilo da va\u0161a ko\u017ea izgleda be\u017eivotno ili joj je potrebna dodatna njega, ova gel maska savr\u0161eno je rje\u0161enje za razmaziti va\u0161e lice, ostavljaju\u0107i ga glatkim, blistavim i savr\u0161eno pripremljenim za dan.<\/span><\/p>\n","protected":false},"excerpt":{"rendered":"<p><span style=\"font-weight: 400;\"><a href=\"https:\/\/divotecosmetics.com\/hr\/brands\/axis-y\/\">AXIS-Y<\/a> New Skin Resolution Gel Mask je osmi\u0161ljena za pomla\u0111ivanje i umirivanje ko\u017ee, pru\u017eaju\u0107i trenuta\u010dan poticaj <a href=\"https:\/\/divotecosmetics.com\/hr\/skin-concerns\/hydration-hr\/?yith_wcan=1&#038;orderby=popularity&#038;product_cat=njega-koze\">hidratacije<\/a> i hranjivih tvari.<\/span><\/p>\n","protected":false},"featured_media":3766,"comment_status":"open","ping_status":"closed","template":"","meta":{"_acf_changed":false,"_seopress_robots_primary_cat":"none","_seopress_titles_title":"New Skin Resolution Gel Mask - Maska za lice - Divote","_seopress_titles_desc":"New Skin Resolution Gel Mask je osmi\u0161ljena za pomla\u0111ivanje i umirivanje ko\u017ee, pru\u017eaju\u0107i trenuta\u010dan poticaj hidratacije i hranjivih tvari.","_seopress_robots_index":"","inline_featured_image":false},"product_brand":[],"product_cat":[94],"product_tag":[250,314],"class_list":{"0":"post-3708","1":"product","2":"type-product","3":"status-publish","4":"has-post-thumbnail","6":"product_cat-njega-koze","7":"product_tag-cleansing-hr","8":"product_tag-hydration-hr-2","9":"pa_brands-axis-y","10":"pa_ingredients-glycerin-hr","11":"pa_ingredients-niacinamide-hr","12":"pa_product-type-maska","13":"pa_skin-concerns-acne-hr","14":"pa_skin-concerns-hydration-hr","15":"pa_skin-concerns-hyperpigmentation-hr","16":"pa_skin-concerns-pore-care-hr","17":"pa_skin-type-oily-skin-hr","18":"pa_skin-type-normal-skin-hr","19":"pa_skin-type-sensitive-skin-hr","20":"pa_skin-type-dry-skin-hr","21":"pa_skin-type-all-skin-types-hr","22":"pa_skin-type-mature-skin-hr","24":"first","25":"instock","26":"taxable","27":"shipping-taxable","28":"purchasable","29":"product-type-simple"},"acf":[],"_links":{"self":[{"href":"https:\/\/divotecosmetics.com\/hr\/wp-json\/wp\/v2\/product\/3708","targetHints":{"allow":["GET"]}}],"collection":[{"href":"https:\/\/divotecosmetics.com\/hr\/wp-json\/wp\/v2\/product"}],"about":[{"href":"https:\/\/divotecosmetics.com\/hr\/wp-json\/wp\/v2\/types\/product"}],"replies":[{"embeddable":true,"href":"https:\/\/divotecosmetics.com\/hr\/wp-json\/wp\/v2\/comments?post=3708"}],"wp:featuredmedia":[{"embeddable":true,"href":"https:\/\/divotecosmetics.com\/hr\/wp-json\/wp\/v2\/media\/3766"}],"wp:attachment":[{"href":"https:\/\/divotecosmetics.com\/hr\/wp-json\/wp\/v2\/media?parent=3708"}],"wp:term":[{"taxonomy":"product_brand","embeddable":true,"href":"https:\/\/divotecosmetics.com\/hr\/wp-json\/wp\/v2\/product_brand?post=3708"},{"taxonomy":"product_cat","embeddable":true,"href":"https:\/\/divotecosmetics.com\/hr\/wp-json\/wp\/v2\/product_cat?post=3708"},{"taxonomy":"product_tag","embeddable":true,"href":"https:\/\/divotecosmetics.com\/hr\/wp-json\/wp\/v2\/product_tag?post=3708"}],"curies":[{"name":"wp","href":"https:\/\/api.w.org\/{rel}","templated":true}]}}