{"id":3706,"date":"2024-09-29T16:09:51","date_gmt":"2024-09-29T14:09:51","guid":{"rendered":"https:\/\/divotecosmetics.com\/?post_type=product&#038;p=3706"},"modified":"2026-01-30T14:41:37","modified_gmt":"2026-01-30T13:41:37","slug":"axis-y-osvjezavajuca-pjena-za-ciscenje-lica-120-ml","status":"publish","type":"product","link":"https:\/\/divotecosmetics.com\/hr\/shop\/njega-koze\/axis-y-osvjezavajuca-pjena-za-ciscenje-lica-120-ml\/","title":{"rendered":"AXIS-Y osvje\u017eavaju\u0107a pjena za \u010di\u0161\u0107enje lica 120 ml"},"content":{"rendered":"<p><span style=\"font-weight: 400;\">AXIS-Y Sunday Morning Refreshing Cleansing Foam je dizajnirana za u\u010dinkovito uklanjanje vi\u0161ka ne\u010disto\u0107a s va\u0161e ko\u017ee, dok je istovremeno odr\u017eava hidratiziranom i nje\u017enom. S pH vrijedno\u0161\u0107u 5.5, ovaj neparfimirani \u010dista\u010d prodire duboko u pore kako bi eliminirao prljav\u0161tinu i vi\u0161ak ulja bez skidanja prirodne vlage s ko\u017ee. Inovativna Aquaxyl tehnologija poma\u017ee odr\u017eavanju hidratacije i ravnote\u017ee, osiguravaju\u0107i da <a href=\"https:\/\/divotecosmetics.com\/hr\/kategorija-proizvoda\/njega-koze\/\">va\u0161a ko\u017ea<\/a> ostane \u010dista, ali i hidratizirana.<\/span><\/p>\n<p>&nbsp;<\/p>\n<p><span style=\"font-weight: 400;\">Formuliran s korisnim sastojcima poput Centella Asiatica, brezinog soka, ekstrakta lista perile i ri\u017einih mekinja, ova pjena za \u010di\u0161\u0107enje ne samo da \u010disti, ve\u0107 i umiruje i \u0161titi va\u0161u ko\u017eu. Uklju\u010divanje \u0161est prirodnih umiruju\u0107ih ekstrakata, uklju\u010duju\u0107i zeleni \u010daj i neven, poja\u010dava njezina umiruju\u0107a svojstva, \u010dine\u0107i je pogodnom za sve tipove ko\u017ee, \u010dak i za osjetljive. Pripremite svoju ko\u017eu za ostatak va\u0161e rutine njege ko\u017ee koriste\u0107i ovaj nje\u017ean, ali u\u010dinkovit \u010dista\u010d za postizanje svje\u017eeg, blistavog tena.<\/span><\/p>\n","protected":false},"excerpt":{"rendered":"<p><a href=\"https:\/\/divotecosmetics.com\/hr\/brands\/axis-y\/\">AXIS-Y<\/a> Sunday Morning Refreshing Cleansing Foam je pjena za u\u010dinkovito uklanjanje vi\u0161ka ne\u010disto\u0107a, dok je istovremeno odr\u017eava <a href=\"https:\/\/divotecosmetics.com\/hr\/product-type\/hidratacija\/?yith_wcan=1&#038;orderby=popularity&#038;product_cat=njega-koze\">hidratiziranom<\/a>.<\/p>\n","protected":false},"featured_media":3753,"comment_status":"open","ping_status":"closed","template":"","meta":{"_acf_changed":false,"_seopress_robots_primary_cat":"none","_seopress_titles_title":"Sunday Morning Refreshing Cleansing Foam - Divote","_seopress_titles_desc":"AXIS-Y Sunday Morning Refreshing Cleansing Foam je pjena za u\u010dinkovito uklanjanje vi\u0161ka ne\u010disto\u0107a, dok je istovremeno odr\u017eava hidratiziranom.","_seopress_robots_index":"","inline_featured_image":false},"product_brand":[],"product_cat":[94],"product_tag":[250,314],"class_list":{"0":"post-3706","1":"product","2":"type-product","3":"status-publish","4":"has-post-thumbnail","6":"product_cat-njega-koze","7":"product_tag-cleansing-hr","8":"product_tag-hydration-hr-2","9":"pa_brands-axis-y","10":"pa_ingredients-calendula-hr","11":"pa_product-type-cistac-na-bazi-vode","12":"pa_skin-concerns-acne-hr","13":"pa_skin-concerns-hydration-hr","14":"pa_skin-concerns-hyperpigmentation-hr","15":"pa_skin-concerns-pore-care-hr","16":"pa_skin-type-oily-skin-hr","17":"pa_skin-type-normal-skin-hr","18":"pa_skin-type-sensitive-skin-hr","19":"pa_skin-type-dry-skin-hr","20":"pa_skin-type-all-skin-types-hr","21":"pa_skin-type-mature-skin-hr","23":"first","24":"instock","25":"taxable","26":"shipping-taxable","27":"purchasable","28":"product-type-simple"},"acf":[],"_links":{"self":[{"href":"https:\/\/divotecosmetics.com\/hr\/wp-json\/wp\/v2\/product\/3706","targetHints":{"allow":["GET"]}}],"collection":[{"href":"https:\/\/divotecosmetics.com\/hr\/wp-json\/wp\/v2\/product"}],"about":[{"href":"https:\/\/divotecosmetics.com\/hr\/wp-json\/wp\/v2\/types\/product"}],"replies":[{"embeddable":true,"href":"https:\/\/divotecosmetics.com\/hr\/wp-json\/wp\/v2\/comments?post=3706"}],"wp:featuredmedia":[{"embeddable":true,"href":"https:\/\/divotecosmetics.com\/hr\/wp-json\/wp\/v2\/media\/3753"}],"wp:attachment":[{"href":"https:\/\/divotecosmetics.com\/hr\/wp-json\/wp\/v2\/media?parent=3706"}],"wp:term":[{"taxonomy":"product_brand","embeddable":true,"href":"https:\/\/divotecosmetics.com\/hr\/wp-json\/wp\/v2\/product_brand?post=3706"},{"taxonomy":"product_cat","embeddable":true,"href":"https:\/\/divotecosmetics.com\/hr\/wp-json\/wp\/v2\/product_cat?post=3706"},{"taxonomy":"product_tag","embeddable":true,"href":"https:\/\/divotecosmetics.com\/hr\/wp-json\/wp\/v2\/product_tag?post=3706"}],"curies":[{"name":"wp","href":"https:\/\/api.w.org\/{rel}","templated":true}]}}