{"id":3704,"date":"2024-09-29T16:00:14","date_gmt":"2024-09-29T14:00:14","guid":{"rendered":"https:\/\/divotecosmetics.com\/?post_type=product&#038;p=3704"},"modified":"2026-03-09T08:50:13","modified_gmt":"2026-03-09T07:50:13","slug":"axis-y-prociscavajuca-maska-za-pore-s-pelinom-100-ml","status":"publish","type":"product","link":"https:\/\/divotecosmetics.com\/hr\/shop\/njega-koze\/axis-y-prociscavajuca-maska-za-pore-s-pelinom-100-ml\/","title":{"rendered":"AXIS-Y Pro\u010di\u0161\u0107avaju\u0107a maska za pore s pelinom 100 ml"},"content":{"rendered":"<p><span style=\"font-weight: 400;\">AXIS-Y 6+1+1 Advanced Formula Mugwort Pore Clarifying Wash Off Pack je pro\u010di\u0161\u0107avaju\u0107a maska formulirana s dva tipa gline i umiruju\u0107im sastojcima. Ova jedinstvena mje\u0161avina umiruje ko\u017eu dok vidljivo smanjuje pojavu pora, ostavljaju\u0107i ih \u010distijima i bistrijima.<\/span><\/p>\n<p>&nbsp;<\/p>\n<p><span style=\"font-weight: 400;\">S bazom od 61% ekstrakta divljeg pelina, ova maska u\u010dinkovito otvara pore, ubla\u017eava upale i nje\u017eno eksfolira mrtve stanice ko\u017ee, otkrivaju\u0107i svjetliji i zdraviji ten. Ako se va\u0161a ko\u017ea ne osje\u0107a najbolje i treba vi\u0161e od standardne kreme, ova maska obogatit \u0107e va\u0161u rutinu njege ko\u017ee pru\u017eaju\u0107i intenzivnu njegu koja nudi trenuta\u010dno pobolj\u0161anje izgleda <a href=\"https:\/\/divotecosmetics.com\/hr\/kategorija-proizvoda\/njega-koze\/\">va\u0161e ko\u017ee<\/a>.<\/span><\/p>\n","protected":false},"excerpt":{"rendered":"<p><span style=\"font-weight: 400;\"><a href=\"https:\/\/divotecosmetics.com\/hr\/brands\/axis-y\/\">AXIS-Y<\/a> 6+1+1 Advanced Formula Mugwort Pore Clarifying Wash Off Pack je pro\u010di\u0161\u0107avaju\u0107a maska formulirana s dva tipa gline i umiruju\u0107im sastojcima.<\/span><\/p>\n","protected":false},"featured_media":7793,"comment_status":"open","ping_status":"closed","template":"","meta":{"_acf_changed":false,"_seopress_robots_primary_cat":"none","_seopress_titles_title":"Mugwort Pore Clarifiying Wash Off Pack - Maska za lice","_seopress_titles_desc":"Mugwort Pore Clarifiying Wash Off Pack je pro\u010di\u0161\u0107avaju\u0107a maska formulirana s glinom i umiruju\u0107im sastojcima. Posjetite Divote Cosmetics","_seopress_robots_index":"","inline_featured_image":false},"product_brand":[],"product_cat":[94],"product_tag":[250,314],"class_list":{"0":"post-3704","1":"product","2":"type-product","3":"status-publish","4":"has-post-thumbnail","6":"product_cat-njega-koze","7":"product_tag-cleansing-hr","8":"product_tag-hydration-hr-2","9":"pa_brands-axis-y","10":"pa_ingredients-calendula-hr","11":"pa_ingredients-chamomile-hr","12":"pa_product-type-maska","13":"pa_skin-concerns-acne-hr","14":"pa_skin-concerns-hydration-hr","15":"pa_skin-concerns-hyperpigmentation-hr","16":"pa_skin-concerns-pore-care-hr","17":"pa_skin-type-oily-skin-hr","18":"pa_skin-type-normal-skin-hr","19":"pa_skin-type-sensitive-skin-hr","20":"pa_skin-type-dry-skin-hr","21":"pa_skin-type-all-skin-types-hr","22":"pa_skin-type-mature-skin-hr","24":"first","25":"instock","26":"taxable","27":"shipping-taxable","28":"purchasable","29":"product-type-simple"},"acf":[],"_links":{"self":[{"href":"https:\/\/divotecosmetics.com\/hr\/wp-json\/wp\/v2\/product\/3704","targetHints":{"allow":["GET"]}}],"collection":[{"href":"https:\/\/divotecosmetics.com\/hr\/wp-json\/wp\/v2\/product"}],"about":[{"href":"https:\/\/divotecosmetics.com\/hr\/wp-json\/wp\/v2\/types\/product"}],"replies":[{"embeddable":true,"href":"https:\/\/divotecosmetics.com\/hr\/wp-json\/wp\/v2\/comments?post=3704"}],"wp:featuredmedia":[{"embeddable":true,"href":"https:\/\/divotecosmetics.com\/hr\/wp-json\/wp\/v2\/media\/7793"}],"wp:attachment":[{"href":"https:\/\/divotecosmetics.com\/hr\/wp-json\/wp\/v2\/media?parent=3704"}],"wp:term":[{"taxonomy":"product_brand","embeddable":true,"href":"https:\/\/divotecosmetics.com\/hr\/wp-json\/wp\/v2\/product_brand?post=3704"},{"taxonomy":"product_cat","embeddable":true,"href":"https:\/\/divotecosmetics.com\/hr\/wp-json\/wp\/v2\/product_cat?post=3704"},{"taxonomy":"product_tag","embeddable":true,"href":"https:\/\/divotecosmetics.com\/hr\/wp-json\/wp\/v2\/product_tag?post=3704"}],"curies":[{"name":"wp","href":"https:\/\/api.w.org\/{rel}","templated":true}]}}