{"id":3702,"date":"2024-09-29T15:47:16","date_gmt":"2024-09-29T13:47:16","guid":{"rendered":"https:\/\/divotecosmetics.com\/?post_type=product&#038;p=3702"},"modified":"2026-01-26T14:33:41","modified_gmt":"2026-01-26T13:33:41","slug":"axis-y-spf-krema-bez-iritacija-50-ml","status":"publish","type":"product","link":"https:\/\/divotecosmetics.com\/hr\/shop\/njega-koze\/axis-y-spf-krema-bez-iritacija-50-ml\/","title":{"rendered":"AXIS-Y SPF krema bez iritacija 50 ml"},"content":{"rendered":"<p><span style=\"font-weight: 400;\">AXIS-Y 15. SPF krema bez iritacija (Complete No-Stress Physical Sunscreen) je visokokvalitetna krema za sun\u010danje oboga\u0107ena divljim pelinom koja pru\u017ea sna\u017enu za\u0161titu od UVA i UVB zraka. Sadr\u017ei unaprije\u0111enu teksturu essence-gela, uklju\u010duje 2% niacinamida i skvalan za potporu zacjeljivanju i <a href=\"https:\/\/divotecosmetics.com\/hr\/product-type\/hidratacija\/?yith_wcan=1&#038;orderby=popularity&#038;product_cat=njega-koze\">hidrataciji<\/a>, osiguravaju\u0107i da va\u0161a ko\u017ea ostane njegovana tijekom cijelog dana.<\/span><\/p>\n<p>&nbsp;<\/p>\n<p><span style=\"font-weight: 400;\">Uz dodatak hijaluronske kiseline, ova formula odr\u017eava va\u0161u ko\u017eu hidratiziranom, dok prirodni ekstrakti poput divljeg pelina, nevena i kamilice bore se protiv slobodnih radikala i umiruju iritaciju, \u0161to je \u010dini pogodnom za osjetljivu ko\u017eu. Osim toga, ne sadr\u017ei miris, \u0161to pove\u0107ava udobnost za sve tipove ko\u017ee. Ova krema za sun\u010danje ne samo da \u0161titi od o\u0161te\u0107enja uzrokovanih suncem, ve\u0107 tako\u0111er pobolj\u0161ava va\u0161 ten, ostavljaju\u0107i ko\u017eu s blistavim sjajem. Savr\u0161ena je za sve koji tra\u017ee u\u010dinkovitu za\u0161titu od sunca uz sastojke koji njeguju ko\u017eu.<\/span><\/p>\n","protected":false},"excerpt":{"rendered":"<p><span style=\"font-weight: 400;\"><a href=\"https:\/\/divotecosmetics.com\/hr\/brands\/axis-y\/\">AXIS-Y<\/a> 15. SPF krema bez iritacija (Complete No-Stress Physical Sunscreen) je visokokvalitetna krema za sun\u010danje oboga\u0107ena divljim pelinom koja pru\u017ea sna\u017enu za\u0161titu od UVA i UVB zraka. <\/span><\/p>\n","protected":false},"featured_media":3733,"comment_status":"open","ping_status":"closed","template":"","meta":{"_acf_changed":false,"_seopress_robots_primary_cat":"none","_seopress_titles_title":"SPF krema bez iritacija - Axis-Y - Divote Cosmetics","_seopress_titles_desc":"SPF krema bez iritacija - AXIS-Y Complete No-Stress Physical Sunscreen je visokokvalitetna krema za sun\u010danje koja pru\u017ea sna\u017enu za\u0161titu od UVA..","_seopress_robots_index":"","inline_featured_image":false},"product_brand":[],"product_cat":[94],"product_tag":[314,246],"class_list":{"0":"post-3702","1":"product","2":"type-product","3":"status-publish","4":"has-post-thumbnail","6":"product_cat-njega-koze","7":"product_tag-hydration-hr-2","8":"product_tag-spf-hr","9":"pa_brands-axis-y","10":"pa_ingredients-calendula-hr","11":"pa_ingredients-chamomile-hr","12":"pa_product-type-zastita-od-sunca","13":"pa_skin-concerns-acne-hr","14":"pa_skin-concerns-hydration-hr","15":"pa_skin-concerns-hyperpigmentation-hr","16":"pa_skin-concerns-pore-care-hr","17":"pa_skin-type-oily-skin-hr","18":"pa_skin-type-normal-skin-hr","19":"pa_skin-type-sensitive-skin-hr","20":"pa_skin-type-dry-skin-hr","21":"pa_skin-type-all-skin-types-hr","22":"pa_skin-type-mature-skin-hr","24":"first","25":"instock","26":"taxable","27":"shipping-taxable","28":"purchasable","29":"product-type-simple"},"acf":[],"_links":{"self":[{"href":"https:\/\/divotecosmetics.com\/hr\/wp-json\/wp\/v2\/product\/3702","targetHints":{"allow":["GET"]}}],"collection":[{"href":"https:\/\/divotecosmetics.com\/hr\/wp-json\/wp\/v2\/product"}],"about":[{"href":"https:\/\/divotecosmetics.com\/hr\/wp-json\/wp\/v2\/types\/product"}],"replies":[{"embeddable":true,"href":"https:\/\/divotecosmetics.com\/hr\/wp-json\/wp\/v2\/comments?post=3702"}],"wp:featuredmedia":[{"embeddable":true,"href":"https:\/\/divotecosmetics.com\/hr\/wp-json\/wp\/v2\/media\/3733"}],"wp:attachment":[{"href":"https:\/\/divotecosmetics.com\/hr\/wp-json\/wp\/v2\/media?parent=3702"}],"wp:term":[{"taxonomy":"product_brand","embeddable":true,"href":"https:\/\/divotecosmetics.com\/hr\/wp-json\/wp\/v2\/product_brand?post=3702"},{"taxonomy":"product_cat","embeddable":true,"href":"https:\/\/divotecosmetics.com\/hr\/wp-json\/wp\/v2\/product_cat?post=3702"},{"taxonomy":"product_tag","embeddable":true,"href":"https:\/\/divotecosmetics.com\/hr\/wp-json\/wp\/v2\/product_tag?post=3702"}],"curies":[{"name":"wp","href":"https:\/\/api.w.org\/{rel}","templated":true}]}}