{"id":3700,"date":"2024-09-29T15:25:30","date_gmt":"2024-09-29T13:25:30","guid":{"rendered":"https:\/\/divotecosmetics.com\/?post_type=product&#038;p=3700"},"modified":"2026-03-09T16:54:12","modified_gmt":"2026-03-09T15:54:12","slug":"axis-y-dvostruka-krema-s-ceramidima-60-ml","status":"publish","type":"product","link":"https:\/\/divotecosmetics.com\/hr\/shop\/njega-koze\/axis-y-dvostruka-krema-s-ceramidima-60-ml\/","title":{"rendered":"AXIS-Y Dvostruka krema s ceramidima za sve tipove ko\u017ee 60 ml"},"content":{"rendered":"<p><span style=\"font-weight: 400;\">Dvostruka krema s ceramidima, Axis-Y -(Cera-Heart My Type Duo Cream) je veganska hidratantna duo-krema posebno dizajnirna za T-zonu i U-zonu, u\u010dinkovito rje\u0161avaju\u0107i razne probleme s ko\u017eom. Sadr\u017ei osvje\u017eavaju\u0107u plavu gel-kremu za T-zonu i bogatiju bijelu kremu za U-zonu, osiguravaju\u0107i prilago\u0111enu hidrataciju i njegu za svako podru\u010dje.<\/span><\/p>\n<p>&nbsp;<\/p>\n<p><span style=\"font-weight: 400;\">Oboga\u0107ena umiruju\u0107im ekstraktima sr\u010danika, centelle i tu\u0161tike, ova krema hidratizira i umiruje ko\u017eu, dok ekstrakt sirka posvjetljuje ten i smanjuje pojavu bora. Njegova jedinstvena formulacija prilago\u0111ava se promjenjivim potrebama <a href=\"https:\/\/divotecosmetics.com\/hr\/kada-pricamo-o-njezi-koze-birajte-optimalno-a-ne-viralno\/\">va\u0161e ko\u017ee<\/a>, poti\u010du\u0107i mladolik, blistav izgled tijekom cijele godine.<\/span><\/p>\n","protected":false},"excerpt":{"rendered":"<p><span style=\"font-weight: 400;\">Dvostruka krema s ceramidima, <a href=\"https:\/\/divotecosmetics.com\/hr\/brands\/axis-y\/\">Axis-Y<\/a> &#8211; (Cera-Heart My Type Duo Cream) je veganska hidratantna duo-krema posebno dizajnirana za T-zonu i U-zonu, u\u010dinkovito rje\u0161avaju\u0107i razne probleme s <a href=\"https:\/\/divotecosmetics.com\/hr\/kako-postici-blistavu-zdravu-kozu-ultimativni-vodic-by-divote-cosmetics\/\">ko\u017eom<\/a>. <\/span><\/p>\n","protected":false},"featured_media":3724,"comment_status":"open","ping_status":"closed","template":"","meta":{"_acf_changed":false,"_seopress_robots_primary_cat":"none","_seopress_titles_title":"Dvostruka krema s ceramidima - Axis-Y - Divote Cosmetics","_seopress_titles_desc":"Dvostruka krema s ceramidima je hidratantna duo-krema posebno dizajnirna za T-zonu i U-zonu, u\u010dinkovito rje\u0161avaju\u0107i razne probleme s ko\u017eom.","_seopress_robots_index":"","inline_featured_image":false},"product_brand":[],"product_cat":[94],"product_tag":[247,249,258],"class_list":{"0":"post-3700","1":"product","2":"type-product","3":"status-publish","4":"has-post-thumbnail","6":"product_cat-njega-koze","7":"product_tag-acne-care-hr","8":"product_tag-brightening-hr","9":"product_tag-hyperpigmentation-hr","10":"pa_brands-axis-y","11":"pa_ingredients-allantoin-hr","12":"pa_product-type-hidratacija","13":"pa_skin-concerns-acne-hr","14":"pa_skin-concerns-hydration-hr","15":"pa_skin-concerns-hyperpigmentation-hr","16":"pa_skin-concerns-pore-care-hr","17":"pa_skin-type-oily-skin-hr","18":"pa_skin-type-normal-skin-hr","19":"pa_skin-type-sensitive-skin-hr","20":"pa_skin-type-dry-skin-hr","21":"pa_skin-type-all-skin-types-hr","22":"pa_skin-type-mature-skin-hr","24":"first","25":"instock","26":"taxable","27":"shipping-taxable","28":"purchasable","29":"product-type-simple"},"acf":[],"_links":{"self":[{"href":"https:\/\/divotecosmetics.com\/hr\/wp-json\/wp\/v2\/product\/3700","targetHints":{"allow":["GET"]}}],"collection":[{"href":"https:\/\/divotecosmetics.com\/hr\/wp-json\/wp\/v2\/product"}],"about":[{"href":"https:\/\/divotecosmetics.com\/hr\/wp-json\/wp\/v2\/types\/product"}],"replies":[{"embeddable":true,"href":"https:\/\/divotecosmetics.com\/hr\/wp-json\/wp\/v2\/comments?post=3700"}],"wp:featuredmedia":[{"embeddable":true,"href":"https:\/\/divotecosmetics.com\/hr\/wp-json\/wp\/v2\/media\/3724"}],"wp:attachment":[{"href":"https:\/\/divotecosmetics.com\/hr\/wp-json\/wp\/v2\/media?parent=3700"}],"wp:term":[{"taxonomy":"product_brand","embeddable":true,"href":"https:\/\/divotecosmetics.com\/hr\/wp-json\/wp\/v2\/product_brand?post=3700"},{"taxonomy":"product_cat","embeddable":true,"href":"https:\/\/divotecosmetics.com\/hr\/wp-json\/wp\/v2\/product_cat?post=3700"},{"taxonomy":"product_tag","embeddable":true,"href":"https:\/\/divotecosmetics.com\/hr\/wp-json\/wp\/v2\/product_tag?post=3700"}],"curies":[{"name":"wp","href":"https:\/\/api.w.org\/{rel}","templated":true}]}}