{"id":3694,"date":"2024-09-29T14:56:22","date_gmt":"2024-09-29T12:56:22","guid":{"rendered":"https:\/\/divotecosmetics.com\/?post_type=product&#038;p=3694"},"modified":"2026-04-02T12:30:22","modified_gmt":"2026-04-02T10:30:22","slug":"axis-y-serum-za-posvjetljivanje-tamih-mrlja-50ml","status":"publish","type":"product","link":"https:\/\/divotecosmetics.com\/hr\/shop\/njega-koze\/axis-y-serum-za-posvjetljivanje-tamih-mrlja-50ml\/","title":{"rendered":"AXIS-Y Serum za posvjetljivanje tamnih mrlja 50ml"},"content":{"rendered":"<p><span style=\"font-weight: 400;\">Serum za posvjetljivanje tamnih mrlja AXIS-Y (Dark Spot Correcting Glow Serum) stru\u010dno je formuliran za ujedna\u010davanje tena i pobolj\u0161anje cjelokupne blistavosti ko\u017ee. Bogat sna\u017enim sastojcima za posvjetljivanje, poput niacinamida i ulja divlje vu\u010dje bobice, u\u010dinkovito djeluje na tamne mrlje i pobolj\u0161ava \u010disto\u0107u ko\u017ee. Prakti\u010dna pumpica omogu\u0107uje jednostavnu primjenu, \u010dine\u0107i ga savr\u0161enim dodatkom svakoj rutini njege ko\u017ee.<\/span><\/p>\n<p>&nbsp;<\/p>\n<p><span style=\"font-weight: 400;\">Sa 5% niacinamida i ekstraktom ri\u017ee, ovaj serum djeluje na hiperpigmentaciju, uklju\u010duju\u0107i tragove od nepravilnosti, dok istovremeno poti\u010de ujedna\u010deniji ten. Bogat vitaminom C iz vu\u010dje bobice i acerole tre\u0161nje, tako\u0111er poma\u017ee u smanjenju pojave finih linija i bora. Njegova lagana formula pru\u017ea duboku hidrataciju bez ljepljivog osje\u0107aja, ostavljaju\u0107i ko\u017eu osvje\u017eenom.<\/span><\/p>\n<p>&nbsp;<\/p>\n<p><span style=\"font-weight: 400;\">Oboga\u0107en umiruju\u0107im ekstraktom nevena i hranjivim skvalanom, ovaj serum posvjetljuje ko\u017eu dok istovremeno smiruje iritacije i hrapavost. Sna\u017ena formulacija poti\u010de zdrav, blistav sjaj, omogu\u0107uju\u0107i osje\u0107aj samopouzdanja u svojoj prirodnoj ko\u017ei i u\u017eitka u vidljivim pobolj\u0161anjima sa svakom primjenom.<\/span><\/p>\n","protected":false},"excerpt":{"rendered":"<p><span style=\"font-weight: 400;\">Serum za posvjetljivanje tamnih mrlja <a href=\"https:\/\/divotecosmetics.com\/hr\/brands\/axis-y\/\">AXIS-Y<\/a> (Dark Spot Correcting Glow Serum) stru\u010dno je formuliran za ujedna\u010davanje tena i pobolj\u0161anje cjelokupne <a href=\"https:\/\/divotecosmetics.com\/hr\/kategorija-proizvoda\/njega-koze\/\">blistavosti ko\u017ee<\/a>.<\/span><\/p>\n","protected":false},"featured_media":3696,"comment_status":"open","ping_status":"closed","template":"","meta":{"_acf_changed":false,"_seopress_robots_primary_cat":"none","_seopress_titles_title":"Serum za posvjetljivanje tamnih mrlja 50 ml - Divote","_seopress_titles_desc":"Serum za posvjetljivanje tamnih mrlja - AXIS-Y stru\u010dno je formuliran za ujedna\u010davanje tena i pobolj\u0161anje cjelokupne blistavosti ko\u017ee.","_seopress_robots_index":"","inline_featured_image":false},"product_brand":[],"product_cat":[94],"product_tag":[247,249,258],"class_list":{"0":"post-3694","1":"product","2":"type-product","3":"status-publish","4":"has-post-thumbnail","6":"product_cat-njega-koze","7":"product_tag-acne-care-hr","8":"product_tag-brightening-hr","9":"product_tag-hyperpigmentation-hr","10":"pa_brands-axis-y","11":"pa_ingredients-niacinamide-hr","12":"pa_product-type-serum-hr","13":"pa_skin-concerns-acne-hr","14":"pa_skin-concerns-hydration-hr","15":"pa_skin-concerns-hyperpigmentation-hr","16":"pa_skin-concerns-pore-care-hr","17":"pa_skin-type-oily-skin-hr","18":"pa_skin-type-normal-skin-hr","19":"pa_skin-type-sensitive-skin-hr","20":"pa_skin-type-dry-skin-hr","21":"pa_skin-type-all-skin-types-hr","22":"pa_skin-type-mature-skin-hr","24":"first","25":"instock","26":"taxable","27":"shipping-taxable","28":"purchasable","29":"product-type-simple"},"acf":[],"_links":{"self":[{"href":"https:\/\/divotecosmetics.com\/hr\/wp-json\/wp\/v2\/product\/3694","targetHints":{"allow":["GET"]}}],"collection":[{"href":"https:\/\/divotecosmetics.com\/hr\/wp-json\/wp\/v2\/product"}],"about":[{"href":"https:\/\/divotecosmetics.com\/hr\/wp-json\/wp\/v2\/types\/product"}],"replies":[{"embeddable":true,"href":"https:\/\/divotecosmetics.com\/hr\/wp-json\/wp\/v2\/comments?post=3694"}],"wp:featuredmedia":[{"embeddable":true,"href":"https:\/\/divotecosmetics.com\/hr\/wp-json\/wp\/v2\/media\/3696"}],"wp:attachment":[{"href":"https:\/\/divotecosmetics.com\/hr\/wp-json\/wp\/v2\/media?parent=3694"}],"wp:term":[{"taxonomy":"product_brand","embeddable":true,"href":"https:\/\/divotecosmetics.com\/hr\/wp-json\/wp\/v2\/product_brand?post=3694"},{"taxonomy":"product_cat","embeddable":true,"href":"https:\/\/divotecosmetics.com\/hr\/wp-json\/wp\/v2\/product_cat?post=3694"},{"taxonomy":"product_tag","embeddable":true,"href":"https:\/\/divotecosmetics.com\/hr\/wp-json\/wp\/v2\/product_tag?post=3694"}],"curies":[{"name":"wp","href":"https:\/\/api.w.org\/{rel}","templated":true}]}}