{"id":3688,"date":"2024-09-29T14:43:17","date_gmt":"2024-09-29T12:43:17","guid":{"rendered":"https:\/\/divotecosmetics.com\/?post_type=product&#038;p=3688"},"modified":"2026-04-18T00:20:05","modified_gmt":"2026-04-17T22:20:05","slug":"axis-y-balansirajuci-gel-za-ciscenje-s-quinoom-180-ml","status":"publish","type":"product","link":"https:\/\/divotecosmetics.com\/hr\/shop\/njega-koze\/axis-y-balansirajuci-gel-za-ciscenje-s-quinoom-180-ml\/","title":{"rendered":"AXIS-Y balansiraju\u0107i gel za \u010di\u0161\u0107enje s quinoom 180 ml"},"content":{"rendered":"<p><span style=\"font-weight: 400;\">Prije nego \u0161to zapo\u010dnete svoju rutinu njege ko\u017ee, va\u017eno je po\u010deti s temeljitim \u010di\u0161\u0107enjem kako biste stvorili \u010dvrstu podlogu za u\u010dinkovito daljnje tretiranje. <a href=\"https:\/\/divotecosmetics.com\/hr\/brands\/axis-y\/\">AXIS-Y<\/a> 6+1+1 Advanced Formula Cleansing Gel u\u010dinkovito uklanja ne\u010disto\u0107e, \u0161minku i vi\u0161ak sebuma koji se nakuplja tijekom dana ili no\u0107i, ostavljaju\u0107i <a href=\"https:\/\/divotecosmetics.com\/hr\/kategorija-proizvoda\/njega-koze\/\">va\u0161u ko\u017eu<\/a> savr\u0161eno \u010distom i spremnom za sljede\u0107e korake u va\u0161oj rutini.<\/span><\/p>\n<p>&nbsp;<\/p>\n<p><span style=\"font-weight: 400;\">Ovaj blagi gel za \u010di\u0161\u0107enje sadr\u017ei jedinstvenu mje\u0161avinu od \u0161est biljnih sastojaka, jedne klju\u010dne aktivne komponente i jedne patentirane tehnologije, a sve su osmi\u0161ljene za u\u010dinkovito rje\u0161avanje problema s ko\u017eom. Odr\u017eava neutralnu pH ravnote\u017eu od 5.5, \u0161to poma\u017ee o\u010duvanju optimalnih razina vlage u ko\u017ei i ja\u010danju njezine za\u0161titne barijere. Kombinacija quinoe i esencijalnih nutrijenata ne samo da pro\u010di\u0161\u0107ava ko\u017eu, ve\u0107 tako\u0111er pru\u017ea umiruju\u0107i u\u010dinak, rezultiraju\u0107i osvje\u017eenim i revitaliziranim tenom.<\/span><\/p>\n<p>&nbsp;<\/p>\n<p><span style=\"font-weight: 400;\">Quinoa One-Step Balanced Gel Cleanser prikladan je za sve tipove ko\u017ee i mo\u017ee se koristiti kao dio re\u017eima lije\u010denja akni, osiguravaju\u0107i da se va\u0161a ko\u017ea osje\u0107a \u010distom, hidratiziranom i uravnote\u017eenom nakon svake upotrebe.<\/span><\/p>\n","protected":false},"excerpt":{"rendered":"<p><span style=\"font-weight: 400;\">Ovaj blagi gel za \u010di\u0161\u0107enje sadr\u017ei jedinstvenu mje\u0161avinu od \u0161est biljnih sastojaka, jedne klju\u010dne aktivne komponente i jedne patentirane tehnologije, a sve su osmi\u0161ljene za u\u010dinkovito rje\u0161avanje <a href=\"https:\/\/divotecosmetics.com\/hr\/skin-type\/sensitive-skin-hr\/?yith_wcan=1&#038;orderby=popularity&#038;product_cat=njega-koze\">problema s ko\u017eom<\/a>. <\/span><\/p>\n","protected":false},"featured_media":3690,"comment_status":"open","ping_status":"closed","template":"","meta":{"_acf_changed":false,"_seopress_robots_primary_cat":"none","_seopress_titles_title":"Quinoa One-Step Balanced Gel Cleanser 180 ml - Divote","_seopress_titles_desc":"Quinoa One-Step Balanced Gel Cleanser - ovaj proizvod u\u010dinkovito uklanja ne\u010disto\u0107e, \u0161minku i vi\u0161ak sebuma koji se nakuplja tijekom dana ili no\u0107i","_seopress_robots_index":"","inline_featured_image":false},"product_brand":[],"product_cat":[94],"product_tag":[247,250,237],"class_list":{"0":"post-3688","1":"product","2":"type-product","3":"status-publish","4":"has-post-thumbnail","6":"product_cat-njega-koze","7":"product_tag-acne-care-hr","8":"product_tag-cleansing-hr","9":"product_tag-lijecenje-akni-hr","10":"pa_brands-axis-y","11":"pa_ingredients-centella-asiatica-hr","12":"pa_ingredients-salicylic-acid-hr","13":"pa_product-type-cistac-na-bazi-vode","14":"pa_skin-concerns-acne-hr","15":"pa_skin-concerns-hydration-hr","16":"pa_skin-concerns-hyperpigmentation-hr","17":"pa_skin-concerns-pore-care-hr","18":"pa_skin-type-oily-skin-hr","19":"pa_skin-type-normal-skin-hr","20":"pa_skin-type-sensitive-skin-hr","21":"pa_skin-type-dry-skin-hr","22":"pa_skin-type-all-skin-types-hr","23":"pa_skin-type-mature-skin-hr","25":"first","26":"instock","27":"taxable","28":"shipping-taxable","29":"purchasable","30":"product-type-simple"},"acf":[],"_links":{"self":[{"href":"https:\/\/divotecosmetics.com\/hr\/wp-json\/wp\/v2\/product\/3688","targetHints":{"allow":["GET"]}}],"collection":[{"href":"https:\/\/divotecosmetics.com\/hr\/wp-json\/wp\/v2\/product"}],"about":[{"href":"https:\/\/divotecosmetics.com\/hr\/wp-json\/wp\/v2\/types\/product"}],"replies":[{"embeddable":true,"href":"https:\/\/divotecosmetics.com\/hr\/wp-json\/wp\/v2\/comments?post=3688"}],"wp:featuredmedia":[{"embeddable":true,"href":"https:\/\/divotecosmetics.com\/hr\/wp-json\/wp\/v2\/media\/3690"}],"wp:attachment":[{"href":"https:\/\/divotecosmetics.com\/hr\/wp-json\/wp\/v2\/media?parent=3688"}],"wp:term":[{"taxonomy":"product_brand","embeddable":true,"href":"https:\/\/divotecosmetics.com\/hr\/wp-json\/wp\/v2\/product_brand?post=3688"},{"taxonomy":"product_cat","embeddable":true,"href":"https:\/\/divotecosmetics.com\/hr\/wp-json\/wp\/v2\/product_cat?post=3688"},{"taxonomy":"product_tag","embeddable":true,"href":"https:\/\/divotecosmetics.com\/hr\/wp-json\/wp\/v2\/product_tag?post=3688"}],"curies":[{"name":"wp","href":"https:\/\/api.w.org\/{rel}","templated":true}]}}