{"id":3682,"date":"2024-09-29T14:11:26","date_gmt":"2024-09-29T12:11:26","guid":{"rendered":"https:\/\/divotecosmetics.com\/?post_type=product&#038;p=3682"},"modified":"2026-03-18T10:38:03","modified_gmt":"2026-03-18T09:38:03","slug":"axis-y-ampula-s-articokom-za-intenzivnu-obnovu-kozne-barijere","status":"publish","type":"product","link":"https:\/\/divotecosmetics.com\/hr\/shop\/njega-koze\/axis-y-ampula-s-articokom-za-intenzivnu-obnovu-kozne-barijere\/","title":{"rendered":"AXIS-Y Ampula s arti\u010dokom za intenzivnu obnovu ko\u017ene barijere 30ml"},"content":{"rendered":"<p><span style=\"font-weight: 400;\">Treba li va\u0161oj ko\u017ei poja\u010danje izvan osnovne njege kremama? AXIS-Y Intensive Skin Barrier Ampoule ovdje je da pobolj\u0161a va\u0161u rutinu! AXIS-Y Intensive Skin Barrier Ampoule ovdje je da pobolj\u0161a va\u0161u rutinu intenzivnom njegom i brzim rezultatima. Njegova lagana tekstura omogu\u0107ava brzo upijanje, isporu\u010duju\u0107i sna\u017enu mje\u0161avinu aktivnih sastojaka u\u010dinkovitije od standardnih krema.\u00a0<\/span><\/p>\n<p>&nbsp;<\/p>\n<p><span style=\"font-weight: 400;\">Posebno dizajnirana za masnu i aknama sklonu ko\u017eu, ova ampula sadr\u017ei ekstrakt arti\u010doke koji ja\u010da za\u0161titnu barijeru ko\u017ee i smanjuje iritaciju. Sa dvostruko vi\u0161e ekstrakta crne koprive, pru\u017ea izvanredne antioksidativne i protuupalne prednosti, promi\u010du\u0107i svjetliji i gla\u0111i ten, dok se bavi opu\u0161tenim porama i <a href=\"https:\/\/divotecosmetics.com\/hr\/skin-concerns\/hyperpigmentation-hr\/?yith_wcan=1&#038;orderby=popularity&#038;product_cat=njega-koze\">hiperpigmentacijom<\/a>. <\/span><span style=\"font-weight: 400;\">Iskusite AXIS-Y Artichoke Intensive Skin Barrier Ampoule kao za\u0161titni tretman koji obnavlja i hidratizira va\u0161u ko\u017eu. Infuzirana fitonutrijentima, \u0161titi od okoli\u0161nih stresora dok pobolj\u0161ava zadr\u017eavanje vlage. U\u017eivajte u revitaliziranom, blistavom tenu koji odra\u017eava va\u0161u pravu ljepotu!<\/span><\/p>\n","protected":false},"excerpt":{"rendered":"<p>Treba li va\u0161oj ko\u017ei poja\u010danje izvan osnovne njege kremama? <a href=\"https:\/\/divotecosmetics.com\/hr\/brands\/axis-y\/\">AXIS-Y<\/a> Intensive Skin Barrier Ampoule ovdje je da pobolj\u0161a va\u0161u rutinu!<\/p>\n","protected":false},"featured_media":3684,"comment_status":"open","ping_status":"closed","template":"","meta":{"_acf_changed":false,"_seopress_robots_primary_cat":"none","_seopress_titles_title":"Artichoke Intensive Skin Barrier Ampoule - Serum za lice","_seopress_titles_desc":"Artichoke Intensive Skin Barrier Ampoule je poja\u010danje Va\u0161oj ko\u017ei izvan osnovne njege kremama. AXIS-Y Intensive Skin Barrier Ampoule ovdje je da..","_seopress_robots_index":"","inline_featured_image":false},"product_brand":[],"product_cat":[94],"product_tag":[247,250],"class_list":{"0":"post-3682","1":"product","2":"type-product","3":"status-publish","4":"has-post-thumbnail","6":"product_cat-njega-koze","7":"product_tag-acne-care-hr","8":"product_tag-cleansing-hr","9":"pa_brands-axis-y","10":"pa_ingredients-centella-asiatica-hr","11":"pa_ingredients-salicylic-acid-hr","12":"pa_product-type-serum-hr","13":"pa_skin-concerns-acne-hr","14":"pa_skin-concerns-hydration-hr","15":"pa_skin-concerns-hyperpigmentation-hr","16":"pa_skin-concerns-pore-care-hr","17":"pa_skin-type-oily-skin-hr","18":"pa_skin-type-normal-skin-hr","19":"pa_skin-type-sensitive-skin-hr","20":"pa_skin-type-dry-skin-hr","21":"pa_skin-type-all-skin-types-hr","22":"pa_skin-type-mature-skin-hr","24":"first","25":"instock","26":"taxable","27":"shipping-taxable","28":"purchasable","29":"product-type-simple"},"acf":[],"_links":{"self":[{"href":"https:\/\/divotecosmetics.com\/hr\/wp-json\/wp\/v2\/product\/3682","targetHints":{"allow":["GET"]}}],"collection":[{"href":"https:\/\/divotecosmetics.com\/hr\/wp-json\/wp\/v2\/product"}],"about":[{"href":"https:\/\/divotecosmetics.com\/hr\/wp-json\/wp\/v2\/types\/product"}],"replies":[{"embeddable":true,"href":"https:\/\/divotecosmetics.com\/hr\/wp-json\/wp\/v2\/comments?post=3682"}],"wp:featuredmedia":[{"embeddable":true,"href":"https:\/\/divotecosmetics.com\/hr\/wp-json\/wp\/v2\/media\/3684"}],"wp:attachment":[{"href":"https:\/\/divotecosmetics.com\/hr\/wp-json\/wp\/v2\/media?parent=3682"}],"wp:term":[{"taxonomy":"product_brand","embeddable":true,"href":"https:\/\/divotecosmetics.com\/hr\/wp-json\/wp\/v2\/product_brand?post=3682"},{"taxonomy":"product_cat","embeddable":true,"href":"https:\/\/divotecosmetics.com\/hr\/wp-json\/wp\/v2\/product_cat?post=3682"},{"taxonomy":"product_tag","embeddable":true,"href":"https:\/\/divotecosmetics.com\/hr\/wp-json\/wp\/v2\/product_tag?post=3682"}],"curies":[{"name":"wp","href":"https:\/\/api.w.org\/{rel}","templated":true}]}}