{"id":3668,"date":"2024-09-29T13:44:24","date_gmt":"2024-09-29T11:44:24","guid":{"rendered":"https:\/\/divotecosmetics.com\/?post_type=product&#038;p=3668"},"modified":"2026-01-26T14:32:53","modified_gmt":"2026-01-26T13:32:53","slug":"axis-y-prociscavajuci-toner-za-svakodnevnu-upotrebu-200-ml","status":"publish","type":"product","link":"https:\/\/divotecosmetics.com\/hr\/shop\/njega-koze\/axis-y-prociscavajuci-toner-za-svakodnevnu-upotrebu-200-ml\/","title":{"rendered":"AXIS-Y Pro\u010di\u0161\u0107avaju\u0107i toner za svakodnevnu upotrebu 200 ml"},"content":{"rendered":"<p><span style=\"font-weight: 400;\">AXIS-Y Pro\u010di\u0161\u0107avaju\u0107i toner za svakodnevnu upotrebu (Daily Purifying Treatment Toner) posebno je formuliran za \u010di\u0161\u0107enje i osvje\u017eavanje masne, aknama sklone ko\u017ee, u\u010dinkovito uklanjaju\u0107i bakterije i zaga\u0111enje iz dubine pora. Pobolj\u0161ana formula sada sadr\u017ei vi\u0161u koncentraciju AHA i PHA za nje\u017enu kemijsku eksfolijaciju, uz pove\u0107anu koli\u010dinu Centelle Asiatica koja pobolj\u0161ava umiruju\u0107a i ljekovita svojstva.<\/span><\/p>\n<p>&nbsp;<\/p>\n<p><span style=\"font-weight: 400;\">Ovaj toner ne samo da pro\u010di\u0161\u0107ava ko\u017eu, ve\u0107 tako\u0111er poma\u017ee u ravnote\u017ei i izjedna\u010davanju tonusa ko\u017ee, otapaju\u0107i mrtve stanice ko\u017ee i vi\u0161ak sebuma za primjetno \u010di\u0161\u0107u ten. Idealan je za one koji se bore s hiperpigmentacijom i drugim ko\u017enim problemima, a ovaj toner slu\u017ei kao va\u017ean korak u va\u0161oj rutini njege ko\u017ee, osiguravaju\u0107i da va\u0161a ko\u017ea bude savr\u0161eno \u010dista, smirena i spremna za sljede\u0107e faze njege.<\/span><\/p>\n","protected":false},"excerpt":{"rendered":"<p><a href=\"https:\/\/divotecosmetics.com\/hr\/brands\/axis-y\/\">AXIS-Y<\/a> Pro\u010di\u0161\u0107avaju\u0107i toner za svakodnevnu upotrebu (Daily Purifying Treatment Toner) posebno je formuliran za \u010di\u0161\u0107enje i osvje\u017eavanje <a href=\"https:\/\/divotecosmetics.com\/hr\/skin-type\/oily-skin-hr\/?yith_wcan=1&#038;orderby=popularity&#038;product_cat=njega-koze\">masne<\/a>, aknama sklone ko\u017ee.<\/p>\n","protected":false},"featured_media":4704,"comment_status":"open","ping_status":"closed","template":"","meta":{"_acf_changed":false,"_seopress_robots_primary_cat":"none","_seopress_titles_title":"Pro\u010di\u0161\u0107avaju\u0107i toner za svakodnevnu upotrebu 200 ml - Divote","_seopress_titles_desc":"Pro\u010di\u0161\u0107avaju\u0107i toner za svakodnevnu upotrebu -AXIS-Y - posebno je formuliran za \u010di\u0161\u0107enje i osvje\u017eavanje masne, aknama sklone ko\u017ee.","_seopress_robots_index":"","inline_featured_image":false},"product_brand":[],"product_cat":[94],"product_tag":[247,250],"class_list":{"0":"post-3668","1":"product","2":"type-product","3":"status-publish","4":"has-post-thumbnail","6":"product_cat-njega-koze","7":"product_tag-acne-care-hr","8":"product_tag-cleansing-hr","9":"pa_brands-axis-y","10":"pa_ingredients-centella-asiatica-hr","11":"pa_ingredients-salicylic-acid-hr","12":"pa_product-type-toner-hr","13":"pa_skin-concerns-acne-hr","14":"pa_skin-concerns-hydration-hr","15":"pa_skin-concerns-pore-care-hr","16":"pa_skin-type-oily-skin-hr","17":"pa_skin-type-normal-skin-hr","18":"pa_skin-type-sensitive-skin-hr","19":"pa_skin-type-dry-skin-hr","20":"pa_skin-type-all-skin-types-hr","21":"pa_skin-type-mature-skin-hr","23":"first","24":"instock","25":"taxable","26":"shipping-taxable","27":"purchasable","28":"product-type-simple"},"acf":[],"_links":{"self":[{"href":"https:\/\/divotecosmetics.com\/hr\/wp-json\/wp\/v2\/product\/3668","targetHints":{"allow":["GET"]}}],"collection":[{"href":"https:\/\/divotecosmetics.com\/hr\/wp-json\/wp\/v2\/product"}],"about":[{"href":"https:\/\/divotecosmetics.com\/hr\/wp-json\/wp\/v2\/types\/product"}],"replies":[{"embeddable":true,"href":"https:\/\/divotecosmetics.com\/hr\/wp-json\/wp\/v2\/comments?post=3668"}],"wp:featuredmedia":[{"embeddable":true,"href":"https:\/\/divotecosmetics.com\/hr\/wp-json\/wp\/v2\/media\/4704"}],"wp:attachment":[{"href":"https:\/\/divotecosmetics.com\/hr\/wp-json\/wp\/v2\/media?parent=3668"}],"wp:term":[{"taxonomy":"product_brand","embeddable":true,"href":"https:\/\/divotecosmetics.com\/hr\/wp-json\/wp\/v2\/product_brand?post=3668"},{"taxonomy":"product_cat","embeddable":true,"href":"https:\/\/divotecosmetics.com\/hr\/wp-json\/wp\/v2\/product_cat?post=3668"},{"taxonomy":"product_tag","embeddable":true,"href":"https:\/\/divotecosmetics.com\/hr\/wp-json\/wp\/v2\/product_tag?post=3668"}],"curies":[{"name":"wp","href":"https:\/\/api.w.org\/{rel}","templated":true}]}}