{"id":3662,"date":"2024-09-29T13:24:48","date_gmt":"2024-09-29T11:24:48","guid":{"rendered":"https:\/\/divotecosmetics.com\/?post_type=product&#038;p=3662"},"modified":"2026-01-27T14:10:03","modified_gmt":"2026-01-27T13:10:03","slug":"georganic-hidratantna-sheet-maska-s-centelom-5-kom","status":"publish","type":"product","link":"https:\/\/divotecosmetics.com\/hr\/shop\/njega-koze\/georganic-hidratantna-sheet-maska-s-centelom-5-kom\/","title":{"rendered":"Georganic Hidratantna sheet maska s centelom (5 kom)"},"content":{"rendered":"<p>U\u017eivajte u luksuznoj njezi ko\u017ee s Centella Ultra Glow hidratantnom sheet-maskom (5 maski zasebno pakiranih u kutiji) iz <a href=\"https:\/\/divotecosmetics.com\/hr\/brands\/georganic\/\">Georganica<\/a>, osmi\u0161ljenom kako bi va\u0161u rutinu njege lica pretvorila u umiruju\u0107e iskustvo brige o sebi. Ova inovativna maska koristi prirodne, visokokvalitetne sastojke kako bi smirila, hidratizirala i revitalizirala va\u0161u ko\u017eu, pru\u017eaju\u0107i jedinstveni oazu mira.<\/p>\n<p>S svakom primjenom, razmazit \u0107ete svoj ten i obnoviti njegovu prirodnu ravnote\u017eu, otkrivaju\u0107i blistavi sjaj. Hidratantna sheet maska od 100% pamuka bogata je ekstraktom Centelle, beta-glukanom i glicerinom, pru\u017eaju\u0107i iznimnu hidrataciju dok ja\u010da za\u0161titnu barijeru ko\u017ee. Idealna za suhu i osjetljivu ko\u017eu, ova maska nudi savr\u0161enu kombinaciju hranjivih tvari i udobnosti za revitaliziranu, zdravo izgledaju\u0107u <a href=\"https:\/\/divotecosmetics.com\/hr\/kada-pricamo-o-njezi-koze-birajte-optimalno-a-ne-viralno\/\">ko\u017eu<\/a>.<\/p>\n","protected":false},"excerpt":{"rendered":"<p>U\u017eivajte u luksuznoj njezi ko\u017ee s Centella Ultra Glow hidratantnom sheet-maskom, osmi\u0161ljenom kako bi va\u0161u rutinu <a href=\"https:\/\/divotecosmetics.com\/hr\/njega-koze-u-tridesetima-korejski-njega-za-blistav-i-mladolik-izgled\/\">njege lica<\/a> pretvorila u umiruju\u0107e iskustvo brige o sebi.<\/p>\n","protected":false},"featured_media":3664,"comment_status":"open","ping_status":"closed","template":"","meta":{"_acf_changed":false,"_seopress_robots_primary_cat":"none","_seopress_titles_title":"Hidratantna sheet maska za lice - Divote Cosmetics","_seopress_titles_desc":"Hidratantna sheet maska za lice Centella ultra glow hidratantnom list-maskom, osmi\u0161ljenom kako bi va\u0161u rutinu njege lica pretvorila u umiruju\u0107e...","_seopress_robots_index":"","inline_featured_image":false},"product_brand":[],"product_cat":[94],"product_tag":[254,255,314,121],"class_list":{"0":"post-3662","1":"product","2":"type-product","3":"status-publish","4":"has-post-thumbnail","6":"product_cat-njega-koze","7":"product_tag-glass-skin-hr","8":"product_tag-glow-hr","9":"product_tag-hydration-hr-2","10":"product_tag-shiny-cheeks-hr","11":"pa_brands-georganic","12":"pa_ingredients-centella-asiatica-hr","13":"pa_ingredients-glycerin-hr","14":"pa_product-type-maska","15":"pa_skin-concerns-anti-age-hr","16":"pa_skin-concerns-hydration-hr","17":"pa_skin-type-oily-skin-hr","18":"pa_skin-type-normal-skin-hr","19":"pa_skin-type-sensitive-skin-hr","20":"pa_skin-type-dry-skin-hr","21":"pa_skin-type-all-skin-types-hr","22":"pa_skin-type-mature-skin-hr","24":"first","25":"outofstock","26":"taxable","27":"shipping-taxable","28":"purchasable","29":"product-type-simple"},"acf":[],"_links":{"self":[{"href":"https:\/\/divotecosmetics.com\/hr\/wp-json\/wp\/v2\/product\/3662","targetHints":{"allow":["GET"]}}],"collection":[{"href":"https:\/\/divotecosmetics.com\/hr\/wp-json\/wp\/v2\/product"}],"about":[{"href":"https:\/\/divotecosmetics.com\/hr\/wp-json\/wp\/v2\/types\/product"}],"replies":[{"embeddable":true,"href":"https:\/\/divotecosmetics.com\/hr\/wp-json\/wp\/v2\/comments?post=3662"}],"wp:featuredmedia":[{"embeddable":true,"href":"https:\/\/divotecosmetics.com\/hr\/wp-json\/wp\/v2\/media\/3664"}],"wp:attachment":[{"href":"https:\/\/divotecosmetics.com\/hr\/wp-json\/wp\/v2\/media?parent=3662"}],"wp:term":[{"taxonomy":"product_brand","embeddable":true,"href":"https:\/\/divotecosmetics.com\/hr\/wp-json\/wp\/v2\/product_brand?post=3662"},{"taxonomy":"product_cat","embeddable":true,"href":"https:\/\/divotecosmetics.com\/hr\/wp-json\/wp\/v2\/product_cat?post=3662"},{"taxonomy":"product_tag","embeddable":true,"href":"https:\/\/divotecosmetics.com\/hr\/wp-json\/wp\/v2\/product_tag?post=3662"}],"curies":[{"name":"wp","href":"https:\/\/api.w.org\/{rel}","templated":true}]}}