{"id":3656,"date":"2024-09-29T13:09:39","date_gmt":"2024-09-29T11:09:39","guid":{"rendered":"https:\/\/divotecosmetics.com\/?post_type=product&#038;p=3656"},"modified":"2026-01-26T13:40:31","modified_gmt":"2026-01-26T12:40:31","slug":"georganic-krema-za-podrucje-oko-ociju-s-ruzom-i-peptidima-30-ml","status":"publish","type":"product","link":"https:\/\/divotecosmetics.com\/hr\/shop\/njega-koze\/georganic-krema-za-podrucje-oko-ociju-s-ruzom-i-peptidima-30-ml\/","title":{"rendered":"Georganic krema za podru\u010dje oko o\u010diju s ru\u017eom i peptidima 30 ml"},"content":{"rendered":"<p>Osvje\u017eite podru\u010dje oko o\u010diju s kremom za konture o\u010diju s peptidima od ru\u017ee, koja sadr\u017ei vodu od Damask ru\u017ee, glicerin i adenosin kako bi pomogla u smanjenju tamnih krugova, smanjila nate\u010denost i zagladila bore. Ova veganska formula pobolj\u0161ava cirkulaciju krvi i pove\u0107ava elasti\u010dnost ko\u017ee, poti\u010du\u0107i zdraviji i mla\u0111i izgled.<\/p>\n<p>&nbsp;<\/p>\n<p>Pogodna za sve tipove ko\u017ee, ova okoloo\u010dna krema klini\u010dki je testirana na u\u010dinkovitost, pru\u017eaju\u0107i vidljive rezultate u pobolj\u0161anju tonusa ko\u017ee i smanjenju oticanja. Iskusite transformativnu njegu za va\u0161u osjetljivu konturu o\u010diju, ostavljaju\u0107i je blistavom i revitaliziranom s svakom primjenom.<\/p>\n","protected":false},"excerpt":{"rendered":"<p>Osvje\u017eite podru\u010dje oko o\u010diju s kremom za konture o\u010diju s peptidima od ru\u017ee (<a href=\"https:\/\/divotecosmetics.com\/hr\/georganic-snaga-ciste-korejske-kozmetike\/\">Georganic<\/a>), koja poma\u017ee u smanjenju tamnih krugova i zagla\u0111ivanju bora.<\/p>\n","protected":false},"featured_media":3658,"comment_status":"open","ping_status":"closed","template":"","meta":{"_acf_changed":false,"_seopress_robots_primary_cat":"none","_seopress_titles_title":"Rose Peptide Contour Eye Cream 30 ml - Divote Cosmetics","_seopress_titles_desc":"Rose Peptide Contour Eye Cream 30 ml - Osvje\u017eite podru\u010dje oko o\u010diju s kremom za konture o\u010diju s peptidima od ru\u017ee, koja poma\u017ee u smanjenju...","_seopress_robots_index":"","inline_featured_image":false},"product_brand":[],"product_cat":[94],"product_tag":[248,250,252,314,267],"class_list":{"0":"post-3656","1":"product","2":"type-product","3":"status-publish","4":"has-post-thumbnail","6":"product_cat-njega-koze","7":"product_tag-anti-age-hr","8":"product_tag-cleansing-hr","9":"product_tag-eye-care-hr","10":"product_tag-hydration-hr-2","11":"product_tag-wrinkles-hr","12":"pa_brands-georganic","13":"pa_ingredients-glycerin-hr","14":"pa_product-type-njega-ociju","15":"pa_skin-concerns-anti-age-hr","16":"pa_skin-concerns-hydration-hr","17":"pa_skin-type-oily-skin-hr","18":"pa_skin-type-normal-skin-hr","19":"pa_skin-type-sensitive-skin-hr","20":"pa_skin-type-dry-skin-hr","21":"pa_skin-type-all-skin-types-hr","22":"pa_skin-type-mature-skin-hr","24":"first","25":"instock","26":"taxable","27":"shipping-taxable","28":"purchasable","29":"product-type-simple"},"acf":[],"_links":{"self":[{"href":"https:\/\/divotecosmetics.com\/hr\/wp-json\/wp\/v2\/product\/3656","targetHints":{"allow":["GET"]}}],"collection":[{"href":"https:\/\/divotecosmetics.com\/hr\/wp-json\/wp\/v2\/product"}],"about":[{"href":"https:\/\/divotecosmetics.com\/hr\/wp-json\/wp\/v2\/types\/product"}],"replies":[{"embeddable":true,"href":"https:\/\/divotecosmetics.com\/hr\/wp-json\/wp\/v2\/comments?post=3656"}],"wp:featuredmedia":[{"embeddable":true,"href":"https:\/\/divotecosmetics.com\/hr\/wp-json\/wp\/v2\/media\/3658"}],"wp:attachment":[{"href":"https:\/\/divotecosmetics.com\/hr\/wp-json\/wp\/v2\/media?parent=3656"}],"wp:term":[{"taxonomy":"product_brand","embeddable":true,"href":"https:\/\/divotecosmetics.com\/hr\/wp-json\/wp\/v2\/product_brand?post=3656"},{"taxonomy":"product_cat","embeddable":true,"href":"https:\/\/divotecosmetics.com\/hr\/wp-json\/wp\/v2\/product_cat?post=3656"},{"taxonomy":"product_tag","embeddable":true,"href":"https:\/\/divotecosmetics.com\/hr\/wp-json\/wp\/v2\/product_tag?post=3656"}],"curies":[{"name":"wp","href":"https:\/\/api.w.org\/{rel}","templated":true}]}}