{"id":3650,"date":"2024-09-29T12:54:15","date_gmt":"2024-09-29T10:54:15","guid":{"rendered":"https:\/\/divotecosmetics.com\/?post_type=product&#038;p=3650"},"modified":"2026-01-29T19:20:40","modified_gmt":"2026-01-29T18:20:40","slug":"georganic-pjenasti-cistac-za-lice-s-crvenom-fermentiranom-rizom-150-ml","status":"publish","type":"product","link":"https:\/\/divotecosmetics.com\/hr\/shop\/njega-koze\/georganic-pjenasti-cistac-za-lice-s-crvenom-fermentiranom-rizom-150-ml\/","title":{"rendered":"Georganic pjenasti \u010dista\u010d za lice s crvenom fermentiranom ri\u017eom 150 ml"},"content":{"rendered":"<p>Ovaj nje\u017eni pjenasti \u010dista\u010d, izra\u0111en od 9 biljnih ulja i crvene ri\u017ee fermentirane kroz 360 sati, uklanja ne\u010disto\u0107e i vi\u0161ak sebuma bez isu\u0161ivanja ko\u017ee. Mikro\u010destice crvene ri\u017ee prodiru duboko u pore, \u010diste\u0107i \u0161minku i mitesere, dok istovremeno odr\u017eavaju ko\u017eu <a href=\"https:\/\/divotecosmetics.com\/hr\/product-type\/hidratacija\/?yith_wcan=1&#038;orderby=popularity&#038;product_cat=njega-koze\">hidratiziranom<\/a> i glatkom.<\/p>\n<p>&nbsp;<\/p>\n<p>Savr\u0161en za <a href=\"https:\/\/divotecosmetics.com\/hr\/kategorija-proizvoda\/njega-koze\/\">sve tipove ko\u017ee<\/a>, mo\u017ee se koristiti samostalno ili kao drugi korak nakon upotrebe <a href=\"https:\/\/divotecosmetics.com\/hr\/shop\/njega-koze\/georganic-dubinsko-ulje-za-ciscenje-s-crvenom-fermentiranom-rizom-150-ml\/\">Red Yeast Rice Deep Cleansing Oil<\/a> ulja za dubinsko \u010di\u0161\u0107enje. U\u017eivajte u osvje\u017eenom, mekom i blistavom tenu svaki dan!<\/p>\n","protected":false},"excerpt":{"rendered":"<p>Ovaj nje\u017eni pjenasti \u010dista\u010d (<a href=\"https:\/\/divotecosmetics.com\/hr\/georganic-snaga-ciste-korejske-kozmetike\/\">Georganic<\/a>) , izra\u0111en od 9 biljnih ulja i crvene ri\u017ee fermentirane kroz 360 sati, uklanja ne\u010disto\u0107e i vi\u0161ak sebuma bez isu\u0161ivanja ko\u017ee.<\/p>\n","protected":false},"featured_media":3652,"comment_status":"open","ping_status":"closed","template":"","meta":{"_acf_changed":false,"_seopress_robots_primary_cat":"none","_seopress_titles_title":"Red Yeast Rice Facial Foaming Cleanser 150 ml - Divote","_seopress_titles_desc":"Red Yeast Rice Facial Foaming Cleanser 150 ml - ovaj nje\u017eni pjenasti \u010dista\u010d, izra\u0111en od 9 biljnih ulja i crvene ri\u017ee fermentirane kroz 360 sati uklanja..","_seopress_robots_index":"","inline_featured_image":false},"product_brand":[],"product_cat":[94],"product_tag":[250,314],"class_list":{"0":"post-3650","1":"product","2":"type-product","3":"status-publish","4":"has-post-thumbnail","6":"product_cat-njega-koze","7":"product_tag-cleansing-hr","8":"product_tag-hydration-hr-2","9":"pa_brands-georganic","10":"pa_ingredients-red-yeast-rice-hr","11":"pa_product-type-cistac-na-bazi-vode","12":"pa_skin-concerns-acne-hr","13":"pa_skin-concerns-hydration-hr","14":"pa_skin-concerns-pore-care-hr","15":"pa_skin-type-oily-skin-hr","16":"pa_skin-type-normal-skin-hr","17":"pa_skin-type-sensitive-skin-hr","18":"pa_skin-type-dry-skin-hr","19":"pa_skin-type-all-skin-types-hr","20":"pa_skin-type-mature-skin-hr","22":"first","23":"instock","24":"taxable","25":"shipping-taxable","26":"purchasable","27":"product-type-simple"},"acf":[],"_links":{"self":[{"href":"https:\/\/divotecosmetics.com\/hr\/wp-json\/wp\/v2\/product\/3650","targetHints":{"allow":["GET"]}}],"collection":[{"href":"https:\/\/divotecosmetics.com\/hr\/wp-json\/wp\/v2\/product"}],"about":[{"href":"https:\/\/divotecosmetics.com\/hr\/wp-json\/wp\/v2\/types\/product"}],"replies":[{"embeddable":true,"href":"https:\/\/divotecosmetics.com\/hr\/wp-json\/wp\/v2\/comments?post=3650"}],"wp:featuredmedia":[{"embeddable":true,"href":"https:\/\/divotecosmetics.com\/hr\/wp-json\/wp\/v2\/media\/3652"}],"wp:attachment":[{"href":"https:\/\/divotecosmetics.com\/hr\/wp-json\/wp\/v2\/media?parent=3650"}],"wp:term":[{"taxonomy":"product_brand","embeddable":true,"href":"https:\/\/divotecosmetics.com\/hr\/wp-json\/wp\/v2\/product_brand?post=3650"},{"taxonomy":"product_cat","embeddable":true,"href":"https:\/\/divotecosmetics.com\/hr\/wp-json\/wp\/v2\/product_cat?post=3650"},{"taxonomy":"product_tag","embeddable":true,"href":"https:\/\/divotecosmetics.com\/hr\/wp-json\/wp\/v2\/product_tag?post=3650"}],"curies":[{"name":"wp","href":"https:\/\/api.w.org\/{rel}","templated":true}]}}