{"id":3644,"date":"2024-09-27T21:57:28","date_gmt":"2024-09-27T19:57:28","guid":{"rendered":"https:\/\/divotecosmetics.com\/?post_type=product&#038;p=3644"},"modified":"2026-03-09T11:29:06","modified_gmt":"2026-03-09T10:29:06","slug":"georganic-dubinsko-ulje-za-ciscenje-s-crvenom-fermentiranom-rizom-150-ml","status":"publish","type":"product","link":"https:\/\/divotecosmetics.com\/hr\/shop\/njega-koze\/georganic-dubinsko-ulje-za-ciscenje-s-crvenom-fermentiranom-rizom-150-ml\/","title":{"rendered":"Georganic dubinsko ulje za \u010di\u0161\u0107enje s crvenom fermentiranom ri\u017eom 150 ml"},"content":{"rendered":"<p>Otkrijte snagu jednostavnosti s ovim revolucionarnim uljem za \u010di\u0161\u0107enje, izra\u0111enim od 11 hranjivih biljnih ulja i crvene ri\u017ee, nje\u017eno fermentirane kroz 360 sati. Ulje u\u010dinkovito uklanja te\u0161ku \u0161minku, dubinski \u010disti pore i eliminira mitesere, ostavljaju\u0107i ko\u017eu sjajnom i osvje\u017eenom \u2013 sve u jednom koraku.<\/p>\n<p>&nbsp;<\/p>\n<p>Mikro\u010destice crvene ri\u017ee razgra\u0111uju ne\u010disto\u0107e i vi\u0161ak sebuma, poma\u017eu\u0107i u ja\u010danju za\u0161titne barijere ko\u017ee i pove\u0107anju elasti\u010dnosti. Idealno za sve tipove ko\u017ee, ovaj vi\u0161enamjenski proizvod zamjenjuje va\u0161 odstranjiva\u010d \u0161minke, ulje za \u010di\u0161\u0107enje i pjenu za pranje lica u samo jednom jednostavnom koraku. Postignite \u010distu i <a href=\"https:\/\/divotecosmetics.com\/hr\/product-type\/hidratacija\/?yith_wcan=1&#038;orderby=popularity&#038;product_cat=njega-koze\">hidratiziranu ko\u017eu<\/a> s lako\u0107om!<\/p>\n","protected":false},"excerpt":{"rendered":"<p>Otkrijte snagu jednostavnosti s ovim revolucionarnim uljem za \u010di\u0161\u0107enje (<a href=\"https:\/\/divotecosmetics.com\/hr\/brands\/georganic\/\">Georganic<\/a>)\u00a0 koje u\u010dinkovito uklanja te\u0161ku \u0161minku, dubinski \u010disti pore i eliminira mitesere.<\/p>\n","protected":false},"featured_media":3646,"comment_status":"open","ping_status":"closed","template":"","meta":{"_acf_changed":false,"_seopress_robots_primary_cat":"none","_seopress_titles_title":"Red Yeast Rice Deep Cleansing Oil - Uljni \u010dista\u010d - Divote","_seopress_titles_desc":"Red Yeast Rice Deep Cleansing Oil  - otkrijte snagu jednostavnosti s ovim revolucionarnim uljem za \u010di\u0161\u0107enje koje u\u010dinkovito uklanja te\u0161ku \u0161minku..","_seopress_robots_index":"","inline_featured_image":false},"product_brand":[],"product_cat":[94],"product_tag":[250,314],"class_list":{"0":"post-3644","1":"product","2":"type-product","3":"status-publish","4":"has-post-thumbnail","6":"product_cat-njega-koze","7":"product_tag-cleansing-hr","8":"product_tag-hydration-hr-2","9":"pa_brands-georganic","10":"pa_ingredients-red-yeast-rice-hr","11":"pa_product-type-uljni-cistac","12":"pa_skin-concerns-hydration-hr","13":"pa_skin-concerns-pore-care-hr","14":"pa_skin-type-oily-skin-hr","15":"pa_skin-type-normal-skin-hr","16":"pa_skin-type-sensitive-skin-hr","17":"pa_skin-type-dry-skin-hr","18":"pa_skin-type-all-skin-types-hr","19":"pa_skin-type-mature-skin-hr","21":"first","22":"instock","23":"taxable","24":"shipping-taxable","25":"purchasable","26":"product-type-simple"},"acf":[],"_links":{"self":[{"href":"https:\/\/divotecosmetics.com\/hr\/wp-json\/wp\/v2\/product\/3644","targetHints":{"allow":["GET"]}}],"collection":[{"href":"https:\/\/divotecosmetics.com\/hr\/wp-json\/wp\/v2\/product"}],"about":[{"href":"https:\/\/divotecosmetics.com\/hr\/wp-json\/wp\/v2\/types\/product"}],"replies":[{"embeddable":true,"href":"https:\/\/divotecosmetics.com\/hr\/wp-json\/wp\/v2\/comments?post=3644"}],"wp:featuredmedia":[{"embeddable":true,"href":"https:\/\/divotecosmetics.com\/hr\/wp-json\/wp\/v2\/media\/3646"}],"wp:attachment":[{"href":"https:\/\/divotecosmetics.com\/hr\/wp-json\/wp\/v2\/media?parent=3644"}],"wp:term":[{"taxonomy":"product_brand","embeddable":true,"href":"https:\/\/divotecosmetics.com\/hr\/wp-json\/wp\/v2\/product_brand?post=3644"},{"taxonomy":"product_cat","embeddable":true,"href":"https:\/\/divotecosmetics.com\/hr\/wp-json\/wp\/v2\/product_cat?post=3644"},{"taxonomy":"product_tag","embeddable":true,"href":"https:\/\/divotecosmetics.com\/hr\/wp-json\/wp\/v2\/product_tag?post=3644"}],"curies":[{"name":"wp","href":"https:\/\/api.w.org\/{rel}","templated":true}]}}