{"id":3634,"date":"2024-09-27T21:30:18","date_gmt":"2024-09-27T19:30:18","guid":{"rendered":"https:\/\/divotecosmetics.com\/?post_type=product&#038;p=3634"},"modified":"2026-04-16T14:32:47","modified_gmt":"2026-04-16T12:32:47","slug":"georganic-centella-ceramidni-hidratantni-balzam-45-ml","status":"publish","type":"product","link":"https:\/\/divotecosmetics.com\/hr\/shop\/njega-koze\/georganic-centella-ceramidni-hidratantni-balzam-45-ml\/","title":{"rendered":"Georganic centella ceramidni hidratantni balzam 45 ml"},"content":{"rendered":"<p>GEORGANIC Centella Ceramide Moisturizing Balm je hranjiva balzam krema koja sadr\u017ei ekstrakt Centelle Asiatice, glicerin i ceramid NP, posebno osmi\u0161ljena za smirivanje i ja\u010danje za\u0161titne barijere ko\u017ee. Idealna je za suhu, osjetljivu i problemati\u010dnu ko\u017eu te u\u010dinkovito pobolj\u0161ava hidrataciju i obnavlja ravnote\u017eu ulja i vode u ko\u017ei, pru\u017eaju\u0107i zdrav i blistav ten.<\/p>\n<p>&nbsp;<\/p>\n<p>Oboga\u0107ena s 57% Centelle Asiatice, smanjuje upalu dok pobolj\u0161ava regeneraciju ko\u017ee i elasti\u010dnost. Bogata tekstura brzo se upija, \u0161to ju \u010dini savr\u0161enim za upotrebu ujutro i nave\u010der. Iskusite revitaliziraju\u0107u mo\u0107 prirode s ovim ekolo\u0161ki prihvatljivim izborom koji pru\u017ea dugotrajnu hidrataciju i za\u0161titu od stresora iz okoli\u0161a.<\/p>\n","protected":false},"excerpt":{"rendered":"<p><a href=\"https:\/\/divotecosmetics.com\/hr\/georganic-snaga-ciste-korejske-kozmetike\/\">GEORGANIC<\/a> Centella Ceramide Moisturizing Balm idealna je za suhu, <a href=\"https:\/\/divotecosmetics.com\/hr\/skin-type\/sensitive-skin-hr\/?yith_wcan=1&#038;orderby=popularity&#038;product_cat=njega-koze\">osjetljivu<\/a> i problemati\u010dnu ko\u017eu te u\u010dinkovito pobolj\u0161ava <a href=\"https:\/\/divotecosmetics.com\/hr\/product-type\/hidratacija\/?yith_wcan=1&#038;orderby=popularity&#038;product_cat=njega-koze\">hidrataciju<\/a> i obnavlja ravnote\u017eu ulja i vode u ko\u017ei, pru\u017eaju\u0107i zdrav i blistav ten.<\/p>\n<p>&nbsp;<\/p>\n","protected":false},"featured_media":3640,"comment_status":"open","ping_status":"closed","template":"","meta":{"_acf_changed":false,"_seopress_robots_primary_cat":"none","_seopress_titles_title":"Centella Ceramide Moisturizing Balm 45 ml - Krema za lice","_seopress_titles_desc":"Centella Ceramide Moisturizing Balm 45 ml je krema za lice hranjiva balzam krema, posebno osmi\u0161ljena za smirivanje i ja\u010danje za\u0161titne barijere ko\u017ee.","_seopress_robots_index":"","inline_featured_image":false},"product_brand":[],"product_cat":[94],"product_tag":[248,314],"class_list":{"0":"post-3634","1":"product","2":"type-product","3":"status-publish","4":"has-post-thumbnail","6":"product_cat-njega-koze","7":"product_tag-anti-age-hr","8":"product_tag-hydration-hr-2","9":"pa_brands-georganic","10":"pa_ingredients-centella-asiatica-hr","11":"pa_ingredients-niacinamide-hr","12":"pa_product-type-hidratacija","13":"pa_skin-concerns-hydration-hr","14":"pa_skin-concerns-hyperpigmentation-hr","15":"pa_skin-concerns-pore-care-hr","16":"pa_skin-type-oily-skin-hr","17":"pa_skin-type-normal-skin-hr","18":"pa_skin-type-sensitive-skin-hr","19":"pa_skin-type-dry-skin-hr","20":"pa_skin-type-all-skin-types-hr","21":"pa_skin-type-mature-skin-hr","23":"first","24":"instock","25":"taxable","26":"shipping-taxable","27":"purchasable","28":"product-type-simple"},"acf":[],"_links":{"self":[{"href":"https:\/\/divotecosmetics.com\/hr\/wp-json\/wp\/v2\/product\/3634","targetHints":{"allow":["GET"]}}],"collection":[{"href":"https:\/\/divotecosmetics.com\/hr\/wp-json\/wp\/v2\/product"}],"about":[{"href":"https:\/\/divotecosmetics.com\/hr\/wp-json\/wp\/v2\/types\/product"}],"replies":[{"embeddable":true,"href":"https:\/\/divotecosmetics.com\/hr\/wp-json\/wp\/v2\/comments?post=3634"}],"wp:featuredmedia":[{"embeddable":true,"href":"https:\/\/divotecosmetics.com\/hr\/wp-json\/wp\/v2\/media\/3640"}],"wp:attachment":[{"href":"https:\/\/divotecosmetics.com\/hr\/wp-json\/wp\/v2\/media?parent=3634"}],"wp:term":[{"taxonomy":"product_brand","embeddable":true,"href":"https:\/\/divotecosmetics.com\/hr\/wp-json\/wp\/v2\/product_brand?post=3634"},{"taxonomy":"product_cat","embeddable":true,"href":"https:\/\/divotecosmetics.com\/hr\/wp-json\/wp\/v2\/product_cat?post=3634"},{"taxonomy":"product_tag","embeddable":true,"href":"https:\/\/divotecosmetics.com\/hr\/wp-json\/wp\/v2\/product_tag?post=3634"}],"curies":[{"name":"wp","href":"https:\/\/api.w.org\/{rel}","templated":true}]}}