{"id":3628,"date":"2024-09-27T20:45:26","date_gmt":"2024-09-27T18:45:26","guid":{"rendered":"https:\/\/divotecosmetics.com\/?post_type=product&#038;p=3628"},"modified":"2026-03-10T08:45:24","modified_gmt":"2026-03-10T07:45:24","slug":"georganic-posvjetljujuca-krema-s-kozjim-mlijekom-45-ml","status":"publish","type":"product","link":"https:\/\/divotecosmetics.com\/hr\/shop\/njega-koze\/georganic-posvjetljujuca-krema-s-kozjim-mlijekom-45-ml\/","title":{"rendered":"Georganic Posvjetljuju\u0107a krema s kozjim mlijekom 45 ml"},"content":{"rendered":"<p>Krema za posvjetljivanje s kozjim mlijekom (<a href=\"https:\/\/divotecosmetics.com\/hr\/brands\/georganic\/\">Georganic<\/a> Goat Milk Brightening Cream) formulirana je s prirodnim sastojcima poput ekstrakta kozjeg mlijeka, niacinamida, arbutina i alfa-bisabolola, posebno dizajnirana za pobolj\u0161anje prozirnosti ko\u017ee i poticanje ujedna\u010denog tona. Ova krema u\u010dinkovito posvjetljuje umornu ko\u017eu i rje\u0161ava se tamnih mrlja, ostavljaju\u0107i vas s blistavim i njegovanim tenom.<\/p>\n<p>&nbsp;<\/p>\n<p>Bogata vitalnim hranjivim tvarima i selenom, kozje mlijeko imitira sastav maj\u010dinog mlijeka, omogu\u0107avaju\u0107i brzu apsorpciju njegovih korisnih svojstava. U kombinaciji s havajskim dubokomorskim tonikom i serumom za njegu akni s propolisom, ova krema za posvjetljivanje djeluje sinergisti\u010dki kako bi obnovila prirodni sjaj va\u0161e ko\u017ee, \u010dine\u0107i je idealnim izborom za one koji se bore s promjenom boje ko\u017ee, tamnim mrljama i neujedna\u010denim tonom.<\/p>\n","protected":false},"excerpt":{"rendered":"<p>Posvjetljuju\u0107a krema s kozjim mlijekom (<a href=\"https:\/\/divotecosmetics.com\/hr\/brands\/georganic\/\">Georganic<\/a> Goat Milk Brightening Cream) ova krema u\u010dinkovito posvjetljuje <a href=\"https:\/\/divotecosmetics.com\/hr\/kategorija-proizvoda\/njega-koze\/\">umornu ko\u017eu<\/a> i rje\u0161ava se <a href=\"https:\/\/divotecosmetics.com\/hr\/shop\/njega-koze\/serum-za-posvjetljivanje-tamih-mrlja-50ml\/\">tamnih mrlja<\/a>, ostavljaju\u0107i vas s blistavim i njegovanjem tenom.<\/p>\n","protected":false},"featured_media":3630,"comment_status":"open","ping_status":"closed","template":"","meta":{"_acf_changed":false,"_seopress_robots_primary_cat":"none","_seopress_titles_title":"Posvjetljuju\u0107a krema s kozjim mlijekom - Georganic - Divote","_seopress_titles_desc":"Posvjetljuju\u0107a krema s kozjim mlijekom - Georganic - ova krema u\u010dinkovito posvjetljuje umornu ko\u017eu i rje\u0161ava se tamnih mrlja. Isprobajte ve\u0107 danas","_seopress_robots_index":"","inline_featured_image":false},"product_brand":[],"product_cat":[94],"product_tag":[251,314],"class_list":{"0":"post-3628","1":"product","2":"type-product","3":"status-publish","4":"has-post-thumbnail","6":"product_cat-njega-koze","7":"product_tag-dark-spots-hr","8":"product_tag-hydration-hr-2","9":"pa_brands-georganic","10":"pa_ingredients-niacinamide-hr","11":"pa_product-type-hidratacija","12":"pa_skin-concerns-hydration-hr","13":"pa_skin-concerns-hyperpigmentation-hr","14":"pa_skin-concerns-pore-care-hr","15":"pa_skin-type-oily-skin-hr","16":"pa_skin-type-normal-skin-hr","17":"pa_skin-type-sensitive-skin-hr","18":"pa_skin-type-dry-skin-hr","19":"pa_skin-type-all-skin-types-hr","20":"pa_skin-type-mature-skin-hr","22":"first","23":"instock","24":"taxable","25":"shipping-taxable","26":"purchasable","27":"product-type-simple"},"acf":[],"_links":{"self":[{"href":"https:\/\/divotecosmetics.com\/hr\/wp-json\/wp\/v2\/product\/3628","targetHints":{"allow":["GET"]}}],"collection":[{"href":"https:\/\/divotecosmetics.com\/hr\/wp-json\/wp\/v2\/product"}],"about":[{"href":"https:\/\/divotecosmetics.com\/hr\/wp-json\/wp\/v2\/types\/product"}],"replies":[{"embeddable":true,"href":"https:\/\/divotecosmetics.com\/hr\/wp-json\/wp\/v2\/comments?post=3628"}],"wp:featuredmedia":[{"embeddable":true,"href":"https:\/\/divotecosmetics.com\/hr\/wp-json\/wp\/v2\/media\/3630"}],"wp:attachment":[{"href":"https:\/\/divotecosmetics.com\/hr\/wp-json\/wp\/v2\/media?parent=3628"}],"wp:term":[{"taxonomy":"product_brand","embeddable":true,"href":"https:\/\/divotecosmetics.com\/hr\/wp-json\/wp\/v2\/product_brand?post=3628"},{"taxonomy":"product_cat","embeddable":true,"href":"https:\/\/divotecosmetics.com\/hr\/wp-json\/wp\/v2\/product_cat?post=3628"},{"taxonomy":"product_tag","embeddable":true,"href":"https:\/\/divotecosmetics.com\/hr\/wp-json\/wp\/v2\/product_tag?post=3628"}],"curies":[{"name":"wp","href":"https:\/\/api.w.org\/{rel}","templated":true}]}}