{"id":3622,"date":"2024-09-27T19:29:57","date_gmt":"2024-09-27T17:29:57","guid":{"rendered":"https:\/\/divotecosmetics.com\/?post_type=product&#038;p=3622"},"modified":"2026-02-05T21:21:35","modified_gmt":"2026-02-05T20:21:35","slug":"georganic-bifida-mineralna-hidratantna-krema-45-ml","status":"publish","type":"product","link":"https:\/\/divotecosmetics.com\/hr\/shop\/njega-koze\/georganic-bifida-mineralna-hidratantna-krema-45-ml\/","title":{"rendered":"Georganic bifida mineralna hidratantna krema 45 ml"},"content":{"rendered":"<p><a href=\"https:\/\/divotecosmetics.com\/hr\/brands\/georganic\/\">GEORGANIC<\/a> Bifida Mineral Water Cream lagana je krema formulirana s prirodnim sastojcima poput Bifida Ferment Lizata i havajske dubokomorske vode. Kreirana za <a href=\"https:\/\/divotecosmetics.com\/hr\/product-type\/hidratacija\/?yith_wcan=1&#038;orderby=popularity&#038;product_cat=njega-koze\">hidrataciju<\/a> i <a href=\"https:\/\/divotecosmetics.com\/hr\/skin-type\/sensitive-skin-hr\/?yith_wcan=1&#038;orderby=popularity&#038;product_cat=njega-koze\">umirivanje ko\u017ee<\/a>, ova gel-vrsta kreme u\u010dinkovito ja\u010da za\u0161titnu barijeru ko\u017ee, poma\u017eu\u0107i u borbi protiv suho\u0107e i pobolj\u0161avaju\u0107i elasti\u010dnost ko\u017ee.<\/p>\n<p>Bogata proteinima, vitaminima i mineralima iz fermentacije Bifida, ova krema njeguje ko\u017eu dok pobolj\u0161ava njen op\u0107i ton i teksturu. Sa svojom blagom formulom bez iritacija, prikladna je za sve tipove ko\u017ee i idealna za svakodnevnu upotrebu, pru\u017eaju\u0107i \u010dvr\u0161\u0107i i blistaviji ten s svakom primjenom. Iskusite osvje\u017eavaju\u0107u hidrataciju i umiruju\u0107e prednosti ove izvanredne vodene kreme za zdrav i sjajan izgled!<\/p>\n","protected":false},"excerpt":{"rendered":"<p><a href=\"https:\/\/divotecosmetics.com\/hr\/georganic-snaga-ciste-korejske-kozmetike\/\">GEORGANIC<\/a> Bifida Mineral Water Cream lagana je krema dizajnirana za hidrataciju i umirivanje ko\u017ee.<\/p>\n","protected":false},"featured_media":3624,"comment_status":"open","ping_status":"closed","template":"","meta":{"_acf_changed":false,"_seopress_robots_primary_cat":"none","_seopress_titles_title":"Bifida Mineral Water Cream 45 ml - Krema za lice - Divote","_seopress_titles_desc":"Bifida Mineral Water Cream 45 ml brenda GEORGANIC lagana je krema dizajnirana za hidrataciju i umirivanje ko\u017ee. naru\u010dite u Divote Cosmetics","_seopress_robots_index":"","inline_featured_image":false},"product_brand":[],"product_cat":[94],"product_tag":[314,121],"class_list":{"0":"post-3622","1":"product","2":"type-product","3":"status-publish","4":"has-post-thumbnail","6":"product_cat-njega-koze","7":"product_tag-hydration-hr-2","8":"product_tag-shiny-cheeks-hr","9":"pa_brands-georganic","10":"pa_ingredients-beta-glucan-hr","11":"pa_ingredients-centella-asiatica-hr","12":"pa_product-type-hidratacija","13":"pa_skin-concerns-hydration-hr","14":"pa_skin-concerns-pore-care-hr","15":"pa_skin-type-oily-skin-hr","16":"pa_skin-type-normal-skin-hr","17":"pa_skin-type-sensitive-skin-hr","18":"pa_skin-type-dry-skin-hr","19":"pa_skin-type-all-skin-types-hr","20":"pa_skin-type-mature-skin-hr","22":"first","23":"instock","24":"taxable","25":"shipping-taxable","26":"purchasable","27":"product-type-simple"},"acf":[],"_links":{"self":[{"href":"https:\/\/divotecosmetics.com\/hr\/wp-json\/wp\/v2\/product\/3622","targetHints":{"allow":["GET"]}}],"collection":[{"href":"https:\/\/divotecosmetics.com\/hr\/wp-json\/wp\/v2\/product"}],"about":[{"href":"https:\/\/divotecosmetics.com\/hr\/wp-json\/wp\/v2\/types\/product"}],"replies":[{"embeddable":true,"href":"https:\/\/divotecosmetics.com\/hr\/wp-json\/wp\/v2\/comments?post=3622"}],"wp:featuredmedia":[{"embeddable":true,"href":"https:\/\/divotecosmetics.com\/hr\/wp-json\/wp\/v2\/media\/3624"}],"wp:attachment":[{"href":"https:\/\/divotecosmetics.com\/hr\/wp-json\/wp\/v2\/media?parent=3622"}],"wp:term":[{"taxonomy":"product_brand","embeddable":true,"href":"https:\/\/divotecosmetics.com\/hr\/wp-json\/wp\/v2\/product_brand?post=3622"},{"taxonomy":"product_cat","embeddable":true,"href":"https:\/\/divotecosmetics.com\/hr\/wp-json\/wp\/v2\/product_cat?post=3622"},{"taxonomy":"product_tag","embeddable":true,"href":"https:\/\/divotecosmetics.com\/hr\/wp-json\/wp\/v2\/product_tag?post=3622"}],"curies":[{"name":"wp","href":"https:\/\/api.w.org\/{rel}","templated":true}]}}