{"id":3616,"date":"2024-09-27T18:06:41","date_gmt":"2024-09-27T16:06:41","guid":{"rendered":"https:\/\/divotecosmetics.com\/?post_type=product&#038;p=3616"},"modified":"2026-03-20T15:48:48","modified_gmt":"2026-03-20T14:48:48","slug":"georganic-propolis-serum-za-cistu-kozu-45-ml","status":"publish","type":"product","link":"https:\/\/divotecosmetics.com\/hr\/shop\/njega-koze\/georganic-propolis-serum-za-cistu-kozu-45-ml\/","title":{"rendered":"Georganic propolis serum za \u010distu ko\u017eu 45 ml"},"content":{"rendered":"<p>GEORGANIC Propolis Clear Serum kombinira prirodne sastojke poput propolisa i ekstrakta Centelle Asiatice kako bi smanjio upale, pobolj\u0161ao regeneraciju ko\u017ee i posvijetlio problemati\u010dnu ko\u017eu. U\u010dinkovito smiruje <a href=\"https:\/\/divotecosmetics.com\/hr\/skin-type\/sensitive-skin-hr\/?yith_wcan=1&#038;orderby=popularity&#038;product_cat=njega-koze\">ko\u017eu sklonu aknama<\/a>, pru\u017eaju\u0107i esencijalne minerale i vitamine, uz sna\u017ene protuupalne i antioksidativne prednosti.<\/p>\n<p>&nbsp;<\/p>\n<p>Oboga\u0107en salicilnom kiselinom, ovaj serum cilja na vi\u0161ak sebuma, smanjuju\u0107i mitesere i bijele to\u010dke, dok pobolj\u0161ava ravnote\u017eu vode i ulja u ko\u017ei. Za\u0161titite svoju ko\u017eu od UV zra\u010denja i okoli\u0161nih iritansa dok posti\u017eete \u010di\u0161\u0107i i zdraviji ten s Propolis Clear Serumom.<\/p>\n","protected":false},"excerpt":{"rendered":"<p><a href=\"https:\/\/divotecosmetics.com\/hr\/brands\/georganic\/\">GEORGANIC<\/a> Propolis Clear Serum u\u010dinkovito smiruje ko\u017eu sklone aknama, pru\u017eaju\u0107i esencijalne minerale i vitamine.<\/p>\n","protected":false},"featured_media":3618,"comment_status":"open","ping_status":"closed","template":"","meta":{"_acf_changed":false,"_seopress_robots_primary_cat":"none","_seopress_titles_title":"Propolis Clear Serum 45 ml - Serum za lice - Divote","_seopress_titles_desc":"Propolis Clear Serum 45 ml GEORGANIC serum za lice u\u010dinkovito smiruje ko\u017eu sklone aknama, pru\u017eaju\u0107i esencijalne minerale i vitamine.","_seopress_robots_index":"","inline_featured_image":false},"product_brand":[],"product_cat":[94],"product_tag":[247,249],"class_list":{"0":"post-3616","1":"product","2":"type-product","3":"status-publish","4":"has-post-thumbnail","6":"product_cat-njega-koze","7":"product_tag-acne-care-hr","8":"product_tag-brightening-hr","9":"pa_brands-georganic","10":"pa_ingredients-centella-asiatica-hr","11":"pa_product-type-serum-hr","12":"pa_skin-concerns-acne-hr","13":"pa_skin-concerns-hyperpigmentation-hr","14":"pa_skin-type-oily-skin-hr","15":"pa_skin-type-normal-skin-hr","16":"pa_skin-type-sensitive-skin-hr","17":"pa_skin-type-dry-skin-hr","18":"pa_skin-type-all-skin-types-hr","19":"pa_skin-type-mature-skin-hr","21":"first","22":"instock","23":"taxable","24":"shipping-taxable","25":"purchasable","26":"product-type-simple"},"acf":[],"_links":{"self":[{"href":"https:\/\/divotecosmetics.com\/hr\/wp-json\/wp\/v2\/product\/3616","targetHints":{"allow":["GET"]}}],"collection":[{"href":"https:\/\/divotecosmetics.com\/hr\/wp-json\/wp\/v2\/product"}],"about":[{"href":"https:\/\/divotecosmetics.com\/hr\/wp-json\/wp\/v2\/types\/product"}],"replies":[{"embeddable":true,"href":"https:\/\/divotecosmetics.com\/hr\/wp-json\/wp\/v2\/comments?post=3616"}],"wp:featuredmedia":[{"embeddable":true,"href":"https:\/\/divotecosmetics.com\/hr\/wp-json\/wp\/v2\/media\/3618"}],"wp:attachment":[{"href":"https:\/\/divotecosmetics.com\/hr\/wp-json\/wp\/v2\/media?parent=3616"}],"wp:term":[{"taxonomy":"product_brand","embeddable":true,"href":"https:\/\/divotecosmetics.com\/hr\/wp-json\/wp\/v2\/product_brand?post=3616"},{"taxonomy":"product_cat","embeddable":true,"href":"https:\/\/divotecosmetics.com\/hr\/wp-json\/wp\/v2\/product_cat?post=3616"},{"taxonomy":"product_tag","embeddable":true,"href":"https:\/\/divotecosmetics.com\/hr\/wp-json\/wp\/v2\/product_tag?post=3616"}],"curies":[{"name":"wp","href":"https:\/\/api.w.org\/{rel}","templated":true}]}}