{"id":3605,"date":"2024-09-27T17:02:09","date_gmt":"2024-09-27T15:02:09","guid":{"rendered":"https:\/\/divotecosmetics.com\/?post_type=product&#038;p=3605"},"modified":"2026-04-16T14:32:47","modified_gmt":"2026-04-16T12:32:47","slug":"georganic-tonik-s-havajskim-mineralima-iz-dubokog-mora-200-ml","status":"publish","type":"product","link":"https:\/\/divotecosmetics.com\/hr\/shop\/njega-koze\/georganic-tonik-s-havajskim-mineralima-iz-dubokog-mora-200-ml\/","title":{"rendered":"Georganic tonik s havajskim mineralima iz dubokog mora 200 ml"},"content":{"rendered":"<p>Hawaiian Deep Sea Mineral Toner nje\u017eno je, bezalkoholno rje\u0161enje formulirano s 82% \u010diste havajske dubokomorske vode, bogate s vi\u0161e od 80 ioniziranih minerala i prirodnih hranjivih tvari. Ovaj toner u\u010dinkovito uklanja zaostale ne\u010disto\u0107e i mrtve stanice ko\u017ee nakon \u010di\u0161\u0107enja, poma\u017eu\u0107i u postizanju uravnote\u017eenog i pro\u010di\u0161\u0107enog tena.<\/p>\n<p>&nbsp;<\/p>\n<p>Pru\u017eaju\u0107i laganu, ali hranjivu hidrataciju, prikladan je za sve tipove <a href=\"https:\/\/divotecosmetics.com\/hr\/njega-koze-u-tridesetima-korejski-njega-za-blistav-i-mladolik-izgled\/\">ko\u017ee<\/a> te ja\u010da za\u0161titnu barijeru ko\u017ee, bez osje\u0107aja te\u017eine. Oboga\u0107en dubokomorskim mineralima, pobolj\u0161ava razinu vla\u017enosti i osigurava trenutno obnavljanje ko\u017ee, ostavljaju\u0107i lice glatkim, osvje\u017eenim i zdravog izgleda.<\/p>\n","protected":false},"excerpt":{"rendered":"<p>Hawaiian Deep Sea Mineral Toner (<a href=\"https:\/\/divotecosmetics.com\/hr\/brands\/georganic\/\">Georganic<\/a>) u\u010dinkovito uklanja zaostale ne\u010disto\u0107e i mrtve stanice <a href=\"https:\/\/divotecosmetics.com\/hr\/kako-postici-blistavu-zdravu-kozu-ultimativni-vodic-by-divote-cosmetics\/\">ko\u017ee<\/a> nakon \u010di\u0161\u0107enja, poma\u017eu\u0107i u postizanju uravnote\u017eenog i pro\u010di\u0161\u0107enog tena.<\/p>\n","protected":false},"featured_media":3612,"comment_status":"open","ping_status":"closed","template":"","meta":{"_acf_changed":false,"_seopress_robots_primary_cat":"none","_seopress_titles_title":"Hawaiian Deep Sea Mineral Toner 200 ml - Divote Cosmetics","_seopress_titles_desc":"Hawaiian Deep Sea Mineral Toner 200 ml u\u010dinkovito uklanja ne\u010disto\u0107e i mrtve stanice ko\u017ee, poma\u017eu\u0107i u postizanju uravnote\u017eenog tena.","_seopress_robots_index":"","inline_featured_image":false},"product_brand":[],"product_cat":[94],"product_tag":[119,120,121],"class_list":{"0":"post-3605","1":"product","2":"type-product","3":"status-publish","4":"has-post-thumbnail","6":"product_cat-njega-koze","7":"product_tag-fine-lines-hr","8":"product_tag-pore-reduction-hr","9":"product_tag-shiny-cheeks-hr","10":"pa_brands-georganic","11":"pa_ingredients-niacinamide-hr","12":"pa_product-type-toner-hr","13":"pa_skin-concerns-hydration-hr","14":"pa_skin-concerns-pore-care-hr","15":"pa_skin-type-oily-skin-hr","16":"pa_skin-type-normal-skin-hr","17":"pa_skin-type-sensitive-skin-hr","18":"pa_skin-type-dry-skin-hr","19":"pa_skin-type-all-skin-types-hr","20":"pa_skin-type-mature-skin-hr","22":"first","23":"instock","24":"taxable","25":"shipping-taxable","26":"purchasable","27":"product-type-simple"},"acf":[],"_links":{"self":[{"href":"https:\/\/divotecosmetics.com\/hr\/wp-json\/wp\/v2\/product\/3605","targetHints":{"allow":["GET"]}}],"collection":[{"href":"https:\/\/divotecosmetics.com\/hr\/wp-json\/wp\/v2\/product"}],"about":[{"href":"https:\/\/divotecosmetics.com\/hr\/wp-json\/wp\/v2\/types\/product"}],"replies":[{"embeddable":true,"href":"https:\/\/divotecosmetics.com\/hr\/wp-json\/wp\/v2\/comments?post=3605"}],"wp:featuredmedia":[{"embeddable":true,"href":"https:\/\/divotecosmetics.com\/hr\/wp-json\/wp\/v2\/media\/3612"}],"wp:attachment":[{"href":"https:\/\/divotecosmetics.com\/hr\/wp-json\/wp\/v2\/media?parent=3605"}],"wp:term":[{"taxonomy":"product_brand","embeddable":true,"href":"https:\/\/divotecosmetics.com\/hr\/wp-json\/wp\/v2\/product_brand?post=3605"},{"taxonomy":"product_cat","embeddable":true,"href":"https:\/\/divotecosmetics.com\/hr\/wp-json\/wp\/v2\/product_cat?post=3605"},{"taxonomy":"product_tag","embeddable":true,"href":"https:\/\/divotecosmetics.com\/hr\/wp-json\/wp\/v2\/product_tag?post=3605"}],"curies":[{"name":"wp","href":"https:\/\/api.w.org\/{rel}","templated":true}]}}