{"id":3509,"date":"2024-09-18T22:01:26","date_gmt":"2024-09-18T20:01:26","guid":{"rendered":"https:\/\/divotecosmetics.com\/?post_type=product&#038;p=3509"},"modified":"2026-03-27T10:30:59","modified_gmt":"2026-03-27T09:30:59","slug":"beigic-putni-set-za-njegu-lica","status":"publish","type":"product","link":"https:\/\/divotecosmetics.com\/hr\/shop\/njega-koze\/beigic-putni-set-za-njegu-lica\/","title":{"rendered":"Beigic putni set za njegu lica"},"content":{"rendered":"<p>Ako ste novi u veganskoj njezi ko\u017ee, zapo\u010dnite s Beigic Travel Kit setom koji sadr\u017ei <a href=\"https:\/\/divotecosmetics.com\/hr\/moja-prica-o-clean-korejskoj-kozmetici-i-beigicu-prica-o-transformaciji-i-prijateljstvu\/\">BEIGIC<\/a> prepoznatljive proizvode. Ovaj set nudi sve, od nje\u017enog \u010di\u0161\u0107enja do specijalizirane njege za pomla\u0111ivanje, pru\u017eaju\u0107i kompletnu vegansku rutinu za njegu va\u0161e ko\u017ee.<\/p>\n<p>Savr\u0161en za po\u010detnike, ovaj putni set uklju\u010duje mini verzije <a href=\"https:\/\/divotecosmetics.com\/hr\/brands\/beigic\/\">Beigic<\/a> prepoznatljivih proizvoda za njegu lica, \u010dine\u0107i ga prakti\u010dnim za njegu ko\u017ee kod ku\u0107e ili na putu.<\/p>\n","protected":false},"excerpt":{"rendered":"<p>Ovaj set nudi sve, od nje\u017enog \u010di\u0161\u0107enja do specijalizirane njege, pru\u017eaju\u0107i kompletnu vegansku rutinu za njegu va\u0161e ko\u017ee.<\/p>\n","protected":false},"featured_media":8509,"comment_status":"open","ping_status":"closed","template":"","meta":{"_acf_changed":false,"_seopress_robots_primary_cat":"none","_seopress_titles_title":"Beigic - Travel Kit - Divote","_seopress_titles_desc":"Beigic Travel Kit je set brenda Beigic koji nudi sve, od nje\u017enog \u010di\u0161\u0107enja do specijalizirane njege, pru\u017eaju\u0107i kompletnu rutinu za njegu ko\u017ee","_seopress_robots_index":"","inline_featured_image":false},"product_brand":[],"product_cat":[94],"product_tag":[248,119,314,307,120,121],"class_list":{"0":"post-3509","1":"product","2":"type-product","3":"status-publish","4":"has-post-thumbnail","6":"product_cat-njega-koze","7":"product_tag-anti-age-hr","8":"product_tag-fine-lines-hr","9":"product_tag-hydration-hr-2","10":"product_tag-moisturiser-hr","11":"product_tag-pore-reduction-hr","12":"product_tag-shiny-cheeks-hr","13":"pa_brands-beigic","14":"pa_product-type-cistac-na-bazi-vode","15":"pa_product-type-hidratacija","16":"pa_product-type-maska","17":"pa_skin-concerns-anti-age-hr","18":"pa_skin-concerns-hydration-hr","19":"pa_skin-type-oily-skin-hr","20":"pa_skin-type-normal-skin-hr","21":"pa_skin-type-dry-skin-hr","22":"pa_skin-type-mature-skin-hr","24":"first","25":"instock","26":"taxable","27":"shipping-taxable","28":"purchasable","29":"product-type-simple"},"acf":[],"_links":{"self":[{"href":"https:\/\/divotecosmetics.com\/hr\/wp-json\/wp\/v2\/product\/3509","targetHints":{"allow":["GET"]}}],"collection":[{"href":"https:\/\/divotecosmetics.com\/hr\/wp-json\/wp\/v2\/product"}],"about":[{"href":"https:\/\/divotecosmetics.com\/hr\/wp-json\/wp\/v2\/types\/product"}],"replies":[{"embeddable":true,"href":"https:\/\/divotecosmetics.com\/hr\/wp-json\/wp\/v2\/comments?post=3509"}],"wp:featuredmedia":[{"embeddable":true,"href":"https:\/\/divotecosmetics.com\/hr\/wp-json\/wp\/v2\/media\/8509"}],"wp:attachment":[{"href":"https:\/\/divotecosmetics.com\/hr\/wp-json\/wp\/v2\/media?parent=3509"}],"wp:term":[{"taxonomy":"product_brand","embeddable":true,"href":"https:\/\/divotecosmetics.com\/hr\/wp-json\/wp\/v2\/product_brand?post=3509"},{"taxonomy":"product_cat","embeddable":true,"href":"https:\/\/divotecosmetics.com\/hr\/wp-json\/wp\/v2\/product_cat?post=3509"},{"taxonomy":"product_tag","embeddable":true,"href":"https:\/\/divotecosmetics.com\/hr\/wp-json\/wp\/v2\/product_tag?post=3509"}],"curies":[{"name":"wp","href":"https:\/\/api.w.org\/{rel}","templated":true}]}}