{"id":3503,"date":"2024-09-18T21:12:42","date_gmt":"2024-09-18T19:12:42","guid":{"rendered":"https:\/\/divotecosmetics.com\/?post_type=product&#038;p=3503"},"modified":"2026-03-17T12:08:24","modified_gmt":"2026-03-17T11:08:24","slug":"beigic-veganski-jastucici-70-komada","status":"publish","type":"product","link":"https:\/\/divotecosmetics.com\/hr\/shop\/njega-koze\/beigic-veganski-jastucici-70-komada\/","title":{"rendered":"Beigic veganski jastu\u010di\u0107i (70 komada)"},"content":{"rendered":"<p>Beigic Vegan Moisture Pad su blazinice bez sinteti\u010dkih mirisa, boja, sulfata i parabena, \u0161to ih \u010dini pogodnima za sve tipove ko\u017ee, posebno osjetljivu i suhu ko\u017eu. Sa debljinom od 1,2 mm i troslojnom strukturom,\u00a0 ove blazinice se savr\u0161eno prilago\u0111avaju ko\u017ei, olak\u0161avaju\u0107i u\u010dinkovito apsorbiranje aktivnih sastojaka u ko\u017eu. Kreirani su za kori\u0161tenje zajedno s Beigic Treatment Essence.<\/p>\n","protected":false},"excerpt":{"rendered":"<p>Vegan Moisture Pad (<a href=\"https:\/\/divotecosmetics.com\/hr\/moja-prica-o-clean-korejskoj-kozmetici-i-beigicu-prica-o-transformaciji-i-prijateljstvu\/\">BEIGIC<\/a>) (1 kutija \/ 70 kom) je blazinica izra\u0111ena od 100% veganskog celuloznog materijala s visokom upijeno\u0161\u0107u koja osigurava dugotrajnu <a href=\"https:\/\/divotecosmetics.com\/hr\/product-type\/hidratacija\/?yith_wcan=1&#038;orderby=popularity&#038;product_cat=njega-koze\">hidrataciju<\/a>.<\/p>\n","protected":false},"featured_media":3505,"comment_status":"open","ping_status":"closed","template":"","meta":{"_acf_changed":false,"_seopress_robots_primary_cat":"none","_seopress_titles_title":"Vegan Moisture Pad (70kom) - Beigic - Divote Cosmetics","_seopress_titles_desc":"Vegan Moisture Pad  (1 kutija \/ 70 kom) brenda Beigic su jastu\u010di\u0107i izra\u0111eni od 100% celuloznog materijala s visokom upijeno\u0161\u0107u.","_seopress_robots_index":"","inline_featured_image":false},"product_brand":[],"product_cat":[94],"product_tag":[260],"class_list":{"0":"post-3503","1":"product","2":"type-product","3":"status-publish","4":"has-post-thumbnail","6":"product_cat-njega-koze","7":"product_tag-pads-hr","8":"pa_brands-beigic","9":"pa_ingredients-premium-zelkova-wood-hr","10":"pa_product-type-dodaci","11":"pa_skin-concerns-hydration-hr","12":"pa_skin-type-oily-skin-hr","13":"pa_skin-type-normal-skin-hr","14":"pa_skin-type-dry-skin-hr","15":"pa_skin-type-all-skin-types-hr","16":"pa_skin-type-mature-skin-hr","18":"first","19":"instock","20":"taxable","21":"shipping-taxable","22":"purchasable","23":"product-type-simple"},"acf":[],"_links":{"self":[{"href":"https:\/\/divotecosmetics.com\/hr\/wp-json\/wp\/v2\/product\/3503","targetHints":{"allow":["GET"]}}],"collection":[{"href":"https:\/\/divotecosmetics.com\/hr\/wp-json\/wp\/v2\/product"}],"about":[{"href":"https:\/\/divotecosmetics.com\/hr\/wp-json\/wp\/v2\/types\/product"}],"replies":[{"embeddable":true,"href":"https:\/\/divotecosmetics.com\/hr\/wp-json\/wp\/v2\/comments?post=3503"}],"wp:featuredmedia":[{"embeddable":true,"href":"https:\/\/divotecosmetics.com\/hr\/wp-json\/wp\/v2\/media\/3505"}],"wp:attachment":[{"href":"https:\/\/divotecosmetics.com\/hr\/wp-json\/wp\/v2\/media?parent=3503"}],"wp:term":[{"taxonomy":"product_brand","embeddable":true,"href":"https:\/\/divotecosmetics.com\/hr\/wp-json\/wp\/v2\/product_brand?post=3503"},{"taxonomy":"product_cat","embeddable":true,"href":"https:\/\/divotecosmetics.com\/hr\/wp-json\/wp\/v2\/product_cat?post=3503"},{"taxonomy":"product_tag","embeddable":true,"href":"https:\/\/divotecosmetics.com\/hr\/wp-json\/wp\/v2\/product_tag?post=3503"}],"curies":[{"name":"wp","href":"https:\/\/api.w.org\/{rel}","templated":true}]}}