{"id":3496,"date":"2024-09-18T20:33:25","date_gmt":"2024-09-18T18:33:25","guid":{"rendered":"https:\/\/divotecosmetics.com\/?post_type=product&#038;p=3496"},"modified":"2026-01-26T13:33:08","modified_gmt":"2026-01-26T12:33:08","slug":"beigic-masazna-cetka-za-vlasiste","status":"publish","type":"product","link":"https:\/\/divotecosmetics.com\/hr\/shop\/njega-kose\/beigic-masazna-cetka-za-vlasiste\/","title":{"rendered":"Beigic masa\u017ena \u010detka za vlasi\u0161te"},"content":{"rendered":"<p>Ova \u010detka za kosu sa zupcima od nehr\u0111aju\u0107eg \u010delika nje\u017eno ra\u0161\u010de\u0161ljava o\u0161te\u0107enu kosu, ostavljaju\u0107i je glatkom i sjajnom. Njezini zaobljeni krajevi pru\u017eaju umiruju\u0107u masa\u017eu tjemena, poti\u010du\u0107i cirkulaciju i zdrav rast kose bez iritacije.<\/p>\n<p>&nbsp;<\/p>\n<p>Redovita masa\u017ea podru\u010dja tjemena poma\u017ee ukloniti mrtve stanice ko\u017ee, sebum i nakupljanje ne\u010disto\u0107a za \u010di\u0161\u0107e i zdravije tjemena. \u010cetka lako ra\u0161\u010de\u0161ljava kosu, ostavljaju\u0107i je elegantnom i sjajnom.<\/p>\n","protected":false},"excerpt":{"rendered":"<p>Ova \u010detka (<a href=\"https:\/\/divotecosmetics.com\/hr\/brands\/beigic\/\">Beigic<\/a>) za kosu sa zupcima od nehr\u0111aju\u0107eg \u010delika nje\u017eno ra\u0161\u010de\u0161ljava o\u0161te\u0107enu <a href=\"https:\/\/divotecosmetics.com\/hr\/kategorija-proizvoda\/njega-kose\/\">kosu<\/a>, ostavljaju\u0107i je glatkom i sjajnom.<\/p>\n","protected":false},"featured_media":3498,"comment_status":"open","ping_status":"closed","template":"","meta":{"_acf_changed":false,"_seopress_robots_primary_cat":"none","_seopress_titles_title":"Scalp Massage Hair Brush - Beigic - \u010cetka za Kosu - Divote","_seopress_titles_desc":"Scalp Massage Hair Brush - ova \u010detka za kosu brenda Beigic s \u010deli\u010dnim zupcima nje\u017eno ra\u0161\u010de\u0161ljava o\u0161te\u0107enu kosu, ostavljaju\u0107i je glatkom i sjajnom.","_seopress_robots_index":"","inline_featured_image":false},"product_brand":[],"product_cat":[103],"product_tag":[256,246],"class_list":{"0":"post-3496","1":"product","2":"type-product","3":"status-publish","4":"has-post-thumbnail","6":"product_cat-njega-kose","7":"product_tag-hair-hr","8":"product_tag-spf-hr","9":"pa_brands-beigic","10":"pa_ingredients-premium-zelkova-wood-hr","11":"pa_skin-concerns-hydration-hr","12":"pa_skin-type-oily-skin-hr","13":"pa_skin-type-normal-skin-hr","14":"pa_skin-type-sensitive-skin-hr","15":"pa_skin-type-dry-skin-hr","16":"pa_skin-type-all-skin-types-hr","17":"pa_skin-type-mature-skin-hr","19":"first","20":"instock","21":"taxable","22":"shipping-taxable","23":"purchasable","24":"product-type-simple"},"acf":[],"_links":{"self":[{"href":"https:\/\/divotecosmetics.com\/hr\/wp-json\/wp\/v2\/product\/3496","targetHints":{"allow":["GET"]}}],"collection":[{"href":"https:\/\/divotecosmetics.com\/hr\/wp-json\/wp\/v2\/product"}],"about":[{"href":"https:\/\/divotecosmetics.com\/hr\/wp-json\/wp\/v2\/types\/product"}],"replies":[{"embeddable":true,"href":"https:\/\/divotecosmetics.com\/hr\/wp-json\/wp\/v2\/comments?post=3496"}],"wp:featuredmedia":[{"embeddable":true,"href":"https:\/\/divotecosmetics.com\/hr\/wp-json\/wp\/v2\/media\/3498"}],"wp:attachment":[{"href":"https:\/\/divotecosmetics.com\/hr\/wp-json\/wp\/v2\/media?parent=3496"}],"wp:term":[{"taxonomy":"product_brand","embeddable":true,"href":"https:\/\/divotecosmetics.com\/hr\/wp-json\/wp\/v2\/product_brand?post=3496"},{"taxonomy":"product_cat","embeddable":true,"href":"https:\/\/divotecosmetics.com\/hr\/wp-json\/wp\/v2\/product_cat?post=3496"},{"taxonomy":"product_tag","embeddable":true,"href":"https:\/\/divotecosmetics.com\/hr\/wp-json\/wp\/v2\/product_tag?post=3496"}],"curies":[{"name":"wp","href":"https:\/\/api.w.org\/{rel}","templated":true}]}}