{"id":3490,"date":"2024-09-18T19:32:46","date_gmt":"2024-09-18T17:32:46","guid":{"rendered":"https:\/\/divotecosmetics.com\/?post_type=product&#038;p=3490"},"modified":"2026-04-13T16:00:22","modified_gmt":"2026-04-13T14:00:22","slug":"beigic-revitalizirajuca-krema-za-suncanje-spf-50-pa-30-ml","status":"publish","type":"product","link":"https:\/\/divotecosmetics.com\/hr\/shop\/njega-koze\/beigic-revitalizirajuca-krema-za-suncanje-spf-50-pa-30-ml\/","title":{"rendered":"Beigic revitaliziraju\u0107a krema za sun\u010danje SPF 50+ PA++++"},"content":{"rendered":"<p><a href=\"https:\/\/divotecosmetics.com\/hr\/moja-prica-o-clean-korejskoj-kozmetici-i-beigicu-prica-o-transformaciji-i-prijateljstvu\/\">Beigic<\/a> Revitalizing CE Sunscreen SPF 50+ PA++++ nije samo za\u0161tita od sunca \u2014 ona je cjelovito iskustvo njege ko\u017ee. Ova lagana formula se bez napora uklapa u va\u0161u rutinu, \u0161tite\u0107i va\u0161u ko\u017eu od \u0161tetnih UV zraka dok je duboko revitalizira bitnim hranjivim tvarima.<\/p>\n<p>Testiran na sposobnost blokiranja plavog svjetla, ova krema za sun\u010danje pru\u017ea sveobuhvatnu za\u0161titu od vanjskih utjecaja. Savr\u0161ena za svakodnevnu upotrebu, njegova osvje\u017eavaju\u0107a tekstura osigurava dugotrajnu hidrataciju i za\u0161titu, \u010dak i tijekom du\u017eih aktivnosti na otvorenom.<\/p>\n","protected":false},"excerpt":{"rendered":"<p><a href=\"https:\/\/divotecosmetics.com\/hr\/brands\/beigic\/\">Beigic<\/a> Revitalizing CE Sunscreen SPF 50+ PA++++ nije samo za\u0161tita od sunca \u2014 ona je cjelovito iskustvo <a href=\"https:\/\/divotecosmetics.com\/hr\/kategorija-proizvoda\/njega-koze\/\">njege ko\u017ee<\/a>.<\/p>\n","protected":false},"featured_media":3492,"comment_status":"open","ping_status":"closed","template":"","meta":{"_acf_changed":false,"_seopress_robots_primary_cat":"none","_seopress_titles_title":"Beigic Revitalizing CE Sunscreen SPF 50+ - Divote Cosmetics","_seopress_titles_desc":"Beigic Revitalizing CE Sunscreen SPF 50+ nije samo za\u0161tita od sunca \u2014 ona je cjelovito iskustvo njege ko\u017ee. Kupite u Divote Cosmetics web trgovini","_seopress_robots_index":"","inline_featured_image":false},"product_brand":[],"product_cat":[94],"product_tag":[246],"class_list":{"0":"post-3490","1":"product","2":"type-product","3":"status-publish","4":"has-post-thumbnail","6":"product_cat-njega-koze","7":"product_tag-spf-hr","8":"pa_brands-beigic","9":"pa_ingredients-coffee-bean-oil-hr","10":"pa_ingredients-vitamin-c-hr","11":"pa_ingredients-vitamin-e-hr","12":"pa_product-type-zastita-od-sunca","13":"pa_skin-concerns-hydration-hr","14":"pa_skin-type-oily-skin-hr","15":"pa_skin-type-normal-skin-hr","16":"pa_skin-type-dry-skin-hr","17":"pa_skin-type-all-skin-types-hr","18":"pa_skin-type-mature-skin-hr","20":"first","21":"instock","22":"taxable","23":"shipping-taxable","24":"purchasable","25":"product-type-simple"},"acf":[],"_links":{"self":[{"href":"https:\/\/divotecosmetics.com\/hr\/wp-json\/wp\/v2\/product\/3490","targetHints":{"allow":["GET"]}}],"collection":[{"href":"https:\/\/divotecosmetics.com\/hr\/wp-json\/wp\/v2\/product"}],"about":[{"href":"https:\/\/divotecosmetics.com\/hr\/wp-json\/wp\/v2\/types\/product"}],"replies":[{"embeddable":true,"href":"https:\/\/divotecosmetics.com\/hr\/wp-json\/wp\/v2\/comments?post=3490"}],"wp:featuredmedia":[{"embeddable":true,"href":"https:\/\/divotecosmetics.com\/hr\/wp-json\/wp\/v2\/media\/3492"}],"wp:attachment":[{"href":"https:\/\/divotecosmetics.com\/hr\/wp-json\/wp\/v2\/media?parent=3490"}],"wp:term":[{"taxonomy":"product_brand","embeddable":true,"href":"https:\/\/divotecosmetics.com\/hr\/wp-json\/wp\/v2\/product_brand?post=3490"},{"taxonomy":"product_cat","embeddable":true,"href":"https:\/\/divotecosmetics.com\/hr\/wp-json\/wp\/v2\/product_cat?post=3490"},{"taxonomy":"product_tag","embeddable":true,"href":"https:\/\/divotecosmetics.com\/hr\/wp-json\/wp\/v2\/product_tag?post=3490"}],"curies":[{"name":"wp","href":"https:\/\/api.w.org\/{rel}","templated":true}]}}