{"id":3487,"date":"2024-09-17T18:50:25","date_gmt":"2024-09-17T16:50:25","guid":{"rendered":"https:\/\/divotecosmetics.com\/?post_type=product&#038;p=3487"},"modified":"2025-11-10T10:34:54","modified_gmt":"2025-11-10T09:34:54","slug":"mighty-bamboo-panthenol-cream-100-ml","status":"publish","type":"product","link":"https:\/\/divotecosmetics.com\/hr\/shop\/njega-koze\/mighty-bamboo-panthenol-cream-100-ml\/","title":{"rendered":"Mighty Bamboo Panthenol Cream 100 ml"},"content":{"rendered":"<p>Oslobodite mo\u0107 blistave, zdrave ko\u017ee s Purito Mighty Bamboo Panthenol Cream, va\u0161om najomiljenijom kremom za sjaj. Oboga\u0107ena s 10% pantenola, ova luksuzna krema obnavlja i ja\u010da va\u0161u za\u0161titnu barijeru te pru\u017ea poja\u010danu hidrataciju. Pantenol, poznat kao pro-vitamin B5, duboko njeguje, umiruje iritaciju i zadr\u017eava vlagu, ostavljaju\u0107i va\u0161u ko\u017eu mekom, glatkom i blistavom.<\/p>\n<p>Oboga\u0107ena \u010darolijom ekstrakta korejskog bambusa i Centelle Asiatice, ova krema ne samo da hidratizira, ve\u0107 i smiruje i revitalizira suhu, osjetljivu ko\u017eu. Niacinamid i skvalan djeluju u harmoniji kako bi uravnote\u017eili proizvodnju sebuma, pobolj\u0161ali elasti\u010dnost i smanjili fine linije. Rezultat? Ko\u017ea koja se osje\u0107a osvje\u017eeno, otpornije i spremna sjajiti kao nikada prije \u2014 \u0161to ju \u010dini ultimativnom kremom za postizanje \u017eeljenog sjaja.<\/p>\n","protected":false},"excerpt":{"rendered":"<p>Oslobodite mo\u0107 blistave, zdrave ko\u017ee s Purito Mighty Bamboo Panthenol Cream, va\u0161om najomiljenijom kremom za sjaj.<\/p>\n","protected":false},"featured_media":3558,"comment_status":"open","ping_status":"closed","template":"","meta":{"_acf_changed":false,"_seopress_robots_primary_cat":"none","_seopress_titles_title":"Purito - Mighty Bamboo Panthenol Cream 100 ml - Divote","_seopress_titles_desc":"Oslobodite mo\u0107 blistave, zdrave ko\u017ee s Purito Mighty Bamboo Panthenol Cream, va\u0161om najomiljenijom kremom za sjaj.","_seopress_robots_index":"","inline_featured_image":false},"product_brand":[],"product_cat":[94],"product_tag":[247,120],"class_list":{"0":"post-3487","1":"product","2":"type-product","3":"status-publish","4":"has-post-thumbnail","6":"product_cat-njega-koze","7":"product_tag-acne-care-hr","8":"product_tag-pore-reduction-hr","9":"pa_brands-purito","10":"pa_ingredients-avocado-oil-hr","11":"pa_product-type-hidratacija","12":"pa_skin-concerns-hydration-hr","13":"pa_skin-concerns-pore-care-hr","14":"pa_skin-type-normal-skin-hr","15":"pa_skin-type-sensitive-skin-hr","16":"pa_skin-type-dry-skin-hr","17":"pa_skin-type-mature-skin-hr","19":"first","20":"instock","21":"taxable","22":"shipping-taxable","23":"purchasable","24":"product-type-simple"},"acf":[],"_links":{"self":[{"href":"https:\/\/divotecosmetics.com\/hr\/wp-json\/wp\/v2\/product\/3487","targetHints":{"allow":["GET"]}}],"collection":[{"href":"https:\/\/divotecosmetics.com\/hr\/wp-json\/wp\/v2\/product"}],"about":[{"href":"https:\/\/divotecosmetics.com\/hr\/wp-json\/wp\/v2\/types\/product"}],"replies":[{"embeddable":true,"href":"https:\/\/divotecosmetics.com\/hr\/wp-json\/wp\/v2\/comments?post=3487"}],"wp:featuredmedia":[{"embeddable":true,"href":"https:\/\/divotecosmetics.com\/hr\/wp-json\/wp\/v2\/media\/3558"}],"wp:attachment":[{"href":"https:\/\/divotecosmetics.com\/hr\/wp-json\/wp\/v2\/media?parent=3487"}],"wp:term":[{"taxonomy":"product_brand","embeddable":true,"href":"https:\/\/divotecosmetics.com\/hr\/wp-json\/wp\/v2\/product_brand?post=3487"},{"taxonomy":"product_cat","embeddable":true,"href":"https:\/\/divotecosmetics.com\/hr\/wp-json\/wp\/v2\/product_cat?post=3487"},{"taxonomy":"product_tag","embeddable":true,"href":"https:\/\/divotecosmetics.com\/hr\/wp-json\/wp\/v2\/product_tag?post=3487"}],"curies":[{"name":"wp","href":"https:\/\/api.w.org\/{rel}","templated":true}]}}