{"id":3481,"date":"2024-09-17T18:25:27","date_gmt":"2024-09-17T16:25:27","guid":{"rendered":"https:\/\/divotecosmetics.com\/?post_type=product&#038;p=3481"},"modified":"2026-01-26T14:13:22","modified_gmt":"2026-01-26T13:13:22","slug":"purito-hranjivi-balzam-za-ciscenje-s-avokadom-100ml","status":"publish","type":"product","link":"https:\/\/divotecosmetics.com\/hr\/shop\/njega-koze\/purito-hranjivi-balzam-za-ciscenje-s-avokadom-100ml\/","title":{"rendered":"Purito Hranjivi balzam za \u010di\u0161\u0107enje s avokadom 100 ml"},"content":{"rendered":"<p><span style=\"font-weight: 400;\">Iskusite ultimativni ritual \u010di\u0161\u0107enja s hranjivim balzamom za \u010di\u0161\u0107enje s avokadom (<a href=\"https:\/\/divotecosmetics.com\/hr\/brands\/purito\/\">Purito<\/a> From Green Avocado Cleansing Balm). Ova bogata, topiva formula bez napora uklanja \u0161minku, za\u0161titu od sunca i ne\u010disto\u0107e, istovremeno oboga\u0107uju\u0107i va\u0161u ko\u017eu hranjivom snagom avokadovog ulja. Bogato vitaminima i esencijalnim masnim kiselinama, avokadovo ulje omek\u0161ava i hidratizira, ostavljaju\u0107i va\u0161u ko\u017eu osvje\u017eenom i blistavom bez iritacije.<\/span><\/p>\n<p>&nbsp;<\/p>\n<p><span style=\"font-weight: 400;\">Botani\u010dka mje\u0161avina ekstrakta kelja, \u0161pinata, brokule i pelina djeluje umiruju\u0107e i pove\u0107ava elasti\u010dnost, otkrivaju\u0107i glatku, blistavu put. Ekstrakt lubenice, bogat antioksidansima i vitaminima, ne samo da \u010disti\u2014ve\u0107 i pomla\u0111uje i \u0161titi, \u010dine\u0107i ga savr\u0161enim izborom za uravnote\u017eenu blistavu ko\u017eu. Prigrlite iskustvo njege ko\u017ee koje njeguje i duboko pro\u010di\u0161\u0107ava, a pritom je vegansko i bez okrutnosti.<\/span><\/p>\n<p><br style=\"font-weight: 400;\" \/><br style=\"font-weight: 400;\" \/><\/p>\n","protected":false},"excerpt":{"rendered":"<p>Iskusite ultimativni <a href=\"https:\/\/divotecosmetics.com\/hr\/vodic-za-pocetnike-kako-usvojiti-korejsku-skincare-rutinu-u-5-jednostavnih-koraka\/\">ritual \u010di\u0161\u0107enja<\/a> s hranjivim balzamom za \u010di\u0161\u0107enje s avokadom (<a href=\"https:\/\/divotecosmetics.com\/hr\/predstavljamo-purito-prirodna-njega-inspirirana-korejskom-tradicijom\/\">Purito<\/a> From Green Avocado Cleansing Balm), bogatom topivom formulom koja bez napora uklanja ne\u010disto\u0107e.<\/p>\n","protected":false},"featured_media":3483,"comment_status":"open","ping_status":"closed","template":"","meta":{"_acf_changed":false,"_seopress_robots_primary_cat":"none","_seopress_titles_title":"Hranjivi balzam za \u010di\u0161\u0107enje s avokadom - Purito - Divote","_seopress_titles_desc":"Hranjivi balzam za \u010di\u0161\u0107enje s avokadom - iskusite ultimativni ritual \u010di\u0161\u0107enja s bogatom topivom formulom koja bez napora uklanja ne\u010disto\u0107e.","_seopress_robots_index":"","inline_featured_image":false},"product_brand":[],"product_cat":[94],"product_tag":[247,120],"class_list":{"0":"post-3481","1":"product","2":"type-product","3":"status-publish","4":"has-post-thumbnail","6":"product_cat-njega-koze","7":"product_tag-acne-care-hr","8":"product_tag-pore-reduction-hr","9":"pa_brands-purito","10":"pa_ingredients-avocado-oil-hr","11":"pa_product-type-uljni-cistac","12":"pa_skin-concerns-hydration-hr","13":"pa_skin-concerns-pore-care-hr","14":"pa_skin-type-normal-skin-hr","15":"pa_skin-type-sensitive-skin-hr","16":"pa_skin-type-dry-skin-hr","17":"pa_skin-type-mature-skin-hr","19":"first","20":"instock","21":"taxable","22":"shipping-taxable","23":"purchasable","24":"product-type-simple"},"acf":[],"_links":{"self":[{"href":"https:\/\/divotecosmetics.com\/hr\/wp-json\/wp\/v2\/product\/3481","targetHints":{"allow":["GET"]}}],"collection":[{"href":"https:\/\/divotecosmetics.com\/hr\/wp-json\/wp\/v2\/product"}],"about":[{"href":"https:\/\/divotecosmetics.com\/hr\/wp-json\/wp\/v2\/types\/product"}],"replies":[{"embeddable":true,"href":"https:\/\/divotecosmetics.com\/hr\/wp-json\/wp\/v2\/comments?post=3481"}],"wp:featuredmedia":[{"embeddable":true,"href":"https:\/\/divotecosmetics.com\/hr\/wp-json\/wp\/v2\/media\/3483"}],"wp:attachment":[{"href":"https:\/\/divotecosmetics.com\/hr\/wp-json\/wp\/v2\/media?parent=3481"}],"wp:term":[{"taxonomy":"product_brand","embeddable":true,"href":"https:\/\/divotecosmetics.com\/hr\/wp-json\/wp\/v2\/product_brand?post=3481"},{"taxonomy":"product_cat","embeddable":true,"href":"https:\/\/divotecosmetics.com\/hr\/wp-json\/wp\/v2\/product_cat?post=3481"},{"taxonomy":"product_tag","embeddable":true,"href":"https:\/\/divotecosmetics.com\/hr\/wp-json\/wp\/v2\/product_tag?post=3481"}],"curies":[{"name":"wp","href":"https:\/\/api.w.org\/{rel}","templated":true}]}}