{"id":3475,"date":"2024-09-17T18:01:38","date_gmt":"2024-09-17T16:01:38","guid":{"rendered":"https:\/\/divotecosmetics.com\/?post_type=product&#038;p=3475"},"modified":"2026-02-07T18:40:10","modified_gmt":"2026-02-07T17:40:10","slug":"purito-serum-s-vocnim-ekstraktima-30-ml","status":"publish","type":"product","link":"https:\/\/divotecosmetics.com\/hr\/shop\/njega-koze\/purito-serum-s-vocnim-ekstraktima-30-ml\/","title":{"rendered":"Purito serum s vo\u0107nim ekstraktima 30 ml"},"content":{"rendered":"<p>Otkrijte novu generaciju njege ko\u017ee s seruma s vo\u0107nim ekstraktima (<a href=\"https:\/\/divotecosmetics.com\/hr\/predstavljamo-purito-prirodna-njega-inspirirana-korejskom-tradicijom\/\">Purito<\/a> Clear Code Superfruit serumom) transformativnom formulom osmi\u0161ljenom za uravnote\u017eenje i pro\u010di\u0161\u0107avanje va\u0161eg tena. Oboga\u0107en ekstraktom vo\u0107a Noni, ovaj serum poma\u017ee regulirati proizvodnju sebuma dok umiruje iritaciju, obnavljaju\u0107i mikrobiom va\u0161e ko\u017ee za prirodno blistav sjaj.<\/p>\n<p>&nbsp;<\/p>\n<p>Oboga\u0107en sukcinatnom kiselinom i botani\u010dkim kompleksom, djeluje u harmoniji kako bi smanjio pojavu nepravilnosti i oja\u010dao za\u0161titnu barijeru va\u0161e ko\u017ee. Savr\u0161en za masnu, mje\u0161ovitu i ko\u017eu sklonu aknama, ovaj lagani serum brzo se upija, pru\u017eaju\u0107i dubinsku hidrataciju za mekan i zdrav zavr\u0161ni rezultat. Zakora\u010dite u svijet svjesne <a href=\"https:\/\/divotecosmetics.com\/hr\/njega-koze-u-tridesetima-korejski-njega-za-blistav-i-mladolik-izgled\/\">njege ko\u017ee<\/a> \u2014 veganske, bez okrutnosti i vo\u0111ene najboljim prirodnim sastojcima kako bi va\u0161a ko\u017ea dobila njegu koju zaslu\u017euje.<\/p>\n","protected":false},"excerpt":{"rendered":"<p>Otkrijte novu generaciju njege ko\u017ee s serum s vo\u0107nim ekstraktima (<a href=\"https:\/\/divotecosmetics.com\/hr\/brands\/purito\/\">Purito<\/a> Clear Code Superfruit serum) transformativnom formulom osmi\u0161ljenom za uravnote\u017eenje i pro\u010di\u0161\u0107avanje va\u0161eg tena.<\/p>\n","protected":false},"featured_media":3477,"comment_status":"open","ping_status":"closed","template":"","meta":{"_acf_changed":false,"_seopress_robots_primary_cat":"none","_seopress_titles_title":"Serum s vo\u0107nim ekstraktima Purito - Divote Cosmetics","_seopress_titles_desc":"Serum s vo\u0107nim ekstraktima Purito - otkrijte novu generaciju njege ko\u017ee s  transformativnom formulom osmi\u0161ljenom za pro\u010di\u0161\u0107avanje tena.","_seopress_robots_index":"","inline_featured_image":false},"product_brand":[],"product_cat":[94],"product_tag":[247,120],"class_list":{"0":"post-3475","1":"product","2":"type-product","3":"status-publish","4":"has-post-thumbnail","6":"product_cat-njega-koze","7":"product_tag-acne-care-hr","8":"product_tag-pore-reduction-hr","9":"pa_brands-purito","10":"pa_ingredients-salicylic-acid-hr","11":"pa_product-type-serum-hr","12":"pa_skin-concerns-acne-hr","13":"pa_skin-concerns-pore-care-hr","14":"pa_skin-type-oily-skin-hr","15":"pa_skin-type-normal-skin-hr","16":"pa_skin-type-sensitive-skin-hr","18":"first","19":"instock","20":"taxable","21":"shipping-taxable","22":"purchasable","23":"product-type-simple"},"acf":[],"_links":{"self":[{"href":"https:\/\/divotecosmetics.com\/hr\/wp-json\/wp\/v2\/product\/3475","targetHints":{"allow":["GET"]}}],"collection":[{"href":"https:\/\/divotecosmetics.com\/hr\/wp-json\/wp\/v2\/product"}],"about":[{"href":"https:\/\/divotecosmetics.com\/hr\/wp-json\/wp\/v2\/types\/product"}],"replies":[{"embeddable":true,"href":"https:\/\/divotecosmetics.com\/hr\/wp-json\/wp\/v2\/comments?post=3475"}],"wp:featuredmedia":[{"embeddable":true,"href":"https:\/\/divotecosmetics.com\/hr\/wp-json\/wp\/v2\/media\/3477"}],"wp:attachment":[{"href":"https:\/\/divotecosmetics.com\/hr\/wp-json\/wp\/v2\/media?parent=3475"}],"wp:term":[{"taxonomy":"product_brand","embeddable":true,"href":"https:\/\/divotecosmetics.com\/hr\/wp-json\/wp\/v2\/product_brand?post=3475"},{"taxonomy":"product_cat","embeddable":true,"href":"https:\/\/divotecosmetics.com\/hr\/wp-json\/wp\/v2\/product_cat?post=3475"},{"taxonomy":"product_tag","embeddable":true,"href":"https:\/\/divotecosmetics.com\/hr\/wp-json\/wp\/v2\/product_tag?post=3475"}],"curies":[{"name":"wp","href":"https:\/\/api.w.org\/{rel}","templated":true}]}}